{"id":983,"date":"2024-10-13T10:34:50","date_gmt":"2024-10-13T10:34:50","guid":{"rendered":"https:\/\/www.tepedesign.cz\/?page_id=983"},"modified":"2025-11-24T18:22:44","modified_gmt":"2025-11-24T18:22:44","slug":"pobocky","status":"publish","type":"page","link":"https:\/\/www.znojmo-prenatal.cz\/index.php\/pobocky\/","title":{"rendered":"prenatal"},"content":{"rendered":"\t\t<div data-elementor-type=\"wp-page\" data-elementor-id=\"983\" class=\"elementor elementor-983\">\n\t\t\t\t<div class=\"elementor-element elementor-element-9fcab5b e-flex e-con-boxed e-con e-parent\" data-id=\"9fcab5b\" data-element_type=\"container\" data-e-type=\"container\">\n\t\t\t\t\t<div class=\"e-con-inner\">\n\t\t\t\t<div class=\"elementor-element elementor-element-9a7dc41 elementor-widget elementor-widget-spacer\" data-id=\"9a7dc41\" data-element_type=\"widget\" data-e-type=\"widget\" data-widget_type=\"spacer.default\">\n\t\t\t\t<div class=\"elementor-widget-container\">\n\t\t\t\t\t\t\t<div class=\"elementor-spacer\">\n\t\t\t<div class=\"elementor-spacer-inner\"><\/div>\n\t\t<\/div>\n\t\t\t\t\t\t<\/div>\n\t\t\t\t<\/div>\n\t\t\t\t<div class=\"elementor-element elementor-element-5980c8b elementor-widget elementor-widget-spacer\" data-id=\"5980c8b\" data-element_type=\"widget\" data-e-type=\"widget\" data-widget_type=\"spacer.default\">\n\t\t\t\t<div class=\"elementor-widget-container\">\n\t\t\t\t\t\t\t<div class=\"elementor-spacer\">\n\t\t\t<div class=\"elementor-spacer-inner\"><\/div>\n\t\t<\/div>\n\t\t\t\t\t\t<\/div>\n\t\t\t\t<\/div>\n\t\t\t\t<div class=\"elementor-element elementor-element-782f8f7 elementor-widget elementor-widget-spacer\" data-id=\"782f8f7\" data-element_type=\"widget\" data-e-type=\"widget\" data-widget_type=\"spacer.default\">\n\t\t\t\t<div class=\"elementor-widget-container\">\n\t\t\t\t\t\t\t<div class=\"elementor-spacer\">\n\t\t\t<div class=\"elementor-spacer-inner\"><\/div>\n\t\t<\/div>\n\t\t\t\t\t\t<\/div>\n\t\t\t\t<\/div>\n\t\t\t\t<div class=\"elementor-element elementor-element-75353ea elementor-widget elementor-widget-heading\" data-id=\"75353ea\" data-element_type=\"widget\" data-e-type=\"widget\" data-widget_type=\"heading.default\">\n\t\t\t\t<div class=\"elementor-widget-container\">\n\t\t\t\t\t<h2 class=\"elementor-heading-title elementor-size-default\">Kontakty<\/h2>\t\t\t\t<\/div>\n\t\t\t\t<\/div>\n\t\t\t\t<div class=\"elementor-element elementor-element-5cbe48a elementor-widget-divider--view-line elementor-widget elementor-widget-divider\" data-id=\"5cbe48a\" data-element_type=\"widget\" data-e-type=\"widget\" data-widget_type=\"divider.default\">\n\t\t\t\t<div class=\"elementor-widget-container\">\n\t\t\t\t\t\t\t<div class=\"elementor-divider\">\n\t\t\t<span class=\"elementor-divider-separator\">\n\t\t\t\t\t\t<\/span>\n\t\t<\/div>\n\t\t\t\t\t\t<\/div>\n\t\t\t\t<\/div>\n\t\t\t\t\t<\/div>\n\t\t\t\t<\/div>\n\t\t<div class=\"elementor-element elementor-element-c7a9655 e-con-full e-flex e-con e-child\" data-id=\"c7a9655\" data-element_type=\"container\" data-e-type=\"container\">\n\t\t\t\t<div class=\"elementor-element elementor-element-13b7a0d elementor-widget elementor-widget-text-editor\" data-id=\"13b7a0d\" data-element_type=\"widget\" data-e-type=\"widget\" data-widget_type=\"text-editor.default\">\n\t\t\t\t<div class=\"elementor-widget-container\">\n\t\t\t\t\t\t\t\t\t<h2><strong>Centrum prenat\u00e1ln\u00ed diagnostiky s. r. o.<\/strong><\/h2><h3><strong><img decoding=\"async\" src=\"data:image\/png;base64,iVBORw0KGgoAAAANSUhEUgAAABgAAAAYCAYAAADgdz34AAAACXBIWXMAAAsTAAALEwEAmpwYAAAA6UlEQVR4nOWUPQrCQBCFv0sYbNVO7FVQT6GVhXfR3EGiBxAsBQuvIKLewVbxtxEhEWGFEMa4m01A8INXzex7E4YJ\/AMO4AIb4Ka0BgaqZkUHuADBB71qbRtzP8b8LT9JiPNl8iCiM5AzCXAFkyPgKZ2Eet8kYCuYF0L1ohDyWrw218jjodDjCQvXJjqdJ\/SMha\/UZiU8LobqJWGIpe2ST8BIyXrJFc0bCEK3UMaQhUHAnARUDS65TkKmGgETLMgDhxjzveqxohcT0CUl5oL5jBRxgF3IfGf699ShBtyBB9AgI1pAMyvz3+QJEhun0b2+5ZgAAAAASUVORK5CYII=\" \/> <\/strong>Jana Palacha 11 &#8211; 669\u00a0 02 Znojmo<\/h3><h4><strong><img decoding=\"async\" class=\"\" src=\"data:image\/png;base64,iVBORw0KGgoAAAANSUhEUgAAAB4AAAAeCAYAAAA7MK6iAAAACXBIWXMAAAsTAAALEwEAmpwYAAABIElEQVR4nO3VwSoFURwH4A+h2FAUz3ElS0l5CgsWNrJjKxs2XoDuAygegFhZiMJKdq4dC5KUhY2uTo263c4dZM50F\/dXv83M1NfMnPM\/dNIGWcQdrjBaFrqFekOrZaBzTWjoJyqp4ZMIHHqGrpTwWws4dD4l\/JIDP2AwFXyRA4dOpoLXctBb9KaCx\/HeAp6ROBsRNAyS5BnEfRP8hOEy8Al8NOGn6C8DX4l88r3Ug+Q7uxF8WwnpwUEE38nuNSZstSkMFIX34TCCH2Eoe2YaN9n1Ryyhu6iVfhzBn3Gdc7BUinrz\/R9GauxIrWLkv3hP9n\/rf+ylgrIc2ed5rSl4yNR+CS8oOGHRreccLKGbEmYMqzjP5vprtt1mU6KdtG++AA\/oqGgeE678AAAAAElFTkSuQmCC\" width=\"25\" height=\"25\" \/> +420 722 984 959<\/strong><\/h4><h4><strong><img decoding=\"async\" class=\"alignnone\" src=\"data:image\/png;base64,iVBORw0KGgoAAAANSUhEUgAAABgAAAAYCAYAAADgdz34AAAACXBIWXMAAAsTAAALEwEAmpwYAAAA5ElEQVR4nO3TvUpDQRAF4M+gVYhgpyAIlha29hZpJNr4DBZaWOYhUplHsEwbfQCrtCkDFsHCUlTQRsWEwAgL3vyZBEXugWWZnZlzmJkdcvwl9OZ8vqExR\/IrQ3CA7gzE9zgeRr4WdxE1vE9B\/IE6VoOjlCXwgBMshb2L1gTkbewlPBXcZQl8JdxgJ94KIfqcQfyKKpYjdhvXo4acJr\/hIto1wAYuE38TW+FbwTlexv2irPJvUU5iDnGU2PvoTPpNR\/W5ic0kdj0q+pxmD8YN8wlnOMXjTxZt4ZvcywX8+xbl+B30AZBfEM6vEs7wAAAAAElFTkSuQmCC\" alt=\"\" width=\"24\" height=\"24\" \/> <\/strong><strong>info@znojmo-prenatal.cz\u00a0<\/strong><\/h4>\t\t\t\t\t\t\t\t<\/div>\n\t\t\t\t<\/div>\n\t\t\t\t<\/div>\n\t\t<div class=\"elementor-element elementor-element-058a024 e-flex e-con-boxed e-con e-parent\" data-id=\"058a024\" data-element_type=\"container\" data-e-type=\"container\">\n\t\t\t\t\t<div class=\"e-con-inner\">\n\t\t\t\t<div class=\"elementor-element elementor-element-bd66919 elementor-widget elementor-widget-spacer\" data-id=\"bd66919\" data-element_type=\"widget\" data-e-type=\"widget\" data-widget_type=\"spacer.default\">\n\t\t\t\t<div class=\"elementor-widget-container\">\n\t\t\t\t\t\t\t<div class=\"elementor-spacer\">\n\t\t\t<div class=\"elementor-spacer-inner\"><\/div>\n\t\t<\/div>\n\t\t\t\t\t\t<\/div>\n\t\t\t\t<\/div>\n\t\t\t\t<div class=\"elementor-element elementor-element-da23e7a elementor-widget__width-initial elementor-widget elementor-widget-heading\" data-id=\"da23e7a\" data-element_type=\"widget\" data-e-type=\"widget\" data-widget_type=\"heading.default\">\n\t\t\t\t<div class=\"elementor-widget-container\">\n\t\t\t\t\t<h2 class=\"elementor-heading-title elementor-size-default\">Ordina\u010dn\u00ed doba<\/h2>\t\t\t\t<\/div>\n\t\t\t\t<\/div>\n\t\t\t\t<div class=\"elementor-element elementor-element-5ef0bb9 elementor-widget elementor-widget-spacer\" data-id=\"5ef0bb9\" data-element_type=\"widget\" data-e-type=\"widget\" data-widget_type=\"spacer.default\">\n\t\t\t\t<div class=\"elementor-widget-container\">\n\t\t\t\t\t\t\t<div class=\"elementor-spacer\">\n\t\t\t<div class=\"elementor-spacer-inner\"><\/div>\n\t\t<\/div>\n\t\t\t\t\t\t<\/div>\n\t\t\t\t<\/div>\n\t\t\t\t\t<\/div>\n\t\t\t\t<\/div>\n\t\t<div class=\"elementor-element elementor-element-debee36 e-flex e-con-boxed e-con e-parent\" data-id=\"debee36\" data-element_type=\"container\" data-e-type=\"container\">\n\t\t\t\t\t<div class=\"e-con-inner\">\n\t\t\t\t<div class=\"elementor-element elementor-element-618a191 elementor-widget elementor-widget-text-editor\" data-id=\"618a191\" data-element_type=\"widget\" data-e-type=\"widget\" data-widget_type=\"text-editor.default\">\n\t\t\t\t<div class=\"elementor-widget-container\">\n\t\t\t\t\t\t\t\t\t<h2 style=\"text-align: center;\"><strong>Ultrazvukov\u00e1 ambulance \u2013 superkonzili\u00e1rn\u00ed vy\u0161et\u0159en\u00ed<\/strong><\/h2><h4 style=\"text-align: center;\">POND\u011aL\u00cd \u2013 13.00 \u2013 15.30<\/h4><h4 style=\"text-align: center;\">ST\u0158EDA \u2013 7.30 \u2013 12.00, 13.00 \u2013 15.30<\/h4><h4 style=\"text-align: center;\">\u010cTVRTEK \u2013 7.30 \u2013 12.00<\/h4><h2 style=\"text-align: center;\"><strong>Genetick\u00e1 ambulance<\/strong><\/h2><h4 style=\"text-align: center;\">\u010cTVRTEK \u2013 7.30 \u2013 12.00<\/h4>\t\t\t\t\t\t\t\t<\/div>\n\t\t\t\t<\/div>\n\t\t\t\t<div class=\"elementor-element elementor-element-740c835 elementor-widget elementor-widget-spacer\" data-id=\"740c835\" data-element_type=\"widget\" data-e-type=\"widget\" data-widget_type=\"spacer.default\">\n\t\t\t\t<div class=\"elementor-widget-container\">\n\t\t\t\t\t\t\t<div class=\"elementor-spacer\">\n\t\t\t<div class=\"elementor-spacer-inner\"><\/div>\n\t\t<\/div>\n\t\t\t\t\t\t<\/div>\n\t\t\t\t<\/div>\n\t\t\t\t\t<\/div>\n\t\t\t\t<\/div>\n\t\t\t\t<\/div>\n\t\t","protected":false},"excerpt":{"rendered":"<p>Kontakty Centrum prenat\u00e1ln\u00ed diagnostiky s. r. o. Jana Palacha 11 &#8211; 669\u00a0 02 Znojmo +420 722 984 959 info@znojmo-prenatal.cz\u00a0 Ordina\u010dn\u00ed [&hellip;]<\/p>\n","protected":false},"author":4,"featured_media":0,"parent":0,"menu_order":0,"comment_status":"closed","ping_status":"closed","template":"","meta":{"site-sidebar-layout":"no-sidebar","site-content-layout":"","ast-site-content-layout":"full-width-container","site-content-style":"default","site-sidebar-style":"default","ast-global-header-display":"","ast-banner-title-visibility":"","ast-main-header-display":"","ast-hfb-above-header-display":"","ast-hfb-below-header-display":"","ast-hfb-mobile-header-display":"","site-post-title":"disabled","ast-breadcrumbs-content":"","ast-featured-img":"disabled","footer-sml-layout":"","theme-transparent-header-meta":"","adv-header-id-meta":"","stick-header-meta":"","header-above-stick-meta":"","header-main-stick-meta":"","header-below-stick-meta":"","astra-migrate-meta-layouts":"default","ast-page-background-enabled":"default","ast-page-background-meta":{"desktop":{"background-color":"var(--ast-global-color-4)","background-image":"","background-repeat":"repeat","background-position":"center center","background-size":"auto","background-attachment":"scroll","background-type":"","background-media":"","overlay-type":"","overlay-color":"","overlay-opacity":"","overlay-gradient":""},"tablet":{"background-color":"","background-image":"","background-repeat":"repeat","background-position":"center center","background-size":"auto","background-attachment":"scroll","background-type":"","background-media":"","overlay-type":"","overlay-color":"","overlay-opacity":"","overlay-gradient":""},"mobile":{"background-color":"","background-image":"","background-repeat":"repeat","background-position":"center center","background-size":"auto","background-attachment":"scroll","background-type":"","background-media":"","overlay-type":"","overlay-color":"","overlay-opacity":"","overlay-gradient":""}},"ast-content-background-meta":{"desktop":{"background-color":"var(--ast-global-color-5)","background-image":"","background-repeat":"repeat","background-position":"center center","background-size":"auto","background-attachment":"scroll","background-type":"","background-media":"","overlay-type":"","overlay-color":"","overlay-opacity":"","overlay-gradient":""},"tablet":{"background-color":"var(--ast-global-color-5)","background-image":"","background-repeat":"repeat","background-position":"center center","background-size":"auto","background-attachment":"scroll","background-type":"","background-media":"","overlay-type":"","overlay-color":"","overlay-opacity":"","overlay-gradient":""},"mobile":{"background-color":"var(--ast-global-color-5)","background-image":"","background-repeat":"repeat","background-position":"center center","background-size":"auto","background-attachment":"scroll","background-type":"","background-media":"","overlay-type":"","overlay-color":"","overlay-opacity":"","overlay-gradient":""}},"footnotes":""},"class_list":["post-983","page","type-page","status-publish","hentry"],"_links":{"self":[{"href":"https:\/\/www.znojmo-prenatal.cz\/index.php\/wp-json\/wp\/v2\/pages\/983","targetHints":{"allow":["GET"]}}],"collection":[{"href":"https:\/\/www.znojmo-prenatal.cz\/index.php\/wp-json\/wp\/v2\/pages"}],"about":[{"href":"https:\/\/www.znojmo-prenatal.cz\/index.php\/wp-json\/wp\/v2\/types\/page"}],"author":[{"embeddable":true,"href":"https:\/\/www.znojmo-prenatal.cz\/index.php\/wp-json\/wp\/v2\/users\/4"}],"replies":[{"embeddable":true,"href":"https:\/\/www.znojmo-prenatal.cz\/index.php\/wp-json\/wp\/v2\/comments?post=983"}],"version-history":[{"count":47,"href":"https:\/\/www.znojmo-prenatal.cz\/index.php\/wp-json\/wp\/v2\/pages\/983\/revisions"}],"predecessor-version":[{"id":2932,"href":"https:\/\/www.znojmo-prenatal.cz\/index.php\/wp-json\/wp\/v2\/pages\/983\/revisions\/2932"}],"wp:attachment":[{"href":"https:\/\/www.znojmo-prenatal.cz\/index.php\/wp-json\/wp\/v2\/media?parent=983"}],"curies":[{"name":"wp","href":"https:\/\/api.w.org\/{rel}","templated":true}]}}