{"id":93,"date":"2017-09-06T19:27:01","date_gmt":"2017-09-06T19:27:01","guid":{"rendered":"http:\/\/www.tepedesign.cz\/?page_id=93"},"modified":"2025-07-25T13:41:40","modified_gmt":"2025-07-25T13:41:40","slug":"centrum-onkologicke-prevence-znojmo","status":"publish","type":"page","link":"https:\/\/www.znojmo-prenatal.cz\/index.php\/centrum-onkologicke-prevence-znojmo\/","title":{"rendered":"Centrum onkologick\u00e9 prevence Znojmo"},"content":{"rendered":"\t\t<div data-elementor-type=\"wp-page\" data-elementor-id=\"93\" class=\"elementor elementor-93\">\n\t\t\t\t<div class=\"elementor-element elementor-element-26e9064 e-flex e-con-boxed e-con e-parent\" data-id=\"26e9064\" data-element_type=\"container\" data-e-type=\"container\">\n\t\t\t\t\t<div class=\"e-con-inner\">\n\t\t\t\t<div class=\"elementor-element elementor-element-67dd2aa elementor-widget elementor-widget-spacer\" data-id=\"67dd2aa\" data-element_type=\"widget\" data-e-type=\"widget\" data-widget_type=\"spacer.default\">\n\t\t\t\t<div class=\"elementor-widget-container\">\n\t\t\t\t\t\t\t<div class=\"elementor-spacer\">\n\t\t\t<div class=\"elementor-spacer-inner\"><\/div>\n\t\t<\/div>\n\t\t\t\t\t\t<\/div>\n\t\t\t\t<\/div>\n\t\t\t\t<div class=\"elementor-element elementor-element-a5b673c elementor-widget elementor-widget-spacer\" data-id=\"a5b673c\" data-element_type=\"widget\" data-e-type=\"widget\" data-widget_type=\"spacer.default\">\n\t\t\t\t<div class=\"elementor-widget-container\">\n\t\t\t\t\t\t\t<div class=\"elementor-spacer\">\n\t\t\t<div class=\"elementor-spacer-inner\"><\/div>\n\t\t<\/div>\n\t\t\t\t\t\t<\/div>\n\t\t\t\t<\/div>\n\t\t\t\t<div class=\"elementor-element elementor-element-277163c elementor-widget elementor-widget-spacer\" data-id=\"277163c\" data-element_type=\"widget\" data-e-type=\"widget\" data-widget_type=\"spacer.default\">\n\t\t\t\t<div class=\"elementor-widget-container\">\n\t\t\t\t\t\t\t<div class=\"elementor-spacer\">\n\t\t\t<div class=\"elementor-spacer-inner\"><\/div>\n\t\t<\/div>\n\t\t\t\t\t\t<\/div>\n\t\t\t\t<\/div>\n\t\t\t\t<div class=\"elementor-element elementor-element-2f49435 elementor-widget elementor-widget-heading\" data-id=\"2f49435\" data-element_type=\"widget\" data-e-type=\"widget\" data-widget_type=\"heading.default\">\n\t\t\t\t<div class=\"elementor-widget-container\">\n\t\t\t\t\t<h2 class=\"elementor-heading-title elementor-size-default\">Centrum onkologick\u00e9 prevence Znojmo<\/h2>\t\t\t\t<\/div>\n\t\t\t\t<\/div>\n\t\t\t\t<div class=\"elementor-element elementor-element-6246e4d elementor-widget-divider--view-line elementor-widget elementor-widget-divider\" data-id=\"6246e4d\" data-element_type=\"widget\" data-e-type=\"widget\" data-widget_type=\"divider.default\">\n\t\t\t\t<div class=\"elementor-widget-container\">\n\t\t\t\t\t\t\t<div class=\"elementor-divider\">\n\t\t\t<span class=\"elementor-divider-separator\">\n\t\t\t\t\t\t<\/span>\n\t\t<\/div>\n\t\t\t\t\t\t<\/div>\n\t\t\t\t<\/div>\n\t\t\t\t<div class=\"elementor-element elementor-element-ae2c4bc elementor-widget elementor-widget-spacer\" data-id=\"ae2c4bc\" data-element_type=\"widget\" data-e-type=\"widget\" data-widget_type=\"spacer.default\">\n\t\t\t\t<div class=\"elementor-widget-container\">\n\t\t\t\t\t\t\t<div class=\"elementor-spacer\">\n\t\t\t<div class=\"elementor-spacer-inner\"><\/div>\n\t\t<\/div>\n\t\t\t\t\t\t<\/div>\n\t\t\t\t<\/div>\n\t\t\t\t\t<\/div>\n\t\t\t\t<\/div>\n\t\t<div class=\"elementor-element elementor-element-a837eda e-flex e-con-boxed e-con e-parent\" data-id=\"a837eda\" data-element_type=\"container\" data-e-type=\"container\">\n\t\t\t\t\t<div class=\"e-con-inner\">\n\t\t\t\t<div class=\"elementor-element elementor-element-bbe8a24 elementor-widget elementor-widget-text-editor\" data-id=\"bbe8a24\" data-element_type=\"widget\" data-e-type=\"widget\" data-widget_type=\"text-editor.default\">\n\t\t\t\t<div class=\"elementor-widget-container\">\n\t\t\t\t\t\t\t\t\t<h2>V centru onkologick\u00e9 prevence se zam\u011b\u0159ujeme na diagnostiku a l\u00e9\u010dbu \u017een s p\u0159edn\u00e1dorov\u00fdmi stavy d\u011blo\u017en\u00edho hrdla, pochvy a vulvy.<\/h2><p><span style=\"color: #000000;\">Jedn\u00e1 se o specializovanou konzili\u00e1rn\u00ed ambulanci vedenou l\u00e9ka\u0159kou <strong>Dagmar Chochol\u00e1\u010dkovou<\/strong> s funk\u010dn\u00ed licenc\u00ed pro expertn\u00ed kolposkopii a diagnostiku p\u0159edn\u00e1dorov\u00fdch zm\u011bn na vulv\u011b, v pochv\u011b a \u010d\u00edpku d\u011blo\u017en\u00edm.<\/span><\/p><p><span style=\"color: #000000;\">Zam\u011b\u0159ujeme se na v\u00fd\u0161e uvedenou diagnostiku, jej\u00ed\u017e sou\u010d\u00e1st\u00ed je kolposkopick\u00e9 vy\u0161et\u0159en\u00ed a st\u011br na onkologickou cytologii (nebolestiv\u00fd st\u011br z hrdla d\u011blo\u017en\u00edho na p\u0159\u00edtomnost rizikov\u00fdch kmen\u016f papillomavir\u016f, kter\u00e9 maj\u00ed potenci\u00e1l zp\u016fsobit rakovinu d\u011blo\u017en\u00edho \u010d\u00edpku).<\/span><\/p><p><span style=\"color: #000000;\">V\u00a0p\u0159\u00edpad\u011b abnorm\u00e1ln\u00edho kolposkopick\u00e9ho n\u00e1lezu (mikroskopick\u00e9 vy\u0161et\u0159en\u00ed \u010d\u00edpku) \u010di abnorm\u00e1ln\u00edho v\u00fdsledku cytologie \u00a0nab\u00edz\u00edme odb\u011br vzorku z\u00a0\u010d\u00edpku na histologick\u00e9 vy\u0161et\u0159en\u00ed \u2013 tzv. biopsii. P\u0159i potvrzen\u00ed n\u00e1lezu p\u0159edn\u00e1dorov\u00fdch zm\u011bn se s\u00a0pacientkou domlouv\u00e1me na o\u0161et\u0159en\u00ed v\u00a0lok\u00e1ln\u00ed nebo celkov\u00e9 anestezii ve spolupracuj\u00edc\u00edm zdravotnick\u00e9m za\u0159\u00edzen\u00ed.<\/span><\/p>\t\t\t\t\t\t\t\t<\/div>\n\t\t\t\t<\/div>\n\t\t\t\t\t<\/div>\n\t\t\t\t<\/div>\n\t\t<div class=\"elementor-element elementor-element-f2ebaf9 e-flex e-con-boxed e-con e-parent\" data-id=\"f2ebaf9\" data-element_type=\"container\" data-e-type=\"container\">\n\t\t\t\t\t<div class=\"e-con-inner\">\n\t\t<div class=\"elementor-element elementor-element-cb7d5e2 e-con-full e-flex e-con e-child\" data-id=\"cb7d5e2\" data-element_type=\"container\" data-e-type=\"container\">\n\t\t\t\t<div class=\"elementor-element elementor-element-ed8735a elementor-widget elementor-widget-text-editor\" data-id=\"ed8735a\" data-element_type=\"widget\" data-e-type=\"widget\" data-widget_type=\"text-editor.default\">\n\t\t\t\t<div class=\"elementor-widget-container\">\n\t\t\t\t\t\t\t\t\t<h4>\u00a0<\/h4><h3><strong><img decoding=\"async\" src=\"data:image\/png;base64,iVBORw0KGgoAAAANSUhEUgAAABgAAAAYCAYAAADgdz34AAAACXBIWXMAAAsTAAALEwEAmpwYAAAA6UlEQVR4nOWUPQrCQBCFv0sYbNVO7FVQT6GVhXfR3EGiBxAsBQuvIKLewVbxtxEhEWGFEMa4m01A8INXzex7E4YJ\/AMO4AIb4Ka0BgaqZkUHuADBB71qbRtzP8b8LT9JiPNl8iCiM5AzCXAFkyPgKZ2Eet8kYCuYF0L1ohDyWrw218jjodDjCQvXJjqdJ\/SMha\/UZiU8LobqJWGIpe2ST8BIyXrJFc0bCEK3UMaQhUHAnARUDS65TkKmGgETLMgDhxjzveqxohcT0CUl5oL5jBRxgF3IfGf699ShBtyBB9AgI1pAMyvz3+QJEhun0b2+5ZgAAAAASUVORK5CYII=\" \/> <\/strong>Jana Palacha 11- 66902 Znojmo<\/h3><h6><strong>I\u010c: 25529897<\/strong><\/h6><h4><strong><img decoding=\"async\" class=\"\" src=\"data:image\/png;base64,iVBORw0KGgoAAAANSUhEUgAAAB4AAAAeCAYAAAA7MK6iAAAACXBIWXMAAAsTAAALEwEAmpwYAAABIElEQVR4nO3VwSoFURwH4A+h2FAUz3ElS0l5CgsWNrJjKxs2XoDuAygegFhZiMJKdq4dC5KUhY2uTo263c4dZM50F\/dXv83M1NfMnPM\/dNIGWcQdrjBaFrqFekOrZaBzTWjoJyqp4ZMIHHqGrpTwWws4dD4l\/JIDP2AwFXyRA4dOpoLXctBb9KaCx\/HeAp6ROBsRNAyS5BnEfRP8hOEy8Al8NOGn6C8DX4l88r3Ug+Q7uxF8WwnpwUEE38nuNSZstSkMFIX34TCCH2Eoe2YaN9n1Ryyhu6iVfhzBn3Gdc7BUinrz\/R9GauxIrWLkv3hP9n\/rf+ylgrIc2ed5rSl4yNR+CS8oOGHRreccLKGbEmYMqzjP5vprtt1mU6KdtG++AA\/oqGgeE678AAAAAElFTkSuQmCC\" width=\"25\" height=\"25\" \/> +420 722 984 959<\/strong><\/h4><h4><strong><img decoding=\"async\" class=\"alignnone\" src=\"data:image\/png;base64,iVBORw0KGgoAAAANSUhEUgAAABgAAAAYCAYAAADgdz34AAAACXBIWXMAAAsTAAALEwEAmpwYAAAA5ElEQVR4nO3TvUpDQRAF4M+gVYhgpyAIlha29hZpJNr4DBZaWOYhUplHsEwbfQCrtCkDFsHCUlTQRsWEwAgL3vyZBEXugWWZnZlzmJkdcvwl9OZ8vqExR\/IrQ3CA7gzE9zgeRr4WdxE1vE9B\/IE6VoOjlCXwgBMshb2L1gTkbewlPBXcZQl8JdxgJ94KIfqcQfyKKpYjdhvXo4acJr\/hIto1wAYuE38TW+FbwTlexv2irPJvUU5iDnGU2PvoTPpNR\/W5ic0kdj0q+pxmD8YN8wlnOMXjTxZt4ZvcywX8+xbl+B30AZBfEM6vEs7wAAAAAElFTkSuQmCC\" alt=\"\" width=\"24\" height=\"24\" \/> <\/strong><strong>info@znojmo-prenatal.cz\u00a0<\/strong><\/h4>\t\t\t\t\t\t\t\t<\/div>\n\t\t\t\t<\/div>\n\t\t\t\t<\/div>\n\t\t<div class=\"elementor-element elementor-element-9195536 e-con-full e-flex e-con e-child\" data-id=\"9195536\" data-element_type=\"container\" data-e-type=\"container\">\n\t\t\t\t<div class=\"elementor-element elementor-element-eabdbb2 elementor-widget__width-inherit elementor-widget elementor-widget-google_maps\" data-id=\"eabdbb2\" data-element_type=\"widget\" data-e-type=\"widget\" data-widget_type=\"google_maps.default\">\n\t\t\t\t<div class=\"elementor-widget-container\">\n\t\t\t\t\t\t\t<div class=\"elementor-custom-embed\">\n\t\t\t<iframe loading=\"lazy\"\n\t\t\t\t\tsrc=\"https:\/\/maps.google.com\/maps?q=Jana%20Palacha%2011%20669%2002%20Znojmo&#038;t=m&#038;z=16&#038;output=embed&#038;iwloc=near\"\n\t\t\t\t\ttitle=\"Jana Palacha 11 669 02 Znojmo\"\n\t\t\t\t\taria-label=\"Jana Palacha 11 669 02 Znojmo\"\n\t\t\t><\/iframe>\n\t\t<\/div>\n\t\t\t\t\t\t<\/div>\n\t\t\t\t<\/div>\n\t\t\t\t<\/div>\n\t\t\t\t\t<\/div>\n\t\t\t\t<\/div>\n\t\t\t\t<\/div>\n\t\t","protected":false},"excerpt":{"rendered":"<p>Centrum onkologick\u00e9 prevence Znojmo V centru onkologick\u00e9 prevence se zam\u011b\u0159ujeme na diagnostiku a l\u00e9\u010dbu \u017een s p\u0159edn\u00e1dorov\u00fdmi stavy d\u011blo\u017en\u00edho hrdla, [&hellip;]<\/p>\n","protected":false},"author":1,"featured_media":0,"parent":0,"menu_order":0,"comment_status":"closed","ping_status":"closed","template":"","meta":{"site-sidebar-layout":"no-sidebar","site-content-layout":"","ast-site-content-layout":"full-width-container","site-content-style":"default","site-sidebar-style":"default","ast-global-header-display":"","ast-banner-title-visibility":"","ast-main-header-display":"","ast-hfb-above-header-display":"","ast-hfb-below-header-display":"","ast-hfb-mobile-header-display":"","site-post-title":"disabled","ast-breadcrumbs-content":"","ast-featured-img":"disabled","footer-sml-layout":"","theme-transparent-header-meta":"","adv-header-id-meta":"","stick-header-meta":"","header-above-stick-meta":"","header-main-stick-meta":"","header-below-stick-meta":"","astra-migrate-meta-layouts":"default","ast-page-background-enabled":"default","ast-page-background-meta":{"desktop":{"background-color":"var(--ast-global-color-4)","background-image":"","background-repeat":"repeat","background-position":"center center","background-size":"auto","background-attachment":"scroll","background-type":"","background-media":"","overlay-type":"","overlay-color":"","overlay-opacity":"","overlay-gradient":""},"tablet":{"background-color":"","background-image":"","background-repeat":"repeat","background-position":"center center","background-size":"auto","background-attachment":"scroll","background-type":"","background-media":"","overlay-type":"","overlay-color":"","overlay-opacity":"","overlay-gradient":""},"mobile":{"background-color":"","background-image":"","background-repeat":"repeat","background-position":"center center","background-size":"auto","background-attachment":"scroll","background-type":"","background-media":"","overlay-type":"","overlay-color":"","overlay-opacity":"","overlay-gradient":""}},"ast-content-background-meta":{"desktop":{"background-color":"var(--ast-global-color-5)","background-image":"","background-repeat":"repeat","background-position":"center center","background-size":"auto","background-attachment":"scroll","background-type":"","background-media":"","overlay-type":"","overlay-color":"","overlay-opacity":"","overlay-gradient":""},"tablet":{"background-color":"var(--ast-global-color-5)","background-image":"","background-repeat":"repeat","background-position":"center center","background-size":"auto","background-attachment":"scroll","background-type":"","background-media":"","overlay-type":"","overlay-color":"","overlay-opacity":"","overlay-gradient":""},"mobile":{"background-color":"var(--ast-global-color-5)","background-image":"","background-repeat":"repeat","background-position":"center center","background-size":"auto","background-attachment":"scroll","background-type":"","background-media":"","overlay-type":"","overlay-color":"","overlay-opacity":"","overlay-gradient":""}},"footnotes":""},"class_list":["post-93","page","type-page","status-publish","hentry"],"_links":{"self":[{"href":"https:\/\/www.znojmo-prenatal.cz\/index.php\/wp-json\/wp\/v2\/pages\/93","targetHints":{"allow":["GET"]}}],"collection":[{"href":"https:\/\/www.znojmo-prenatal.cz\/index.php\/wp-json\/wp\/v2\/pages"}],"about":[{"href":"https:\/\/www.znojmo-prenatal.cz\/index.php\/wp-json\/wp\/v2\/types\/page"}],"author":[{"embeddable":true,"href":"https:\/\/www.znojmo-prenatal.cz\/index.php\/wp-json\/wp\/v2\/users\/1"}],"replies":[{"embeddable":true,"href":"https:\/\/www.znojmo-prenatal.cz\/index.php\/wp-json\/wp\/v2\/comments?post=93"}],"version-history":[{"count":32,"href":"https:\/\/www.znojmo-prenatal.cz\/index.php\/wp-json\/wp\/v2\/pages\/93\/revisions"}],"predecessor-version":[{"id":2575,"href":"https:\/\/www.znojmo-prenatal.cz\/index.php\/wp-json\/wp\/v2\/pages\/93\/revisions\/2575"}],"wp:attachment":[{"href":"https:\/\/www.znojmo-prenatal.cz\/index.php\/wp-json\/wp\/v2\/media?parent=93"}],"curies":[{"name":"wp","href":"https:\/\/api.w.org\/{rel}","templated":true}]}}