{"id":686,"date":"2024-10-09T14:12:48","date_gmt":"2024-10-09T14:12:48","guid":{"rendered":"https:\/\/www.tepedesign.cz\/?page_id=686"},"modified":"2025-11-24T18:19:54","modified_gmt":"2025-11-24T18:19:54","slug":"ordinacni-doba-gynekologie","status":"publish","type":"page","link":"https:\/\/www.znojmo-prenatal.cz\/index.php\/ordinacni-doba-gynekologie\/","title":{"rendered":"Ordina\u010dn\u00ed doba  gyn"},"content":{"rendered":"\t\t<div data-elementor-type=\"wp-page\" data-elementor-id=\"686\" class=\"elementor elementor-686\">\n\t\t\t\t<div class=\"elementor-element elementor-element-cb7db6f e-flex e-con-boxed e-con e-parent\" data-id=\"cb7db6f\" data-element_type=\"container\" data-e-type=\"container\">\n\t\t\t\t\t<div class=\"e-con-inner\">\n\t\t\t\t<div class=\"elementor-element elementor-element-ccb6b0a elementor-widget elementor-widget-spacer\" data-id=\"ccb6b0a\" data-element_type=\"widget\" data-e-type=\"widget\" data-widget_type=\"spacer.default\">\n\t\t\t\t<div class=\"elementor-widget-container\">\n\t\t\t\t\t\t\t<div class=\"elementor-spacer\">\n\t\t\t<div class=\"elementor-spacer-inner\"><\/div>\n\t\t<\/div>\n\t\t\t\t\t\t<\/div>\n\t\t\t\t<\/div>\n\t\t\t\t<div class=\"elementor-element elementor-element-0c94941 elementor-widget elementor-widget-spacer\" data-id=\"0c94941\" data-element_type=\"widget\" data-e-type=\"widget\" data-widget_type=\"spacer.default\">\n\t\t\t\t<div class=\"elementor-widget-container\">\n\t\t\t\t\t\t\t<div class=\"elementor-spacer\">\n\t\t\t<div class=\"elementor-spacer-inner\"><\/div>\n\t\t<\/div>\n\t\t\t\t\t\t<\/div>\n\t\t\t\t<\/div>\n\t\t\t\t<div class=\"elementor-element elementor-element-7623856 elementor-widget elementor-widget-spacer\" data-id=\"7623856\" data-element_type=\"widget\" data-e-type=\"widget\" data-widget_type=\"spacer.default\">\n\t\t\t\t<div class=\"elementor-widget-container\">\n\t\t\t\t\t\t\t<div class=\"elementor-spacer\">\n\t\t\t<div class=\"elementor-spacer-inner\"><\/div>\n\t\t<\/div>\n\t\t\t\t\t\t<\/div>\n\t\t\t\t<\/div>\n\t\t\t\t<div class=\"elementor-element elementor-element-882f83e elementor-widget elementor-widget-heading\" data-id=\"882f83e\" data-element_type=\"widget\" data-e-type=\"widget\" data-widget_type=\"heading.default\">\n\t\t\t\t<div class=\"elementor-widget-container\">\n\t\t\t\t\t<h2 class=\"elementor-heading-title elementor-size-default\">Ordina\u010dn\u00ed doba l\u00e9ka\u0159\u016f<\/h2>\t\t\t\t<\/div>\n\t\t\t\t<\/div>\n\t\t\t\t<div class=\"elementor-element elementor-element-bfb98c8 elementor-widget-divider--view-line elementor-widget elementor-widget-divider\" data-id=\"bfb98c8\" data-element_type=\"widget\" data-e-type=\"widget\" data-widget_type=\"divider.default\">\n\t\t\t\t<div class=\"elementor-widget-container\">\n\t\t\t\t\t\t\t<div class=\"elementor-divider\">\n\t\t\t<span class=\"elementor-divider-separator\">\n\t\t\t\t\t\t<\/span>\n\t\t<\/div>\n\t\t\t\t\t\t<\/div>\n\t\t\t\t<\/div>\n\t\t\t\t<div class=\"elementor-element elementor-element-92d39f4 elementor-widget elementor-widget-spacer\" data-id=\"92d39f4\" data-element_type=\"widget\" data-e-type=\"widget\" data-widget_type=\"spacer.default\">\n\t\t\t\t<div class=\"elementor-widget-container\">\n\t\t\t\t\t\t\t<div class=\"elementor-spacer\">\n\t\t\t<div class=\"elementor-spacer-inner\"><\/div>\n\t\t<\/div>\n\t\t\t\t\t\t<\/div>\n\t\t\t\t<\/div>\n\t\t\t\t\t<\/div>\n\t\t\t\t<\/div>\n\t\t<div class=\"elementor-element elementor-element-e172aea e-flex e-con-boxed e-con e-parent\" data-id=\"e172aea\" data-element_type=\"container\" data-e-type=\"container\">\n\t\t\t\t\t<div class=\"e-con-inner\">\n\t\t\t\t<div class=\"elementor-element elementor-element-f1fc9ca elementor-widget elementor-widget-text-editor\" data-id=\"f1fc9ca\" data-element_type=\"widget\" data-e-type=\"widget\" data-widget_type=\"text-editor.default\">\n\t\t\t\t<div class=\"elementor-widget-container\">\n\t\t\t\t\t\t\t\t\t<h2><strong>Gynekologick\u00e1 ambulance MUDr. Karel Podzimek<\/strong><\/h2><h3><strong>Spole\u010dn\u00e1 1, Oblekovice<\/strong><\/h3><h4>POND\u011aL\u00cd <strong>&#8211; 7.30 &#8211; 13.30<\/strong><\/h4><h4><strong>\u00daTER\u00dd \u2013 7.30 \u2013 14.00\u00a0<\/strong><\/h4><h4>ST\u0158EDA &#8211; 14.00 &#8211; 17.00<\/h4><h4><strong>\u010cTVRTEK \u2013 7.30 \u2013 14.00\u00a0<\/strong><\/h4>\t\t\t\t\t\t\t\t<\/div>\n\t\t\t\t<\/div>\n\t\t\t\t<div class=\"elementor-element elementor-element-a85a8e7 elementor-widget elementor-widget-spacer\" data-id=\"a85a8e7\" data-element_type=\"widget\" data-e-type=\"widget\" data-widget_type=\"spacer.default\">\n\t\t\t\t<div class=\"elementor-widget-container\">\n\t\t\t\t\t\t\t<div class=\"elementor-spacer\">\n\t\t\t<div class=\"elementor-spacer-inner\"><\/div>\n\t\t<\/div>\n\t\t\t\t\t\t<\/div>\n\t\t\t\t<\/div>\n\t\t\t\t\t<\/div>\n\t\t\t\t<\/div>\n\t\t<div class=\"elementor-element elementor-element-77578a0 e-flex e-con-boxed e-con e-parent\" data-id=\"77578a0\" data-element_type=\"container\" data-e-type=\"container\">\n\t\t\t\t\t<div class=\"e-con-inner\">\n\t\t\t\t<div class=\"elementor-element elementor-element-cb4bfe7 elementor-widget elementor-widget-text-editor\" data-id=\"cb4bfe7\" data-element_type=\"widget\" data-e-type=\"widget\" data-widget_type=\"text-editor.default\">\n\t\t\t\t<div class=\"elementor-widget-container\">\n\t\t\t\t\t\t\t\t\t<h2><strong>Gynekologick\u00e1 ambulance MUDr. Lucie Ku\u010derov\u00e1<\/strong><\/h2><h3>M<strong>alinovsk\u00e9ho 345\/1, Miroslav<\/strong><\/h3><h4>POND\u011aL\u00cd &#8211; 8.00 &#8211; 12.00, 12.30 &#8211; 14.00<\/h4><h4><strong>ST\u0158EDA 8.00 &#8211; 12:00, 12.30 \u2013 14.00\u00a0<\/strong><\/h4><h4>Od 13.00 pouze objednan\u00e9 pacientky<\/h4><h3>J<strong>ana Palacha 11, Znojmo<\/strong><\/h3><h4><strong>\u010cTVRTEK \u2013 7.30 \u2013 12.00\u00a0<\/strong><\/h4>\t\t\t\t\t\t\t\t<\/div>\n\t\t\t\t<\/div>\n\t\t\t\t\t<\/div>\n\t\t\t\t<\/div>\n\t\t<div class=\"elementor-element elementor-element-4d59da2 e-flex e-con-boxed e-con e-parent\" data-id=\"4d59da2\" data-element_type=\"container\" data-e-type=\"container\">\n\t\t\t\t\t<div class=\"e-con-inner\">\n\t\t\t\t<div class=\"elementor-element elementor-element-aab2d5c elementor-widget elementor-widget-spacer\" data-id=\"aab2d5c\" data-element_type=\"widget\" data-e-type=\"widget\" data-widget_type=\"spacer.default\">\n\t\t\t\t<div class=\"elementor-widget-container\">\n\t\t\t\t\t\t\t<div class=\"elementor-spacer\">\n\t\t\t<div class=\"elementor-spacer-inner\"><\/div>\n\t\t<\/div>\n\t\t\t\t\t\t<\/div>\n\t\t\t\t<\/div>\n\t\t\t\t<div class=\"elementor-element elementor-element-6dc6db6 elementor-widget elementor-widget-text-editor\" data-id=\"6dc6db6\" data-element_type=\"widget\" data-e-type=\"widget\" data-widget_type=\"text-editor.default\">\n\t\t\t\t<div class=\"elementor-widget-container\">\n\t\t\t\t\t\t\t\t\t<h2><strong>Gynekologick\u00e1 ambulance MUDr. \u0160\u00e1rka Pavkov\u00e1 Ph.D.<\/strong><\/h2>\n<h3>J<strong>ana Palacha 11, Znojmo<\/strong><\/h3>\n<h4><strong>POND\u011aL\u00cd \u2013 7.00 \u2013 12.00<\/strong>&nbsp;\u2013&nbsp;<strong>ODB\u011aRY, T\u011aHOTN\u00c9<\/strong><\/h4>\n<h4><strong>\u00daTER\u00dd \u2013 10.00 \u2013 12.00, 13.00 \u2013 18.00&nbsp;<\/strong><\/h4>\n<h4><strong>\u010cTVRTEK \u2013 13.00 \u2013 15.30&nbsp;<\/strong><\/h4>\t\t\t\t\t\t\t\t<\/div>\n\t\t\t\t<\/div>\n\t\t\t\t<div class=\"elementor-element elementor-element-56f2119 elementor-widget elementor-widget-spacer\" data-id=\"56f2119\" data-element_type=\"widget\" data-e-type=\"widget\" data-widget_type=\"spacer.default\">\n\t\t\t\t<div class=\"elementor-widget-container\">\n\t\t\t\t\t\t\t<div class=\"elementor-spacer\">\n\t\t\t<div class=\"elementor-spacer-inner\"><\/div>\n\t\t<\/div>\n\t\t\t\t\t\t<\/div>\n\t\t\t\t<\/div>\n\t\t\t\t\t<\/div>\n\t\t\t\t<\/div>\n\t\t<div class=\"elementor-element elementor-element-f750895 e-flex e-con-boxed e-con e-parent\" data-id=\"f750895\" data-element_type=\"container\" data-e-type=\"container\">\n\t\t\t\t\t<div class=\"e-con-inner\">\n\t\t\t\t<div class=\"elementor-element elementor-element-82596e8 elementor-widget elementor-widget-text-editor\" data-id=\"82596e8\" data-element_type=\"widget\" data-e-type=\"widget\" data-widget_type=\"text-editor.default\">\n\t\t\t\t<div class=\"elementor-widget-container\">\n\t\t\t\t\t\t\t\t\t<h2><strong>Gynekologick\u00e1 ambulance MUDr. Lenka Fendrichov\u00e1<\/strong><\/h2>\n<h3><strong>Jana Palacha 11, Znojmo<\/strong><\/h3>\n<h4><strong>POND\u011aL\u00cd \u2013 7.30 \u2013 12.00, 13.00 \u2013 15.30&nbsp;<\/strong><\/h4>\n<h4><strong>ST\u0158EDA \u2013 7.30 \u2013 12.00, 13.00 \u2013 15.30&nbsp;<\/strong><\/h4>\n<h4><strong>P\u00c1TEK (ka\u017ed\u00fd sud\u00fd t\u00fdden) \u2013 7.30 \u2013 13.00&nbsp;<\/strong><\/h4>\t\t\t\t\t\t\t\t<\/div>\n\t\t\t\t<\/div>\n\t\t\t\t\t<\/div>\n\t\t\t\t<\/div>\n\t\t<div class=\"elementor-element elementor-element-3764007 e-flex e-con-boxed e-con e-parent\" data-id=\"3764007\" data-element_type=\"container\" data-e-type=\"container\">\n\t\t\t\t\t<div class=\"e-con-inner\">\n\t\t\t\t<div class=\"elementor-element elementor-element-66f5dd9 elementor-widget elementor-widget-text-editor\" data-id=\"66f5dd9\" data-element_type=\"widget\" data-e-type=\"widget\" data-widget_type=\"text-editor.default\">\n\t\t\t\t<div class=\"elementor-widget-container\">\n\t\t\t\t\t\t\t\t\t<h2><strong>Gynekologick\u00e1 ambulance MUDr. Jana Kou\u0159ilov\u00e1<\/strong><\/h2><h3><strong>Spole\u010dn\u00e1 1, Oblekovice<\/strong><\/h3><h4><strong>POND\u011aL\u00cd \u2013 14.00 \u2013 18.00\u00a0<\/strong><\/h4><h4>\u00a0<\/h4>\t\t\t\t\t\t\t\t<\/div>\n\t\t\t\t<\/div>\n\t\t\t\t\t<\/div>\n\t\t\t\t<\/div>\n\t\t\t\t<\/div>\n\t\t","protected":false},"excerpt":{"rendered":"<p>Ordina\u010dn\u00ed doba l\u00e9ka\u0159\u016f Gynekologick\u00e1 ambulance MUDr. Karel Podzimek Spole\u010dn\u00e1 1, Oblekovice POND\u011aL\u00cd &#8211; 7.30 &#8211; 13.30 \u00daTER\u00dd \u2013 7.30 \u2013 [&hellip;]<\/p>\n","protected":false},"author":4,"featured_media":0,"parent":0,"menu_order":0,"comment_status":"closed","ping_status":"closed","template":"","meta":{"site-sidebar-layout":"no-sidebar","site-content-layout":"","ast-site-content-layout":"full-width-container","site-content-style":"default","site-sidebar-style":"default","ast-global-header-display":"","ast-banner-title-visibility":"","ast-main-header-display":"","ast-hfb-above-header-display":"","ast-hfb-below-header-display":"","ast-hfb-mobile-header-display":"","site-post-title":"disabled","ast-breadcrumbs-content":"","ast-featured-img":"disabled","footer-sml-layout":"","theme-transparent-header-meta":"","adv-header-id-meta":"","stick-header-meta":"","header-above-stick-meta":"","header-main-stick-meta":"","header-below-stick-meta":"","astra-migrate-meta-layouts":"default","ast-page-background-enabled":"default","ast-page-background-meta":{"desktop":{"background-color":"var(--ast-global-color-4)","background-image":"","background-repeat":"repeat","background-position":"center center","background-size":"auto","background-attachment":"scroll","background-type":"","background-media":"","overlay-type":"","overlay-color":"","overlay-opacity":"","overlay-gradient":""},"tablet":{"background-color":"","background-image":"","background-repeat":"repeat","background-position":"center center","background-size":"auto","background-attachment":"scroll","background-type":"","background-media":"","overlay-type":"","overlay-color":"","overlay-opacity":"","overlay-gradient":""},"mobile":{"background-color":"","background-image":"","background-repeat":"repeat","background-position":"center center","background-size":"auto","background-attachment":"scroll","background-type":"","background-media":"","overlay-type":"","overlay-color":"","overlay-opacity":"","overlay-gradient":""}},"ast-content-background-meta":{"desktop":{"background-color":"var(--ast-global-color-5)","background-image":"","background-repeat":"repeat","background-position":"center center","background-size":"auto","background-attachment":"scroll","background-type":"","background-media":"","overlay-type":"","overlay-color":"","overlay-opacity":"","overlay-gradient":""},"tablet":{"background-color":"var(--ast-global-color-5)","background-image":"","background-repeat":"repeat","background-position":"center center","background-size":"auto","background-attachment":"scroll","background-type":"","background-media":"","overlay-type":"","overlay-color":"","overlay-opacity":"","overlay-gradient":""},"mobile":{"background-color":"var(--ast-global-color-5)","background-image":"","background-repeat":"repeat","background-position":"center center","background-size":"auto","background-attachment":"scroll","background-type":"","background-media":"","overlay-type":"","overlay-color":"","overlay-opacity":"","overlay-gradient":""}},"footnotes":""},"class_list":["post-686","page","type-page","status-publish","hentry"],"_links":{"self":[{"href":"https:\/\/www.znojmo-prenatal.cz\/index.php\/wp-json\/wp\/v2\/pages\/686","targetHints":{"allow":["GET"]}}],"collection":[{"href":"https:\/\/www.znojmo-prenatal.cz\/index.php\/wp-json\/wp\/v2\/pages"}],"about":[{"href":"https:\/\/www.znojmo-prenatal.cz\/index.php\/wp-json\/wp\/v2\/types\/page"}],"author":[{"embeddable":true,"href":"https:\/\/www.znojmo-prenatal.cz\/index.php\/wp-json\/wp\/v2\/users\/4"}],"replies":[{"embeddable":true,"href":"https:\/\/www.znojmo-prenatal.cz\/index.php\/wp-json\/wp\/v2\/comments?post=686"}],"version-history":[{"count":25,"href":"https:\/\/www.znojmo-prenatal.cz\/index.php\/wp-json\/wp\/v2\/pages\/686\/revisions"}],"predecessor-version":[{"id":2929,"href":"https:\/\/www.znojmo-prenatal.cz\/index.php\/wp-json\/wp\/v2\/pages\/686\/revisions\/2929"}],"wp:attachment":[{"href":"https:\/\/www.znojmo-prenatal.cz\/index.php\/wp-json\/wp\/v2\/media?parent=686"}],"curies":[{"name":"wp","href":"https:\/\/api.w.org\/{rel}","templated":true}]}}