{"id":572,"date":"2024-10-07T17:11:58","date_gmt":"2024-10-07T17:11:58","guid":{"rendered":"https:\/\/www.tepedesign.cz\/?page_id=572"},"modified":"2025-07-25T14:02:35","modified_gmt":"2025-07-25T14:02:35","slug":"centrum-gynekologicke-pece","status":"publish","type":"page","link":"https:\/\/www.znojmo-prenatal.cz\/index.php\/centrum-gynekologicke-pece\/","title":{"rendered":"Centrum gynekologick\u00e9 p\u00e9\u010de"},"content":{"rendered":"\t\t<div data-elementor-type=\"wp-page\" data-elementor-id=\"572\" class=\"elementor elementor-572\">\n\t\t\t\t<div class=\"elementor-element elementor-element-13aecc0 e-flex e-con-boxed e-con e-parent\" data-id=\"13aecc0\" data-element_type=\"container\" data-e-type=\"container\">\n\t\t\t\t\t<div class=\"e-con-inner\">\n\t\t\t\t<div class=\"elementor-element elementor-element-90f2e13 elementor-widget elementor-widget-spacer\" data-id=\"90f2e13\" data-element_type=\"widget\" data-e-type=\"widget\" data-widget_type=\"spacer.default\">\n\t\t\t\t<div class=\"elementor-widget-container\">\n\t\t\t\t\t\t\t<div class=\"elementor-spacer\">\n\t\t\t<div class=\"elementor-spacer-inner\"><\/div>\n\t\t<\/div>\n\t\t\t\t\t\t<\/div>\n\t\t\t\t<\/div>\n\t\t\t\t<div class=\"elementor-element elementor-element-e2821ec elementor-widget elementor-widget-spacer\" data-id=\"e2821ec\" data-element_type=\"widget\" data-e-type=\"widget\" data-widget_type=\"spacer.default\">\n\t\t\t\t<div class=\"elementor-widget-container\">\n\t\t\t\t\t\t\t<div class=\"elementor-spacer\">\n\t\t\t<div class=\"elementor-spacer-inner\"><\/div>\n\t\t<\/div>\n\t\t\t\t\t\t<\/div>\n\t\t\t\t<\/div>\n\t\t\t\t<div class=\"elementor-element elementor-element-d0daf54 elementor-widget elementor-widget-spacer\" data-id=\"d0daf54\" data-element_type=\"widget\" data-e-type=\"widget\" data-widget_type=\"spacer.default\">\n\t\t\t\t<div class=\"elementor-widget-container\">\n\t\t\t\t\t\t\t<div class=\"elementor-spacer\">\n\t\t\t<div class=\"elementor-spacer-inner\"><\/div>\n\t\t<\/div>\n\t\t\t\t\t\t<\/div>\n\t\t\t\t<\/div>\n\t\t\t\t<div class=\"elementor-element elementor-element-18410a5 elementor-widget elementor-widget-heading\" data-id=\"18410a5\" data-element_type=\"widget\" data-e-type=\"widget\" data-widget_type=\"heading.default\">\n\t\t\t\t<div class=\"elementor-widget-container\">\n\t\t\t\t\t<h2 class=\"elementor-heading-title elementor-size-default\">Centrum gynekologick\u00e9 p\u00e9\u010de Znojmo<\/h2>\t\t\t\t<\/div>\n\t\t\t\t<\/div>\n\t\t\t\t<div class=\"elementor-element elementor-element-2a8967c elementor-widget-divider--view-line elementor-widget elementor-widget-divider\" data-id=\"2a8967c\" data-element_type=\"widget\" data-e-type=\"widget\" data-widget_type=\"divider.default\">\n\t\t\t\t<div class=\"elementor-widget-container\">\n\t\t\t\t\t\t\t<div class=\"elementor-divider\">\n\t\t\t<span class=\"elementor-divider-separator\">\n\t\t\t\t\t\t<\/span>\n\t\t<\/div>\n\t\t\t\t\t\t<\/div>\n\t\t\t\t<\/div>\n\t\t\t\t<div class=\"elementor-element elementor-element-ca0d63f elementor-widget elementor-widget-spacer\" data-id=\"ca0d63f\" data-element_type=\"widget\" data-e-type=\"widget\" data-widget_type=\"spacer.default\">\n\t\t\t\t<div class=\"elementor-widget-container\">\n\t\t\t\t\t\t\t<div class=\"elementor-spacer\">\n\t\t\t<div class=\"elementor-spacer-inner\"><\/div>\n\t\t<\/div>\n\t\t\t\t\t\t<\/div>\n\t\t\t\t<\/div>\n\t\t\t\t\t<\/div>\n\t\t\t\t<\/div>\n\t\t<div class=\"elementor-element elementor-element-d73c1b3 e-flex e-con-boxed e-con e-parent\" data-id=\"d73c1b3\" data-element_type=\"container\" data-e-type=\"container\">\n\t\t\t\t\t<div class=\"e-con-inner\">\n\t\t\t\t<div class=\"elementor-element elementor-element-39e709d elementor-widget elementor-widget-text-editor\" data-id=\"39e709d\" data-element_type=\"widget\" data-e-type=\"widget\" data-widget_type=\"text-editor.default\">\n\t\t\t\t<div class=\"elementor-widget-container\">\n\t\t\t\t\t\t\t\t\t<p class=\"has-medium-font-size\" style=\"text-align: center;\"><span style=\"color: #000000;\">Gynekologick\u00e9 ordinace s dlouholetou prax\u00ed nab\u00edz\u00ed komplexn\u00ed gynekologicko-porodnickou p\u00e9\u010di. Prov\u00e1d\u00edme ultrazvukov\u00e1 vy\u0161et\u0159en\u00ed, db\u00e1me na prevenci onemocn\u011bn\u00ed prsu. Zaji\u0161\u0165ujeme antikoncep\u010dn\u00ed poradnu, prevenci a l\u00e9\u010dbu klimakterick\u00fdch pot\u00ed\u017e\u00ed a o\u010dkov\u00e1n\u00ed proti rakovin\u011b d\u011blo\u017en\u00edho \u010d\u00edpku. \u017den\u00e1m od 50 let v\u011bku nab\u00edz\u00edme tak\u00e9 vy\u0161et\u0159en\u00ed na okultn\u00ed krv\u00e1cen\u00ed do stolice.<\/span><\/p><p class=\"has-medium-font-size\" style=\"text-align: center;\"><span style=\"color: #000000;\">Nab\u00edz\u00edme V\u00e1m p\u00e9\u010di na pracovi\u0161t\u00edch, kter\u00e1 jsou vz\u00e1jemn\u011b propojena.<\/span><\/p><p class=\"has-medium-font-size\" style=\"text-align: center;\"><span style=\"color: #000000;\">Registrac\u00ed u kter\u00e9hokoliv na\u0161eho gynekologa z\u00edsk\u00e1v\u00e1te mo\u017enost vyu\u017e\u00edvat jakoukoliv gynekologickou ambulanci v r\u00e1mci na\u0161eho centra. Nap\u0159. v p\u0159\u00edpad\u011b pot\u00ed\u017e\u00ed lze nav\u0161t\u00edvit l\u00e9ka\u0159e, kter\u00fd zrovna ten den ordinuje a nemus\u00edte \u010dekat, a\u017e bude v ordinaci ten, u kter\u00e9ho jste registrov\u00e1ny.<\/span><\/p>\t\t\t\t\t\t\t\t<\/div>\n\t\t\t\t<\/div>\n\t\t\t\t<div class=\"elementor-element elementor-element-0aa8bf1 elementor-widget elementor-widget-text-editor\" data-id=\"0aa8bf1\" data-element_type=\"widget\" data-e-type=\"widget\" data-widget_type=\"text-editor.default\">\n\t\t\t\t<div class=\"elementor-widget-container\">\n\t\t\t\t\t\t\t\t\t<h3 style=\"text-align: center;\"><strong><span style=\"color: #000000;\">V\u00e1\u017een\u00ed pacienti, dovolujeme si V\u00e1s informovat, \u017ee ke dni 28. 7. 2025 bude ukon\u010den provoz gynekologick\u00e9 ambulance na adrese Nov\u00e1 P\u0159\u00edm\u011btick\u00e1 a Hodonice Obecn\u00ed 404.\u00a0<\/span><\/strong><\/h3><h3 style=\"text-align: center;\"><strong><span style=\"color: #000000;\">Od 4. 8. 2025 V\u00e1s r\u00e1di p\u0159iv\u00edt\u00e1me v nov\u00fdch prostor\u00e1ch na adrese: Spole\u010dn\u00e1 1, Oblekovice D\u011bkujeme za pochopen\u00ed a t\u011b\u0161\u00edme se na Va\u0161i n\u00e1v\u0161t\u011bvu v nov\u00e9 ambulanci.\u00a0<\/span><\/strong><\/h3><h3 style=\"text-align: center;\"><strong><span style=\"color: #000000;\">S pozdravem, T\u00fdm Centra gynekologick\u00e9 p\u00e9\u010de Znojmo<\/span><\/strong><\/h3>\t\t\t\t\t\t\t\t<\/div>\n\t\t\t\t<\/div>\n\t\t\t\t<div class=\"elementor-element elementor-element-91c14fb elementor-widget elementor-widget-spacer\" data-id=\"91c14fb\" data-element_type=\"widget\" data-e-type=\"widget\" data-widget_type=\"spacer.default\">\n\t\t\t\t<div class=\"elementor-widget-container\">\n\t\t\t\t\t\t\t<div class=\"elementor-spacer\">\n\t\t\t<div class=\"elementor-spacer-inner\"><\/div>\n\t\t<\/div>\n\t\t\t\t\t\t<\/div>\n\t\t\t\t<\/div>\n\t\t\t\t<div class=\"elementor-element elementor-element-c70d68b elementor-widget elementor-widget-heading\" data-id=\"c70d68b\" data-element_type=\"widget\" data-e-type=\"widget\" data-widget_type=\"heading.default\">\n\t\t\t\t<div class=\"elementor-widget-container\">\n\t\t\t\t\t<h2 class=\"elementor-heading-title elementor-size-default\">Gynekologick\u00e9 ambulance<\/h2>\t\t\t\t<\/div>\n\t\t\t\t<\/div>\n\t\t\t\t\t<\/div>\n\t\t\t\t<\/div>\n\t\t<div class=\"elementor-element elementor-element-09e5e05 e-grid e-con-boxed e-con e-parent\" data-id=\"09e5e05\" data-element_type=\"container\" data-e-type=\"container\">\n\t\t\t\t\t<div class=\"e-con-inner\">\n\t\t\t\t<div class=\"elementor-element elementor-element-1610f11 elementor-widget elementor-widget-text-editor\" data-id=\"1610f11\" data-element_type=\"widget\" data-e-type=\"widget\" data-widget_type=\"text-editor.default\">\n\t\t\t\t<div class=\"elementor-widget-container\">\n\t\t\t\t\t\t\t\t\t<p style=\"text-align: center;\"><span style=\"color: #000000;\">Jana Palacha 11, Znojmo<\/span><\/p>\t\t\t\t\t\t\t\t<\/div>\n\t\t\t\t<\/div>\n\t\t\t\t<div class=\"elementor-element elementor-element-49e8525 elementor-widget elementor-widget-text-editor\" data-id=\"49e8525\" data-element_type=\"widget\" data-e-type=\"widget\" data-widget_type=\"text-editor.default\">\n\t\t\t\t<div class=\"elementor-widget-container\">\n\t\t\t\t\t\t\t\t\t<p><span style=\"color: #000000;\">Spole\u010dn\u00e1 1, Oblekovice<\/span><\/p>\t\t\t\t\t\t\t\t<\/div>\n\t\t\t\t<\/div>\n\t\t\t\t<div class=\"elementor-element elementor-element-8959b5e elementor-widget elementor-widget-text-editor\" data-id=\"8959b5e\" data-element_type=\"widget\" data-e-type=\"widget\" data-widget_type=\"text-editor.default\">\n\t\t\t\t<div class=\"elementor-widget-container\">\n\t\t\t\t\t\t\t\t\t<p><span style=\"color: #000000;\">Malinovsk\u00e9ho 345\/1, Miroslav<\/span><\/p>\t\t\t\t\t\t\t\t<\/div>\n\t\t\t\t<\/div>\n\t\t\t\t\t<\/div>\n\t\t\t\t<\/div>\n\t\t<div class=\"elementor-element elementor-element-08d268d e-flex e-con-boxed e-con e-parent\" data-id=\"08d268d\" data-element_type=\"container\" data-e-type=\"container\">\n\t\t\t\t\t<div class=\"e-con-inner\">\n\t\t<div class=\"elementor-element elementor-element-47a784d e-con-full e-flex e-con e-child\" data-id=\"47a784d\" data-element_type=\"container\" data-e-type=\"container\">\n\t\t\t\t<div class=\"elementor-element elementor-element-62f2aa5 elementor-widget elementor-widget-text-editor\" data-id=\"62f2aa5\" data-element_type=\"widget\" data-e-type=\"widget\" data-widget_type=\"text-editor.default\">\n\t\t\t\t<div class=\"elementor-widget-container\">\n\t\t\t\t\t\t\t\t\t<h4>Pobo\u010dka Znojmo<\/h4><h3><strong><img decoding=\"async\" src=\"data:image\/png;base64,iVBORw0KGgoAAAANSUhEUgAAABgAAAAYCAYAAADgdz34AAAACXBIWXMAAAsTAAALEwEAmpwYAAAA6UlEQVR4nOWUPQrCQBCFv0sYbNVO7FVQT6GVhXfR3EGiBxAsBQuvIKLewVbxtxEhEWGFEMa4m01A8INXzex7E4YJ\/AMO4AIb4Ka0BgaqZkUHuADBB71qbRtzP8b8LT9JiPNl8iCiM5AzCXAFkyPgKZ2Eet8kYCuYF0L1ohDyWrw218jjodDjCQvXJjqdJ\/SMha\/UZiU8LobqJWGIpe2ST8BIyXrJFc0bCEK3UMaQhUHAnARUDS65TkKmGgETLMgDhxjzveqxohcT0CUl5oL5jBRxgF3IfGf699ShBtyBB9AgI1pAMyvz3+QJEhun0b2+5ZgAAAAASUVORK5CYII=\" \/> <\/strong>Jana Palacha 11- 66902 Znojmo<\/h3><h3><strong><img decoding=\"async\" src=\"data:image\/png;base64,iVBORw0KGgoAAAANSUhEUgAAABgAAAAYCAYAAADgdz34AAAACXBIWXMAAAsTAAALEwEAmpwYAAAA6UlEQVR4nOWUPQrCQBCFv0sYbNVO7FVQT6GVhXfR3EGiBxAsBQuvIKLewVbxtxEhEWGFEMa4m01A8INXzex7E4YJ\/AMO4AIb4Ka0BgaqZkUHuADBB71qbRtzP8b8LT9JiPNl8iCiM5AzCXAFkyPgKZ2Eet8kYCuYF0L1ohDyWrw218jjodDjCQvXJjqdJ\/SMha\/UZiU8LobqJWGIpe2ST8BIyXrJFc0bCEK3UMaQhUHAnARUDS65TkKmGgETLMgDhxjzveqxohcT0CUl5oL5jBRxgF3IfGf699ShBtyBB9AgI1pAMyvz3+QJEhun0b2+5ZgAAAAASUVORK5CYII=\" \/> Veve\u0159\u00ed 39 &#8211; <\/strong><strong>602 00 Brno<\/strong><\/h3><h6><strong>I\u010c: 25529897<\/strong><\/h6><h4><strong><img decoding=\"async\" class=\"\" src=\"data:image\/png;base64,iVBORw0KGgoAAAANSUhEUgAAAB4AAAAeCAYAAAA7MK6iAAAACXBIWXMAAAsTAAALEwEAmpwYAAABIElEQVR4nO3VwSoFURwH4A+h2FAUz3ElS0l5CgsWNrJjKxs2XoDuAygegFhZiMJKdq4dC5KUhY2uTo263c4dZM50F\/dXv83M1NfMnPM\/dNIGWcQdrjBaFrqFekOrZaBzTWjoJyqp4ZMIHHqGrpTwWws4dD4l\/JIDP2AwFXyRA4dOpoLXctBb9KaCx\/HeAp6ROBsRNAyS5BnEfRP8hOEy8Al8NOGn6C8DX4l88r3Ug+Q7uxF8WwnpwUEE38nuNSZstSkMFIX34TCCH2Eoe2YaN9n1Ryyhu6iVfhzBn3Gdc7BUinrz\/R9GauxIrWLkv3hP9n\/rf+ylgrIc2ed5rSl4yNR+CS8oOGHRreccLKGbEmYMqzjP5vprtt1mU6KdtG++AA\/oqGgeE678AAAAAElFTkSuQmCC\" width=\"25\" height=\"25\" \/> +420 722 984 959<\/strong><\/h4><h4><strong><img decoding=\"async\" class=\"alignnone\" src=\"data:image\/png;base64,iVBORw0KGgoAAAANSUhEUgAAABgAAAAYCAYAAADgdz34AAAACXBIWXMAAAsTAAALEwEAmpwYAAAA5ElEQVR4nO3TvUpDQRAF4M+gVYhgpyAIlha29hZpJNr4DBZaWOYhUplHsEwbfQCrtCkDFsHCUlTQRsWEwAgL3vyZBEXugWWZnZlzmJkdcvwl9OZ8vqExR\/IrQ3CA7gzE9zgeRr4WdxE1vE9B\/IE6VoOjlCXwgBMshb2L1gTkbewlPBXcZQl8JdxgJ94KIfqcQfyKKpYjdhvXo4acJr\/hIto1wAYuE38TW+FbwTlexv2irPJvUU5iDnGU2PvoTPpNR\/W5ic0kdj0q+pxmD8YN8wlnOMXjTxZt4ZvcywX8+xbl+B30AZBfEM6vEs7wAAAAAElFTkSuQmCC\" alt=\"\" width=\"24\" height=\"24\" \/> <\/strong><strong>info@znojmo-prenatal.cz\u00a0<\/strong><\/h4>\t\t\t\t\t\t\t\t<\/div>\n\t\t\t\t<\/div>\n\t\t\t\t<\/div>\n\t\t<div class=\"elementor-element elementor-element-5133c2e e-con-full e-flex e-con e-child\" data-id=\"5133c2e\" data-element_type=\"container\" data-e-type=\"container\">\n\t\t\t\t<div class=\"elementor-element elementor-element-cb7cc7f elementor-widget__width-inherit elementor-widget elementor-widget-google_maps\" data-id=\"cb7cc7f\" data-element_type=\"widget\" data-e-type=\"widget\" data-widget_type=\"google_maps.default\">\n\t\t\t\t<div class=\"elementor-widget-container\">\n\t\t\t\t\t\t\t<div class=\"elementor-custom-embed\">\n\t\t\t<iframe loading=\"lazy\"\n\t\t\t\t\tsrc=\"https:\/\/maps.google.com\/maps?q=Jana%20Palacha%2011%20669%2002%20Znojmo&#038;t=m&#038;z=16&#038;output=embed&#038;iwloc=near\"\n\t\t\t\t\ttitle=\"Jana Palacha 11 669 02 Znojmo\"\n\t\t\t\t\taria-label=\"Jana Palacha 11 669 02 Znojmo\"\n\t\t\t><\/iframe>\n\t\t<\/div>\n\t\t\t\t\t\t<\/div>\n\t\t\t\t<\/div>\n\t\t\t\t<\/div>\n\t\t\t\t\t<\/div>\n\t\t\t\t<\/div>\n\t\t\t\t<\/div>\n\t\t","protected":false},"excerpt":{"rendered":"<p>Centrum gynekologick\u00e9 p\u00e9\u010de Znojmo Gynekologick\u00e9 ordinace s dlouholetou prax\u00ed nab\u00edz\u00ed komplexn\u00ed gynekologicko-porodnickou p\u00e9\u010di. Prov\u00e1d\u00edme ultrazvukov\u00e1 vy\u0161et\u0159en\u00ed, db\u00e1me na prevenci onemocn\u011bn\u00ed [&hellip;]<\/p>\n","protected":false},"author":4,"featured_media":0,"parent":0,"menu_order":0,"comment_status":"closed","ping_status":"closed","template":"","meta":{"site-sidebar-layout":"no-sidebar","site-content-layout":"","ast-site-content-layout":"full-width-container","site-content-style":"default","site-sidebar-style":"default","ast-global-header-display":"","ast-banner-title-visibility":"","ast-main-header-display":"","ast-hfb-above-header-display":"","ast-hfb-below-header-display":"","ast-hfb-mobile-header-display":"","site-post-title":"disabled","ast-breadcrumbs-content":"","ast-featured-img":"disabled","footer-sml-layout":"","theme-transparent-header-meta":"","adv-header-id-meta":"","stick-header-meta":"","header-above-stick-meta":"","header-main-stick-meta":"","header-below-stick-meta":"","astra-migrate-meta-layouts":"default","ast-page-background-enabled":"default","ast-page-background-meta":{"desktop":{"background-color":"var(--ast-global-color-4)","background-image":"","background-repeat":"repeat","background-position":"center center","background-size":"auto","background-attachment":"scroll","background-type":"","background-media":"","overlay-type":"","overlay-color":"","overlay-opacity":"","overlay-gradient":""},"tablet":{"background-color":"","background-image":"","background-repeat":"repeat","background-position":"center center","background-size":"auto","background-attachment":"scroll","background-type":"","background-media":"","overlay-type":"","overlay-color":"","overlay-opacity":"","overlay-gradient":""},"mobile":{"background-color":"","background-image":"","background-repeat":"repeat","background-position":"center center","background-size":"auto","background-attachment":"scroll","background-type":"","background-media":"","overlay-type":"","overlay-color":"","overlay-opacity":"","overlay-gradient":""}},"ast-content-background-meta":{"desktop":{"background-color":"var(--ast-global-color-5)","background-image":"","background-repeat":"repeat","background-position":"center center","background-size":"auto","background-attachment":"scroll","background-type":"","background-media":"","overlay-type":"","overlay-color":"","overlay-opacity":"","overlay-gradient":""},"tablet":{"background-color":"var(--ast-global-color-5)","background-image":"","background-repeat":"repeat","background-position":"center center","background-size":"auto","background-attachment":"scroll","background-type":"","background-media":"","overlay-type":"","overlay-color":"","overlay-opacity":"","overlay-gradient":""},"mobile":{"background-color":"var(--ast-global-color-5)","background-image":"","background-repeat":"repeat","background-position":"center center","background-size":"auto","background-attachment":"scroll","background-type":"","background-media":"","overlay-type":"","overlay-color":"","overlay-opacity":"","overlay-gradient":""}},"footnotes":""},"class_list":["post-572","page","type-page","status-publish","hentry"],"_links":{"self":[{"href":"https:\/\/www.znojmo-prenatal.cz\/index.php\/wp-json\/wp\/v2\/pages\/572","targetHints":{"allow":["GET"]}}],"collection":[{"href":"https:\/\/www.znojmo-prenatal.cz\/index.php\/wp-json\/wp\/v2\/pages"}],"about":[{"href":"https:\/\/www.znojmo-prenatal.cz\/index.php\/wp-json\/wp\/v2\/types\/page"}],"author":[{"embeddable":true,"href":"https:\/\/www.znojmo-prenatal.cz\/index.php\/wp-json\/wp\/v2\/users\/4"}],"replies":[{"embeddable":true,"href":"https:\/\/www.znojmo-prenatal.cz\/index.php\/wp-json\/wp\/v2\/comments?post=572"}],"version-history":[{"count":38,"href":"https:\/\/www.znojmo-prenatal.cz\/index.php\/wp-json\/wp\/v2\/pages\/572\/revisions"}],"predecessor-version":[{"id":2609,"href":"https:\/\/www.znojmo-prenatal.cz\/index.php\/wp-json\/wp\/v2\/pages\/572\/revisions\/2609"}],"wp:attachment":[{"href":"https:\/\/www.znojmo-prenatal.cz\/index.php\/wp-json\/wp\/v2\/media?parent=572"}],"curies":[{"name":"wp","href":"https:\/\/api.w.org\/{rel}","templated":true}]}}