{"id":549,"date":"2024-10-07T16:42:57","date_gmt":"2024-10-07T16:42:57","guid":{"rendered":"https:\/\/www.tepedesign.cz\/?page_id=549"},"modified":"2024-10-17T20:35:31","modified_gmt":"2024-10-17T20:35:31","slug":"stanoveni-otcovstvi","status":"publish","type":"page","link":"https:\/\/www.znojmo-prenatal.cz\/index.php\/stanoveni-otcovstvi\/","title":{"rendered":"Stanoven\u00ed otcovstv\u00ed"},"content":{"rendered":"\t\t<div data-elementor-type=\"wp-page\" data-elementor-id=\"549\" class=\"elementor elementor-549\">\n\t\t\t\t<div class=\"elementor-element elementor-element-0e144d9 e-flex e-con-boxed e-con e-parent\" data-id=\"0e144d9\" data-element_type=\"container\" data-e-type=\"container\">\n\t\t\t\t\t<div class=\"e-con-inner\">\n\t\t\t\t<div class=\"elementor-element elementor-element-cb7d56f elementor-widget elementor-widget-spacer\" data-id=\"cb7d56f\" data-element_type=\"widget\" data-e-type=\"widget\" data-widget_type=\"spacer.default\">\n\t\t\t\t<div class=\"elementor-widget-container\">\n\t\t\t\t\t\t\t<div class=\"elementor-spacer\">\n\t\t\t<div class=\"elementor-spacer-inner\"><\/div>\n\t\t<\/div>\n\t\t\t\t\t\t<\/div>\n\t\t\t\t<\/div>\n\t\t\t\t<div class=\"elementor-element elementor-element-31a10be elementor-widget elementor-widget-spacer\" data-id=\"31a10be\" data-element_type=\"widget\" data-e-type=\"widget\" data-widget_type=\"spacer.default\">\n\t\t\t\t<div class=\"elementor-widget-container\">\n\t\t\t\t\t\t\t<div class=\"elementor-spacer\">\n\t\t\t<div class=\"elementor-spacer-inner\"><\/div>\n\t\t<\/div>\n\t\t\t\t\t\t<\/div>\n\t\t\t\t<\/div>\n\t\t\t\t<div class=\"elementor-element elementor-element-a4a4c6b elementor-widget elementor-widget-spacer\" data-id=\"a4a4c6b\" data-element_type=\"widget\" data-e-type=\"widget\" data-widget_type=\"spacer.default\">\n\t\t\t\t<div class=\"elementor-widget-container\">\n\t\t\t\t\t\t\t<div class=\"elementor-spacer\">\n\t\t\t<div class=\"elementor-spacer-inner\"><\/div>\n\t\t<\/div>\n\t\t\t\t\t\t<\/div>\n\t\t\t\t<\/div>\n\t\t\t\t<div class=\"elementor-element elementor-element-b511f44 elementor-widget elementor-widget-heading\" data-id=\"b511f44\" data-element_type=\"widget\" data-e-type=\"widget\" data-widget_type=\"heading.default\">\n\t\t\t\t<div class=\"elementor-widget-container\">\n\t\t\t\t\t<h2 class=\"elementor-heading-title elementor-size-default\">Stanoven\u00ed otcovstv\u00ed<\/h2>\t\t\t\t<\/div>\n\t\t\t\t<\/div>\n\t\t\t\t<div class=\"elementor-element elementor-element-8c7a133 elementor-widget-divider--view-line elementor-widget elementor-widget-divider\" data-id=\"8c7a133\" data-element_type=\"widget\" data-e-type=\"widget\" data-widget_type=\"divider.default\">\n\t\t\t\t<div class=\"elementor-widget-container\">\n\t\t\t\t\t\t\t<div class=\"elementor-divider\">\n\t\t\t<span class=\"elementor-divider-separator\">\n\t\t\t\t\t\t<\/span>\n\t\t<\/div>\n\t\t\t\t\t\t<\/div>\n\t\t\t\t<\/div>\n\t\t\t\t<div class=\"elementor-element elementor-element-11de985 elementor-widget elementor-widget-spacer\" data-id=\"11de985\" data-element_type=\"widget\" data-e-type=\"widget\" data-widget_type=\"spacer.default\">\n\t\t\t\t<div class=\"elementor-widget-container\">\n\t\t\t\t\t\t\t<div class=\"elementor-spacer\">\n\t\t\t<div class=\"elementor-spacer-inner\"><\/div>\n\t\t<\/div>\n\t\t\t\t\t\t<\/div>\n\t\t\t\t<\/div>\n\t\t\t\t\t<\/div>\n\t\t\t\t<\/div>\n\t\t<div class=\"elementor-element elementor-element-41ace02 e-flex e-con-boxed e-con e-parent\" data-id=\"41ace02\" data-element_type=\"container\" data-e-type=\"container\">\n\t\t\t\t\t<div class=\"e-con-inner\">\n\t\t\t\t<div class=\"elementor-element elementor-element-ceda091 elementor-widget elementor-widget-text-editor\" data-id=\"ceda091\" data-element_type=\"widget\" data-e-type=\"widget\" data-widget_type=\"text-editor.default\">\n\t\t\t\t<div class=\"elementor-widget-container\">\n\t\t\t\t\t\t\t\t\t<p style=\"text-align: center;\"><span style=\"color: #000000;\">Test biologick\u00e9 p\u0159\u00edbuznosti mezi dv\u011bma, \u010di v\u00edce jedinci. Prov\u00e1d\u00ed se st\u011brem z\u00a0vnit\u0159n\u00ed strany tv\u00e1\u0159\u00ed obou potenci\u00e1ln\u011b p\u0159\u00edbuzn\u00fdch jedinc\u016f a n\u00e1sledn\u00e9 porovn\u00e1n\u00ed jejich DNA. N\u00e1sledn\u011b doch\u00e1z\u00ed k\u00a0posouzen\u00ed shody \u010di neshody\u00a0 genetick\u00e9ho materi\u00e1lu. Validita tohoto vy\u0161et\u0159en\u00ed se ud\u00e1v\u00e1 na 99,9%.<\/span><\/p><p style=\"text-align: center;\"><span style=\"color: #000000;\">Test proveden\u00fd v na\u0161em centru NESLOU\u017d\u00cd pro soudn\u00ed \u00fa\u010dely.<\/span><\/p><p style=\"text-align: center;\"><span style=\"color: #000000;\">U testu mus\u00ed b\u00fdt p\u0159\u00edtomny:<\/span><\/p><p style=\"text-align: center;\"><span style=\"color: #000000;\">&#8211; testovan\u00fd otec s dokladem toto\u017enosti (ob\u010dansk\u00fd pr\u016fkaz, pas)<\/span><\/p><p style=\"text-align: center;\"><span style=\"color: #000000;\">&#8211; d\u00edt\u011b s rodn\u00fdm listem<\/span><\/p><p style=\"text-align: center;\"><span style=\"color: #000000;\">&#8211; z\u00e1konn\u00fd z\u00e1stupce d\u00edt\u011bte s dokladem toto\u017enosti (ob\u010dansk\u00fd pr\u016fkaz, pas)<\/span><\/p>\t\t\t\t\t\t\t\t<\/div>\n\t\t\t\t<\/div>\n\t\t\t\t\t<\/div>\n\t\t\t\t<\/div>\n\t\t\t\t<\/div>\n\t\t","protected":false},"excerpt":{"rendered":"<p>Stanoven\u00ed otcovstv\u00ed Test biologick\u00e9 p\u0159\u00edbuznosti mezi dv\u011bma, \u010di v\u00edce jedinci. Prov\u00e1d\u00ed se st\u011brem z\u00a0vnit\u0159n\u00ed strany tv\u00e1\u0159\u00ed obou potenci\u00e1ln\u011b p\u0159\u00edbuzn\u00fdch jedinc\u016f [&hellip;]<\/p>\n","protected":false},"author":4,"featured_media":0,"parent":0,"menu_order":0,"comment_status":"closed","ping_status":"closed","template":"","meta":{"site-sidebar-layout":"no-sidebar","site-content-layout":"","ast-site-content-layout":"full-width-container","site-content-style":"default","site-sidebar-style":"default","ast-global-header-display":"","ast-banner-title-visibility":"","ast-main-header-display":"","ast-hfb-above-header-display":"","ast-hfb-below-header-display":"","ast-hfb-mobile-header-display":"","site-post-title":"disabled","ast-breadcrumbs-content":"","ast-featured-img":"disabled","footer-sml-layout":"","theme-transparent-header-meta":"","adv-header-id-meta":"","stick-header-meta":"","header-above-stick-meta":"","header-main-stick-meta":"","header-below-stick-meta":"","astra-migrate-meta-layouts":"default","ast-page-background-enabled":"default","ast-page-background-meta":{"desktop":{"background-color":"var(--ast-global-color-4)","background-image":"","background-repeat":"repeat","background-position":"center center","background-size":"auto","background-attachment":"scroll","background-type":"","background-media":"","overlay-type":"","overlay-color":"","overlay-opacity":"","overlay-gradient":""},"tablet":{"background-color":"","background-image":"","background-repeat":"repeat","background-position":"center center","background-size":"auto","background-attachment":"scroll","background-type":"","background-media":"","overlay-type":"","overlay-color":"","overlay-opacity":"","overlay-gradient":""},"mobile":{"background-color":"","background-image":"","background-repeat":"repeat","background-position":"center center","background-size":"auto","background-attachment":"scroll","background-type":"","background-media":"","overlay-type":"","overlay-color":"","overlay-opacity":"","overlay-gradient":""}},"ast-content-background-meta":{"desktop":{"background-color":"var(--ast-global-color-5)","background-image":"","background-repeat":"repeat","background-position":"center center","background-size":"auto","background-attachment":"scroll","background-type":"","background-media":"","overlay-type":"","overlay-color":"","overlay-opacity":"","overlay-gradient":""},"tablet":{"background-color":"var(--ast-global-color-5)","background-image":"","background-repeat":"repeat","background-position":"center center","background-size":"auto","background-attachment":"scroll","background-type":"","background-media":"","overlay-type":"","overlay-color":"","overlay-opacity":"","overlay-gradient":""},"mobile":{"background-color":"var(--ast-global-color-5)","background-image":"","background-repeat":"repeat","background-position":"center center","background-size":"auto","background-attachment":"scroll","background-type":"","background-media":"","overlay-type":"","overlay-color":"","overlay-opacity":"","overlay-gradient":""}},"footnotes":""},"class_list":["post-549","page","type-page","status-publish","hentry"],"_links":{"self":[{"href":"https:\/\/www.znojmo-prenatal.cz\/index.php\/wp-json\/wp\/v2\/pages\/549","targetHints":{"allow":["GET"]}}],"collection":[{"href":"https:\/\/www.znojmo-prenatal.cz\/index.php\/wp-json\/wp\/v2\/pages"}],"about":[{"href":"https:\/\/www.znojmo-prenatal.cz\/index.php\/wp-json\/wp\/v2\/types\/page"}],"author":[{"embeddable":true,"href":"https:\/\/www.znojmo-prenatal.cz\/index.php\/wp-json\/wp\/v2\/users\/4"}],"replies":[{"embeddable":true,"href":"https:\/\/www.znojmo-prenatal.cz\/index.php\/wp-json\/wp\/v2\/comments?post=549"}],"version-history":[{"count":13,"href":"https:\/\/www.znojmo-prenatal.cz\/index.php\/wp-json\/wp\/v2\/pages\/549\/revisions"}],"predecessor-version":[{"id":1384,"href":"https:\/\/www.znojmo-prenatal.cz\/index.php\/wp-json\/wp\/v2\/pages\/549\/revisions\/1384"}],"wp:attachment":[{"href":"https:\/\/www.znojmo-prenatal.cz\/index.php\/wp-json\/wp\/v2\/media?parent=549"}],"curies":[{"name":"wp","href":"https:\/\/api.w.org\/{rel}","templated":true}]}}