{"id":512,"date":"2024-10-07T16:22:07","date_gmt":"2024-10-07T16:22:07","guid":{"rendered":"https:\/\/www.tepedesign.cz\/?page_id=512"},"modified":"2024-10-10T15:44:51","modified_gmt":"2024-10-10T15:44:51","slug":"3d-4d-vysetreni","status":"publish","type":"page","link":"https:\/\/www.znojmo-prenatal.cz\/index.php\/3d-4d-vysetreni\/","title":{"rendered":"3D\/4D vy\u0161et\u0159en\u00ed"},"content":{"rendered":"\t\t<div data-elementor-type=\"wp-page\" data-elementor-id=\"512\" class=\"elementor elementor-512\">\n\t\t\t\t<div class=\"elementor-element elementor-element-62a35ce e-flex e-con-boxed e-con e-parent\" data-id=\"62a35ce\" data-element_type=\"container\" data-e-type=\"container\">\n\t\t\t\t\t<div class=\"e-con-inner\">\n\t\t\t\t<div class=\"elementor-element elementor-element-3fee078 elementor-widget elementor-widget-spacer\" data-id=\"3fee078\" data-element_type=\"widget\" data-e-type=\"widget\" data-widget_type=\"spacer.default\">\n\t\t\t\t<div class=\"elementor-widget-container\">\n\t\t\t\t\t\t\t<div class=\"elementor-spacer\">\n\t\t\t<div class=\"elementor-spacer-inner\"><\/div>\n\t\t<\/div>\n\t\t\t\t\t\t<\/div>\n\t\t\t\t<\/div>\n\t\t\t\t<div class=\"elementor-element elementor-element-6bf90e6 elementor-widget elementor-widget-spacer\" data-id=\"6bf90e6\" data-element_type=\"widget\" data-e-type=\"widget\" data-widget_type=\"spacer.default\">\n\t\t\t\t<div class=\"elementor-widget-container\">\n\t\t\t\t\t\t\t<div class=\"elementor-spacer\">\n\t\t\t<div class=\"elementor-spacer-inner\"><\/div>\n\t\t<\/div>\n\t\t\t\t\t\t<\/div>\n\t\t\t\t<\/div>\n\t\t\t\t<div class=\"elementor-element elementor-element-cb3b673 elementor-widget elementor-widget-spacer\" data-id=\"cb3b673\" data-element_type=\"widget\" data-e-type=\"widget\" data-widget_type=\"spacer.default\">\n\t\t\t\t<div class=\"elementor-widget-container\">\n\t\t\t\t\t\t\t<div class=\"elementor-spacer\">\n\t\t\t<div class=\"elementor-spacer-inner\"><\/div>\n\t\t<\/div>\n\t\t\t\t\t\t<\/div>\n\t\t\t\t<\/div>\n\t\t\t\t<div class=\"elementor-element elementor-element-fe1baab elementor-widget elementor-widget-heading\" data-id=\"fe1baab\" data-element_type=\"widget\" data-e-type=\"widget\" data-widget_type=\"heading.default\">\n\t\t\t\t<div class=\"elementor-widget-container\">\n\t\t\t\t\t<h2 class=\"elementor-heading-title elementor-size-default\">3D\/4D vy\u0161et\u0159en\u00ed<\/h2>\t\t\t\t<\/div>\n\t\t\t\t<\/div>\n\t\t\t\t<div class=\"elementor-element elementor-element-365d7e0 elementor-widget-divider--view-line elementor-widget elementor-widget-divider\" data-id=\"365d7e0\" data-element_type=\"widget\" data-e-type=\"widget\" data-widget_type=\"divider.default\">\n\t\t\t\t<div class=\"elementor-widget-container\">\n\t\t\t\t\t\t\t<div class=\"elementor-divider\">\n\t\t\t<span class=\"elementor-divider-separator\">\n\t\t\t\t\t\t<\/span>\n\t\t<\/div>\n\t\t\t\t\t\t<\/div>\n\t\t\t\t<\/div>\n\t\t\t\t<div class=\"elementor-element elementor-element-99d0c0a elementor-widget elementor-widget-spacer\" data-id=\"99d0c0a\" data-element_type=\"widget\" data-e-type=\"widget\" data-widget_type=\"spacer.default\">\n\t\t\t\t<div class=\"elementor-widget-container\">\n\t\t\t\t\t\t\t<div class=\"elementor-spacer\">\n\t\t\t<div class=\"elementor-spacer-inner\"><\/div>\n\t\t<\/div>\n\t\t\t\t\t\t<\/div>\n\t\t\t\t<\/div>\n\t\t\t\t\t<\/div>\n\t\t\t\t<\/div>\n\t\t<div class=\"elementor-element elementor-element-b7c64cf e-flex e-con-boxed e-con e-parent\" data-id=\"b7c64cf\" data-element_type=\"container\" data-e-type=\"container\">\n\t\t\t\t\t<div class=\"e-con-inner\">\n\t\t\t\t<div class=\"elementor-element elementor-element-e9833c0 elementor-widget elementor-widget-text-editor\" data-id=\"e9833c0\" data-element_type=\"widget\" data-e-type=\"widget\" data-widget_type=\"text-editor.default\">\n\t\t\t\t<div class=\"elementor-widget-container\">\n\t\t\t\t\t\t\t\t\t<h3>Co to je 3D ultrazvukov\u00e9 vy\u0161et\u0159en\u00ed?<\/h3><p><span style=\"color: #000000;\">3D vy\u0161et\u0159en\u00ed se objevilo jako nov\u00e1 mo\u017enost ultrazvukov\u00e9ho zobrazen\u00ed ji\u017e p\u0159ed 10 lety. P\u0159i n\u011bm je ze serie klasick\u00fdch dvourozm\u011brn\u00fdch obr\u00e1zk\u016f rekonstruov\u00e1n 3D obr\u00e1zek.<\/span><\/p><h3><strong>Co to je 4D ultrazvukov\u00e9 vy\u0161et\u0159en\u00ed?<\/strong><\/h3><p><span style=\"color: #000000;\">Teprve v posledn\u00ed dob\u011b umo\u017enil v\u00fdkon po\u010d\u00edta\u010d\u016f pou\u017e\u00edvan\u00fd ke zpracov\u00e1n\u00ed velk\u00fdch objem\u016f dat i tzv. 4D zobrazen\u00ed. Tento zp\u016fsob vy\u0161et\u0159en\u00ed p\u0159id\u00e1v\u00e1 k trojrom\u011brn\u00e9mu zobrazen\u00ed je\u0161t\u011b dal\u0161\u00ed dimenzi, kterou je \u010das. 4D zobrazen\u00ed p\u0159edstavuje nejnov\u011bj\u0161\u00ed ultrazvukovou technologii, p\u0159i n\u00ed\u017e rychle sn\u00edman\u00e9 trojrozm\u011brn\u00e9 obr\u00e1zky umo\u017e\u0148uj\u00ed vy\u0161et\u0159en\u00ed plodu nebo jeho org\u00e1n\u016f plasticky v re\u00e1ln\u00e9m \u010dase.<\/span><\/p><h3><strong>Jak\u00e9 jsou v\u00fdhody 4D technologie?<\/strong><\/h3><p><span style=\"color: #000000;\">Na rozd\u00edl od 3D technologie je mo\u017en\u00e9 pozorovat anatomii jednotliv\u00fdch org\u00e1n\u016f v re\u00e1ln\u00e9m \u010dase. Nap\u0159. je mo\u017en\u00e9 detailn\u011b sledovat pohyby kon\u010detin plodu, mimiku obli\u010deje, srde\u010dn\u00ed \u010dinnost.<\/span><\/p><h3><strong>Zobrazen\u00ed obli\u010deje plodu<\/strong><\/h3><p><span style=\"color: #000000;\">Tento zp\u016fsob zobrazen\u00ed je velmi atraktivn\u00ed pro rodi\u010de. V klasick\u00e9m 2D zobrazen\u00ed je pro laika mnohdy velmi obt\u00ed\u017en\u00e9 se orientovat. P\u0159i kvalitn\u00edm 3D zobrazen\u00ed jsou struktury a povrch plodu zobrazeny velmi kvalitn\u011b a p\u0159ipom\u00ednaj\u00ed klasickou \u010dernob\u00edlou fotografii, tak\u017ee p\u0159edstava rodi\u010d\u016f o vzhledu jejich d\u00edt\u011bte je velmi konkr\u00e9tn\u00ed a re\u00e1ln\u00e1.<\/span><\/p><h3><strong>Je d\u00e9lka vy\u0161et\u0159en\u00ed del\u0161\u00ed ne\u017e p\u0159i b\u011b\u017en\u00e9m ultrazvukov\u00e9m vy\u0161et\u0159en\u00ed?<\/strong><\/h3><p><span style=\"color: #000000;\">Ano. P\u0159\u00edstroj sice umo\u017e\u0148uje zpracov\u00e1n\u00ed v\u0161ech dat v re\u00e1ln\u00e9m \u010dase, tak\u017ee sn\u00edm\u00e1n\u00ed ulrazvukov\u00e9ho obrazu se neli\u0161\u00ed od b\u011b\u017en\u00e9ho ultrazvukov\u00e9ho vy\u0161et\u0159en\u00ed. Celkov\u011b je v\u0161ak toto vy\u0161et\u0159en\u00ed mnohem v\u00edce ovlivn\u011bn\u00e1 polohou plodu \u010di akustick\u00fdmi podm\u00ednkami zobrazen\u00ed a trv\u00e1 del\u0161\u00ed dobu, ne\u017e se poda\u0159\u00ed zastihnout plod v optim\u00e1ln\u00ed poloze k zobrazen\u00ed .<\/span><\/p><h3><strong>Nab\u00edz\u00ed tento p\u0159\u00edstroj i dal\u0161\u00ed mo\u017enosti?<\/strong><\/h3><p><span style=\"color: #000000;\">Tohoto realistick\u00e9ho zobrazan\u00ed je mo\u017en\u00e9 vyu\u017e\u00edt i v prenat\u00e1ln\u00ed diagnostice anomali\u00ed obli\u010deje i r\u016fzn\u00fdch syndrom\u016f. P\u0159i zobrazen\u00ed roz\u0161t\u011bpov\u00fdch vad je mo\u017en\u00e9 nab\u00eddnout rodi\u010d\u016fm p\u0159esnou p\u0159edstavu o rozsahu posti\u017een\u00ed. I ev. navazuj\u00edc\u00ed konsultace umo\u017e\u0148uje plastick\u00e9mu chirurgovi mnohem konkr\u00e9tn\u011bj\u0161\u00ed p\u0159edstavu o mo\u017enostech korekce. P\u0159i detekci genetick\u00fdch syndrom\u016f nen\u00ed v\u011bt\u0161inou mo\u017en\u00e9 p\u0159esn\u00e9 syndromologick\u00e9 za\u0159azen\u00ed . Nicm\u00e9n\u011b 3D zobrazen\u00ed dovol\u00ed \u010dasto ji\u017e p\u0159edem ozna\u010dit plody s mo\u017enou stigmatizac\u00ed a upozorn\u00ed rodi\u010de na mo\u017enou p\u0159\u00edtomnost genetick\u00e9ho syndromu po porodu.<\/span><\/p><h3><strong>Jak\u00e1 jsou omezen\u00ed 3D\/ 4D technologie?<\/strong><\/h3><p><span style=\"color: #000000;\">Je nutn\u00e9 si uv\u011bdomit, \u017ee tato metoda vy\u0161et\u0159en\u00ed nenahrazuje klasick\u00e9 2D zobrazen\u00ed, ale dopl\u0148uje jej. V n\u011bkter\u00fdch p\u0159\u00edpadech ( \u0161patn\u00e1 poloha plodu, men\u0161\u00ed mno\u017estv\u00ed plodov\u00e9 vody, \u0161patn\u00e9 akustick\u00e9 podm\u00ednky\u2026.) nelze ani touto \u0161pi\u010dkovou technologi\u00ed z\u00edskat kvalitn\u00ed zobrazen\u00ed.<\/span><\/p><h3><strong>Jak\u00e9 je optim\u00e1ln\u00ed gesta\u010dn\u00ed st\u00e1\u0159\u00ed k vy\u0161et\u0159en\u00ed?<\/strong><\/h3><p><span style=\"color: #000000;\">Toto vy\u0161et\u0159en\u00ed je mo\u017en\u00e9 prov\u00e9st kdykoliv, optim\u00e1ln\u00ed zobrazen\u00ed plodu je mezi 22.- 26. t\u00fddnem t\u011bhotenstv\u00ed.<\/span><\/p><h3><strong>Je toto vy\u0161et\u0159en\u00ed hrazeno z prost\u0159edk\u016f v\u0161eobecn\u00e9ho zdravotn\u00edho poji\u0161t\u011bn\u00ed?<\/strong><\/h3><p><span style=\"color: #000000;\">Toto vy\u0161et\u0159en\u00ed je pova\u017eov\u00e1no za nadstandartn\u00ed a nen\u00ed hrazeno zdravotn\u00edmi poji\u0161\u0165ovnami<\/span><\/p><h3><strong>Je nutn\u00e9 se na toto vy\u0161et\u0159en\u00ed objednat?<\/strong><\/h3><p><span style=\"color: #000000;\">Ano. Vzhledem k \u010dasov\u00e9 n\u00e1ro\u010dnosti je nutn\u00e9 na toto vy\u0161et\u0159en\u00ed m\u00edt del\u0161\u00ed \u010dasov\u00fd prostor.<\/span><\/p>\t\t\t\t\t\t\t\t<\/div>\n\t\t\t\t<\/div>\n\t\t\t\t\t<\/div>\n\t\t\t\t<\/div>\n\t\t\t\t<\/div>\n\t\t","protected":false},"excerpt":{"rendered":"<p>3D\/4D vy\u0161et\u0159en\u00ed Co to je 3D ultrazvukov\u00e9 vy\u0161et\u0159en\u00ed? 3D vy\u0161et\u0159en\u00ed se objevilo jako nov\u00e1 mo\u017enost ultrazvukov\u00e9ho zobrazen\u00ed ji\u017e p\u0159ed 10 [&hellip;]<\/p>\n","protected":false},"author":4,"featured_media":0,"parent":0,"menu_order":0,"comment_status":"closed","ping_status":"closed","template":"","meta":{"site-sidebar-layout":"no-sidebar","site-content-layout":"","ast-site-content-layout":"full-width-container","site-content-style":"default","site-sidebar-style":"default","ast-global-header-display":"","ast-banner-title-visibility":"","ast-main-header-display":"","ast-hfb-above-header-display":"","ast-hfb-below-header-display":"","ast-hfb-mobile-header-display":"","site-post-title":"disabled","ast-breadcrumbs-content":"","ast-featured-img":"disabled","footer-sml-layout":"","theme-transparent-header-meta":"","adv-header-id-meta":"","stick-header-meta":"","header-above-stick-meta":"","header-main-stick-meta":"","header-below-stick-meta":"","astra-migrate-meta-layouts":"default","ast-page-background-enabled":"default","ast-page-background-meta":{"desktop":{"background-color":"var(--ast-global-color-4)","background-image":"","background-repeat":"repeat","background-position":"center center","background-size":"auto","background-attachment":"scroll","background-type":"","background-media":"","overlay-type":"","overlay-color":"","overlay-opacity":"","overlay-gradient":""},"tablet":{"background-color":"","background-image":"","background-repeat":"repeat","background-position":"center center","background-size":"auto","background-attachment":"scroll","background-type":"","background-media":"","overlay-type":"","overlay-color":"","overlay-opacity":"","overlay-gradient":""},"mobile":{"background-color":"","background-image":"","background-repeat":"repeat","background-position":"center center","background-size":"auto","background-attachment":"scroll","background-type":"","background-media":"","overlay-type":"","overlay-color":"","overlay-opacity":"","overlay-gradient":""}},"ast-content-background-meta":{"desktop":{"background-color":"var(--ast-global-color-5)","background-image":"","background-repeat":"repeat","background-position":"center center","background-size":"auto","background-attachment":"scroll","background-type":"","background-media":"","overlay-type":"","overlay-color":"","overlay-opacity":"","overlay-gradient":""},"tablet":{"background-color":"var(--ast-global-color-5)","background-image":"","background-repeat":"repeat","background-position":"center center","background-size":"auto","background-attachment":"scroll","background-type":"","background-media":"","overlay-type":"","overlay-color":"","overlay-opacity":"","overlay-gradient":""},"mobile":{"background-color":"var(--ast-global-color-5)","background-image":"","background-repeat":"repeat","background-position":"center center","background-size":"auto","background-attachment":"scroll","background-type":"","background-media":"","overlay-type":"","overlay-color":"","overlay-opacity":"","overlay-gradient":""}},"footnotes":""},"class_list":["post-512","page","type-page","status-publish","hentry"],"_links":{"self":[{"href":"https:\/\/www.znojmo-prenatal.cz\/index.php\/wp-json\/wp\/v2\/pages\/512","targetHints":{"allow":["GET"]}}],"collection":[{"href":"https:\/\/www.znojmo-prenatal.cz\/index.php\/wp-json\/wp\/v2\/pages"}],"about":[{"href":"https:\/\/www.znojmo-prenatal.cz\/index.php\/wp-json\/wp\/v2\/types\/page"}],"author":[{"embeddable":true,"href":"https:\/\/www.znojmo-prenatal.cz\/index.php\/wp-json\/wp\/v2\/users\/4"}],"replies":[{"embeddable":true,"href":"https:\/\/www.znojmo-prenatal.cz\/index.php\/wp-json\/wp\/v2\/comments?post=512"}],"version-history":[{"count":13,"href":"https:\/\/www.znojmo-prenatal.cz\/index.php\/wp-json\/wp\/v2\/pages\/512\/revisions"}],"predecessor-version":[{"id":916,"href":"https:\/\/www.znojmo-prenatal.cz\/index.php\/wp-json\/wp\/v2\/pages\/512\/revisions\/916"}],"wp:attachment":[{"href":"https:\/\/www.znojmo-prenatal.cz\/index.php\/wp-json\/wp\/v2\/media?parent=512"}],"curies":[{"name":"wp","href":"https:\/\/api.w.org\/{rel}","templated":true}]}}