{"id":488,"date":"2024-10-07T15:59:16","date_gmt":"2024-10-07T15:59:16","guid":{"rendered":"https:\/\/www.tepedesign.cz\/?page_id=488"},"modified":"2025-07-25T14:11:14","modified_gmt":"2025-07-25T14:11:14","slug":"pojistovny-a-jejich-uhrady-specializovanych-vysetreni-v-roce-2024","status":"publish","type":"page","link":"https:\/\/www.znojmo-prenatal.cz\/index.php\/pojistovny-a-jejich-uhrady-specializovanych-vysetreni-v-roce-2024\/","title":{"rendered":"Poji\u0161\u0165ovny a jejich \u00fahrady specializovan\u00fdch vy\u0161et\u0159en\u00ed v roce 2024"},"content":{"rendered":"\t\t<div data-elementor-type=\"wp-page\" data-elementor-id=\"488\" class=\"elementor elementor-488\">\n\t\t\t\t<div class=\"elementor-element elementor-element-c9b0852 e-flex e-con-boxed e-con e-parent\" data-id=\"c9b0852\" data-element_type=\"container\" data-e-type=\"container\">\n\t\t\t\t\t<div class=\"e-con-inner\">\n\t\t\t\t<div class=\"elementor-element elementor-element-2179fdd elementor-widget elementor-widget-spacer\" data-id=\"2179fdd\" data-element_type=\"widget\" data-e-type=\"widget\" data-widget_type=\"spacer.default\">\n\t\t\t\t<div class=\"elementor-widget-container\">\n\t\t\t\t\t\t\t<div class=\"elementor-spacer\">\n\t\t\t<div class=\"elementor-spacer-inner\"><\/div>\n\t\t<\/div>\n\t\t\t\t\t\t<\/div>\n\t\t\t\t<\/div>\n\t\t\t\t<div class=\"elementor-element elementor-element-4eb1bf4 elementor-widget elementor-widget-spacer\" data-id=\"4eb1bf4\" data-element_type=\"widget\" data-e-type=\"widget\" data-widget_type=\"spacer.default\">\n\t\t\t\t<div class=\"elementor-widget-container\">\n\t\t\t\t\t\t\t<div class=\"elementor-spacer\">\n\t\t\t<div class=\"elementor-spacer-inner\"><\/div>\n\t\t<\/div>\n\t\t\t\t\t\t<\/div>\n\t\t\t\t<\/div>\n\t\t\t\t<div class=\"elementor-element elementor-element-3ca0bea elementor-widget elementor-widget-spacer\" data-id=\"3ca0bea\" data-element_type=\"widget\" data-e-type=\"widget\" data-widget_type=\"spacer.default\">\n\t\t\t\t<div class=\"elementor-widget-container\">\n\t\t\t\t\t\t\t<div class=\"elementor-spacer\">\n\t\t\t<div class=\"elementor-spacer-inner\"><\/div>\n\t\t<\/div>\n\t\t\t\t\t\t<\/div>\n\t\t\t\t<\/div>\n\t\t\t\t<div class=\"elementor-element elementor-element-5782ec4 elementor-widget elementor-widget-heading\" data-id=\"5782ec4\" data-element_type=\"widget\" data-e-type=\"widget\" data-widget_type=\"heading.default\">\n\t\t\t\t<div class=\"elementor-widget-container\">\n\t\t\t\t\t<h2 class=\"elementor-heading-title elementor-size-default\">Poji\u0161\u0165ovny a jejich \u00fahrady specializovan\u00fdch vy\u0161et\u0159en\u00ed v roce 2025<\/h2>\t\t\t\t<\/div>\n\t\t\t\t<\/div>\n\t\t\t\t<div class=\"elementor-element elementor-element-8c053fc elementor-widget-divider--view-line elementor-widget elementor-widget-divider\" data-id=\"8c053fc\" data-element_type=\"widget\" data-e-type=\"widget\" data-widget_type=\"divider.default\">\n\t\t\t\t<div class=\"elementor-widget-container\">\n\t\t\t\t\t\t\t<div class=\"elementor-divider\">\n\t\t\t<span class=\"elementor-divider-separator\">\n\t\t\t\t\t\t<\/span>\n\t\t<\/div>\n\t\t\t\t\t\t<\/div>\n\t\t\t\t<\/div>\n\t\t\t\t<div class=\"elementor-element elementor-element-a3b80cf elementor-widget elementor-widget-spacer\" data-id=\"a3b80cf\" data-element_type=\"widget\" data-e-type=\"widget\" data-widget_type=\"spacer.default\">\n\t\t\t\t<div class=\"elementor-widget-container\">\n\t\t\t\t\t\t\t<div class=\"elementor-spacer\">\n\t\t\t<div class=\"elementor-spacer-inner\"><\/div>\n\t\t<\/div>\n\t\t\t\t\t\t<\/div>\n\t\t\t\t<\/div>\n\t\t\t\t\t<\/div>\n\t\t\t\t<\/div>\n\t\t<div class=\"elementor-element elementor-element-1a215d9 e-flex e-con-boxed e-con e-parent\" data-id=\"1a215d9\" data-element_type=\"container\" data-e-type=\"container\">\n\t\t\t\t\t<div class=\"e-con-inner\">\n\t\t\t\t<div class=\"elementor-element elementor-element-2450aa1 elementor-widget elementor-widget-text-editor\" data-id=\"2450aa1\" data-element_type=\"widget\" data-e-type=\"widget\" data-widget_type=\"text-editor.default\">\n\t\t\t\t<div class=\"elementor-widget-container\">\n\t\t\t\t\t\t\t\t\t<p><span style=\"color: #000000;\"><strong>V\u00e1\u017een\u00e9 maminky,<\/strong><\/span><\/p><p><span style=\"color: #000000;\"><strong>n\u00ed\u017ee uv\u00e1d\u00edme p\u0159ehled p\u0159\u00edsp\u011bvk\u016f, kter\u00e9 v\u00a0leto\u0161n\u00edm roce nab\u00edzej\u00ed zdravotn\u00ed poji\u0161\u0165ovny pro V\u00e1s, kter\u00e9 absolvujete specializovan\u00e1 UZ vy\u0161et\u0159en\u00ed v\u00a0Centru prenat\u00e1ln\u00ed diagnostiky.<\/strong><\/span><\/p><p><span style=\"color: #000000;\"><strong>V\u00edce informac\u00ed lze zjistit p\u0159\u00edmo u Va\u0161\u00ed zdravotn\u00ed poji\u0161\u0165ovny.<\/strong><\/span><\/p><p><span style=\"color: #000000;\">111 \u2013 V\u0161eobecn\u00e1 zdravotn\u00ed poji\u0161\u0165ovna (VZP) \u2013 do v\u00fd\u0161e 5000,- K\u010d<\/span><br \/><span style=\"color: #000000;\">201 \u2013 Vojensk\u00e1 zdravotn\u00ed poji\u0161\u0165ovna \u010cesk\u00e9 republiky (VOZP) \u2013 do v\u00fd\u0161e 2000,- K\u010d<\/span><br \/><span style=\"color: #000000;\">205 \u2013 \u010cesk\u00e1 pr\u016fmyslov\u00e1 zdravotn\u00ed poji\u0161\u0165ovna (\u010cPZP) \u2013 do v\u00fd\u0161e 2500,- K\u010d<\/span><br \/><span style=\"color: #000000;\">207 \u2013 Oborov\u00e1 zdravotn\u00ed poji\u0161\u0165ovna (OZP) \u2013 do v\u00fd\u0161e 3000,- K\u010d<\/span><br \/><span style=\"color: #000000;\">211 \u2013 Zdravotn\u00ed poji\u0161\u0165ovna ministerstva vnitra (ZP MV \u010cR) \u2013 do v\u00fd\u0161e 3000,- K\u010d<\/span><\/p><p><span style=\"color: #000000;\">\u00dahrada od zdravotn\u00ed poji\u0161\u0165ovny v\u00e1m bude vyplacena oproti dokladu, kter\u00fd vystav\u00edme v\u00a0r\u00e1mci vy\u0161et\u0159en\u00ed.<\/span><\/p>\t\t\t\t\t\t\t\t<\/div>\n\t\t\t\t<\/div>\n\t\t\t\t\t<\/div>\n\t\t\t\t<\/div>\n\t\t\t\t<\/div>\n\t\t","protected":false},"excerpt":{"rendered":"<p>Poji\u0161\u0165ovny a jejich \u00fahrady specializovan\u00fdch vy\u0161et\u0159en\u00ed v roce 2025 V\u00e1\u017een\u00e9 maminky, n\u00ed\u017ee uv\u00e1d\u00edme p\u0159ehled p\u0159\u00edsp\u011bvk\u016f, kter\u00e9 v\u00a0leto\u0161n\u00edm roce nab\u00edzej\u00ed zdravotn\u00ed [&hellip;]<\/p>\n","protected":false},"author":4,"featured_media":0,"parent":0,"menu_order":0,"comment_status":"closed","ping_status":"closed","template":"","meta":{"site-sidebar-layout":"no-sidebar","site-content-layout":"","ast-site-content-layout":"full-width-container","site-content-style":"default","site-sidebar-style":"default","ast-global-header-display":"","ast-banner-title-visibility":"","ast-main-header-display":"","ast-hfb-above-header-display":"","ast-hfb-below-header-display":"","ast-hfb-mobile-header-display":"","site-post-title":"disabled","ast-breadcrumbs-content":"","ast-featured-img":"disabled","footer-sml-layout":"","theme-transparent-header-meta":"","adv-header-id-meta":"","stick-header-meta":"","header-above-stick-meta":"","header-main-stick-meta":"","header-below-stick-meta":"","astra-migrate-meta-layouts":"default","ast-page-background-enabled":"default","ast-page-background-meta":{"desktop":{"background-color":"var(--ast-global-color-4)","background-image":"","background-repeat":"repeat","background-position":"center center","background-size":"auto","background-attachment":"scroll","background-type":"","background-media":"","overlay-type":"","overlay-color":"","overlay-opacity":"","overlay-gradient":""},"tablet":{"background-color":"","background-image":"","background-repeat":"repeat","background-position":"center center","background-size":"auto","background-attachment":"scroll","background-type":"","background-media":"","overlay-type":"","overlay-color":"","overlay-opacity":"","overlay-gradient":""},"mobile":{"background-color":"","background-image":"","background-repeat":"repeat","background-position":"center center","background-size":"auto","background-attachment":"scroll","background-type":"","background-media":"","overlay-type":"","overlay-color":"","overlay-opacity":"","overlay-gradient":""}},"ast-content-background-meta":{"desktop":{"background-color":"var(--ast-global-color-5)","background-image":"","background-repeat":"repeat","background-position":"center center","background-size":"auto","background-attachment":"scroll","background-type":"","background-media":"","overlay-type":"","overlay-color":"","overlay-opacity":"","overlay-gradient":""},"tablet":{"background-color":"var(--ast-global-color-5)","background-image":"","background-repeat":"repeat","background-position":"center center","background-size":"auto","background-attachment":"scroll","background-type":"","background-media":"","overlay-type":"","overlay-color":"","overlay-opacity":"","overlay-gradient":""},"mobile":{"background-color":"var(--ast-global-color-5)","background-image":"","background-repeat":"repeat","background-position":"center center","background-size":"auto","background-attachment":"scroll","background-type":"","background-media":"","overlay-type":"","overlay-color":"","overlay-opacity":"","overlay-gradient":""}},"footnotes":""},"class_list":["post-488","page","type-page","status-publish","hentry"],"_links":{"self":[{"href":"https:\/\/www.znojmo-prenatal.cz\/index.php\/wp-json\/wp\/v2\/pages\/488","targetHints":{"allow":["GET"]}}],"collection":[{"href":"https:\/\/www.znojmo-prenatal.cz\/index.php\/wp-json\/wp\/v2\/pages"}],"about":[{"href":"https:\/\/www.znojmo-prenatal.cz\/index.php\/wp-json\/wp\/v2\/types\/page"}],"author":[{"embeddable":true,"href":"https:\/\/www.znojmo-prenatal.cz\/index.php\/wp-json\/wp\/v2\/users\/4"}],"replies":[{"embeddable":true,"href":"https:\/\/www.znojmo-prenatal.cz\/index.php\/wp-json\/wp\/v2\/comments?post=488"}],"version-history":[{"count":13,"href":"https:\/\/www.znojmo-prenatal.cz\/index.php\/wp-json\/wp\/v2\/pages\/488\/revisions"}],"predecessor-version":[{"id":2627,"href":"https:\/\/www.znojmo-prenatal.cz\/index.php\/wp-json\/wp\/v2\/pages\/488\/revisions\/2627"}],"wp:attachment":[{"href":"https:\/\/www.znojmo-prenatal.cz\/index.php\/wp-json\/wp\/v2\/media?parent=488"}],"curies":[{"name":"wp","href":"https:\/\/api.w.org\/{rel}","templated":true}]}}