{"id":464,"date":"2024-10-07T15:39:27","date_gmt":"2024-10-07T15:39:27","guid":{"rendered":"https:\/\/www.tepedesign.cz\/?page_id=464"},"modified":"2025-07-25T13:55:07","modified_gmt":"2025-07-25T13:55:07","slug":"individualni-konzultace-s-porodni-asistentkou","status":"publish","type":"page","link":"https:\/\/www.znojmo-prenatal.cz\/index.php\/individualni-konzultace-s-porodni-asistentkou\/","title":{"rendered":"Individu\u00e1ln\u00ed konzultace s porodn\u00ed asistentkou"},"content":{"rendered":"\t\t<div data-elementor-type=\"wp-page\" data-elementor-id=\"464\" class=\"elementor elementor-464\">\n\t\t\t\t<div class=\"elementor-element elementor-element-d7ba378 e-flex e-con-boxed e-con e-parent\" data-id=\"d7ba378\" data-element_type=\"container\" data-e-type=\"container\">\n\t\t\t\t\t<div class=\"e-con-inner\">\n\t\t\t\t<div class=\"elementor-element elementor-element-9039a1a elementor-widget elementor-widget-spacer\" data-id=\"9039a1a\" data-element_type=\"widget\" data-e-type=\"widget\" data-widget_type=\"spacer.default\">\n\t\t\t\t<div class=\"elementor-widget-container\">\n\t\t\t\t\t\t\t<div class=\"elementor-spacer\">\n\t\t\t<div class=\"elementor-spacer-inner\"><\/div>\n\t\t<\/div>\n\t\t\t\t\t\t<\/div>\n\t\t\t\t<\/div>\n\t\t\t\t<div class=\"elementor-element elementor-element-d691312 elementor-widget elementor-widget-spacer\" data-id=\"d691312\" data-element_type=\"widget\" data-e-type=\"widget\" data-widget_type=\"spacer.default\">\n\t\t\t\t<div class=\"elementor-widget-container\">\n\t\t\t\t\t\t\t<div class=\"elementor-spacer\">\n\t\t\t<div class=\"elementor-spacer-inner\"><\/div>\n\t\t<\/div>\n\t\t\t\t\t\t<\/div>\n\t\t\t\t<\/div>\n\t\t\t\t<div class=\"elementor-element elementor-element-8096058 elementor-widget elementor-widget-spacer\" data-id=\"8096058\" data-element_type=\"widget\" data-e-type=\"widget\" data-widget_type=\"spacer.default\">\n\t\t\t\t<div class=\"elementor-widget-container\">\n\t\t\t\t\t\t\t<div class=\"elementor-spacer\">\n\t\t\t<div class=\"elementor-spacer-inner\"><\/div>\n\t\t<\/div>\n\t\t\t\t\t\t<\/div>\n\t\t\t\t<\/div>\n\t\t\t\t<div class=\"elementor-element elementor-element-30f44ec elementor-widget elementor-widget-heading\" data-id=\"30f44ec\" data-element_type=\"widget\" data-e-type=\"widget\" data-widget_type=\"heading.default\">\n\t\t\t\t<div class=\"elementor-widget-container\">\n\t\t\t\t\t<h2 class=\"elementor-heading-title elementor-size-default\">Individu\u00e1ln\u00ed konzultace s porodn\u00ed asistentkou<\/h2>\t\t\t\t<\/div>\n\t\t\t\t<\/div>\n\t\t\t\t<div class=\"elementor-element elementor-element-e7cba2a elementor-widget-divider--view-line elementor-widget elementor-widget-divider\" data-id=\"e7cba2a\" data-element_type=\"widget\" data-e-type=\"widget\" data-widget_type=\"divider.default\">\n\t\t\t\t<div class=\"elementor-widget-container\">\n\t\t\t\t\t\t\t<div class=\"elementor-divider\">\n\t\t\t<span class=\"elementor-divider-separator\">\n\t\t\t\t\t\t<\/span>\n\t\t<\/div>\n\t\t\t\t\t\t<\/div>\n\t\t\t\t<\/div>\n\t\t\t\t<div class=\"elementor-element elementor-element-c6e5e22 elementor-widget elementor-widget-spacer\" data-id=\"c6e5e22\" data-element_type=\"widget\" data-e-type=\"widget\" data-widget_type=\"spacer.default\">\n\t\t\t\t<div class=\"elementor-widget-container\">\n\t\t\t\t\t\t\t<div class=\"elementor-spacer\">\n\t\t\t<div class=\"elementor-spacer-inner\"><\/div>\n\t\t<\/div>\n\t\t\t\t\t\t<\/div>\n\t\t\t\t<\/div>\n\t\t\t\t\t<\/div>\n\t\t\t\t<\/div>\n\t\t<div class=\"elementor-element elementor-element-9e62c56 e-flex e-con-boxed e-con e-parent\" data-id=\"9e62c56\" data-element_type=\"container\" data-e-type=\"container\">\n\t\t\t\t\t<div class=\"e-con-inner\">\n\t\t\t\t<div class=\"elementor-element elementor-element-345162e elementor-widget elementor-widget-spacer\" data-id=\"345162e\" data-element_type=\"widget\" data-e-type=\"widget\" data-widget_type=\"spacer.default\">\n\t\t\t\t<div class=\"elementor-widget-container\">\n\t\t\t\t\t\t\t<div class=\"elementor-spacer\">\n\t\t\t<div class=\"elementor-spacer-inner\"><\/div>\n\t\t<\/div>\n\t\t\t\t\t\t<\/div>\n\t\t\t\t<\/div>\n\t\t\t\t<div class=\"elementor-element elementor-element-e933eb6 elementor-widget elementor-widget-text-editor\" data-id=\"e933eb6\" data-element_type=\"widget\" data-e-type=\"widget\" data-widget_type=\"text-editor.default\">\n\t\t\t\t<div class=\"elementor-widget-container\">\n\t\t\t\t\t\t\t\t\t<h2 style=\"text-align: center;\">\u00a0<\/h2><h2 style=\"text-align: center;\"><strong>P\u0159edporodn\u00ed konzultace v t\u011bhotenstv\u00ed<\/strong><\/h2><h3 style=\"text-align: center;\"><a href=\"https:\/\/www.znojmo-prenatal.cz\/index.php\/skopalova\/\" rel=\"noreferrer noopener\">DiS. Darja Skopalov\u00e1 \u2013 porodn\u00ed asistentka<\/a><\/h3><div class=\"wp-block-group\"><div class=\"wp-block-group__inner-container\"><h3 style=\"text-align: center;\">B\u011bhem 30-minut\u00e9ho sezen\u00ed v p\u0159\u00edjemn\u00e9m prost\u0159ed\u00ed na\u0161\u00ed konzulta\u010dn\u00ed m\u00edstnosti<\/h3><ul><li><p><span style=\"color: #000000;\">poskytneme p\u0159edporodn\u00ed poradenstv\u00ed<\/span><\/p><\/li><li><p><span style=\"color: #000000;\">probereme individu\u00e1ln\u00ed p\u0159\u00edpravu na porod<\/span><\/p><\/li><li><p><span style=\"color: #000000;\">sezn\u00e1m\u00edme s chodem porodn\u00edho s\u00e1lu Nemocnice Znojmo<\/span><\/p><\/li><li><p><span style=\"color: #000000;\">lze domluvit prohl\u00eddku porodn\u00edho s\u00e1lu<\/span><\/p><\/li><li><p><span style=\"color: #000000;\">rozebrat alternativy u porodu<\/span><\/p><\/li><li><p><span style=\"color: #000000;\">zodpov\u00edme individu\u00e1ln\u00ed dotazy<\/span><\/p><\/li><\/ul><h4>Objedn\u00e1n\u00ed na tel. 722984959 nebo e-mailem: objednani@znojmo-prenatal.cz.<\/h4><h2 style=\"text-align: center;\"><strong>Poporodn\u00ed konzultace b\u011bhem \u0161estined\u011bl\u00ed<\/strong><\/h2><h3 style=\"text-align: center;\"><a href=\"https:\/\/www.znojmo-prenatal.cz\/index.php\/konvalinova\/\"><strong><span class=\"has-inline-color has-vivid-cyan-blue-color\">DiS. Irena Konvalinov\u00e1 \u2013 porodn\u00ed asistentka<\/span><\/strong><\/a><\/h3><ul><li><p><span style=\"color: #000000;\">individu\u00e1ln\u00ed konzultace a \u0159e\u0161en\u00ed probl\u00e9m\u016f spojen\u00fdch s \u010dasn\u00fdm \u0161estined\u011bl\u00edm<\/span><\/p><\/li><li><p><span style=\"color: #000000;\">homeopatick\u00e1 poradna pro kojence i matky<\/span><\/p><\/li><li><p><span style=\"color: #000000;\">kurz baby mas\u00e1\u017e\u00ed pro maminky i tat\u00ednky<\/span><\/p><\/li><li><p><span style=\"color: #000000;\">lakta\u010dn\u00ed poradenstv\u00ed<\/span><\/p><\/li><li><p><span style=\"color: #000000;\">stravov\u00e1n\u00ed v \u0161estined\u011bl\u00ed a p\u0159i kojen\u00ed<\/span><\/p><\/li><li><p><span style=\"color: #000000;\">kineziotaping<\/span><\/p><\/li><\/ul><h4>Term\u00edn si m\u016f\u017eete domluvit p\u0159\u00edmo s porodn\u00ed asistentkou na tel. 733325291.<\/h4><h4>Pro v\u0161echny na\u0161e registrovan\u00e9 gynekologick\u00e9 pacientky jsou konzultace hrazen\u00e9 ze zdravotn\u00edho poji\u0161t\u011bn\u00ed, pro ostatn\u00ed klientky je cena 500 K\u010d za 1 konzultaci.<\/h4><\/div><\/div>\t\t\t\t\t\t\t\t<\/div>\n\t\t\t\t<\/div>\n\t\t\t\t\t<\/div>\n\t\t\t\t<\/div>\n\t\t<div class=\"elementor-element elementor-element-c799bc1 e-flex e-con-boxed e-con e-parent\" data-id=\"c799bc1\" data-element_type=\"container\" data-e-type=\"container\">\n\t\t\t\t\t<div class=\"e-con-inner\">\n\t\t\t\t<div class=\"elementor-element elementor-element-18a87ce elementor-widget elementor-widget-spacer\" data-id=\"18a87ce\" data-element_type=\"widget\" data-e-type=\"widget\" data-widget_type=\"spacer.default\">\n\t\t\t\t<div class=\"elementor-widget-container\">\n\t\t\t\t\t\t\t<div class=\"elementor-spacer\">\n\t\t\t<div class=\"elementor-spacer-inner\"><\/div>\n\t\t<\/div>\n\t\t\t\t\t\t<\/div>\n\t\t\t\t<\/div>\n\t\t\t\t\t<\/div>\n\t\t\t\t<\/div>\n\t\t\t\t<\/div>\n\t\t","protected":false},"excerpt":{"rendered":"<p>Individu\u00e1ln\u00ed konzultace s porodn\u00ed asistentkou \u00a0 P\u0159edporodn\u00ed konzultace v t\u011bhotenstv\u00ed DiS. Darja Skopalov\u00e1 \u2013 porodn\u00ed asistentka B\u011bhem 30-minut\u00e9ho sezen\u00ed v [&hellip;]<\/p>\n","protected":false},"author":4,"featured_media":0,"parent":0,"menu_order":0,"comment_status":"closed","ping_status":"closed","template":"","meta":{"site-sidebar-layout":"no-sidebar","site-content-layout":"","ast-site-content-layout":"full-width-container","site-content-style":"default","site-sidebar-style":"default","ast-global-header-display":"","ast-banner-title-visibility":"","ast-main-header-display":"","ast-hfb-above-header-display":"","ast-hfb-below-header-display":"","ast-hfb-mobile-header-display":"","site-post-title":"disabled","ast-breadcrumbs-content":"","ast-featured-img":"disabled","footer-sml-layout":"","theme-transparent-header-meta":"","adv-header-id-meta":"","stick-header-meta":"","header-above-stick-meta":"","header-main-stick-meta":"","header-below-stick-meta":"","astra-migrate-meta-layouts":"default","ast-page-background-enabled":"default","ast-page-background-meta":{"desktop":{"background-color":"var(--ast-global-color-4)","background-image":"","background-repeat":"repeat","background-position":"center center","background-size":"auto","background-attachment":"scroll","background-type":"","background-media":"","overlay-type":"","overlay-color":"","overlay-opacity":"","overlay-gradient":""},"tablet":{"background-color":"","background-image":"","background-repeat":"repeat","background-position":"center center","background-size":"auto","background-attachment":"scroll","background-type":"","background-media":"","overlay-type":"","overlay-color":"","overlay-opacity":"","overlay-gradient":""},"mobile":{"background-color":"","background-image":"","background-repeat":"repeat","background-position":"center center","background-size":"auto","background-attachment":"scroll","background-type":"","background-media":"","overlay-type":"","overlay-color":"","overlay-opacity":"","overlay-gradient":""}},"ast-content-background-meta":{"desktop":{"background-color":"var(--ast-global-color-5)","background-image":"","background-repeat":"repeat","background-position":"center center","background-size":"auto","background-attachment":"scroll","background-type":"","background-media":"","overlay-type":"","overlay-color":"","overlay-opacity":"","overlay-gradient":""},"tablet":{"background-color":"var(--ast-global-color-5)","background-image":"","background-repeat":"repeat","background-position":"center center","background-size":"auto","background-attachment":"scroll","background-type":"","background-media":"","overlay-type":"","overlay-color":"","overlay-opacity":"","overlay-gradient":""},"mobile":{"background-color":"var(--ast-global-color-5)","background-image":"","background-repeat":"repeat","background-position":"center center","background-size":"auto","background-attachment":"scroll","background-type":"","background-media":"","overlay-type":"","overlay-color":"","overlay-opacity":"","overlay-gradient":""}},"footnotes":""},"class_list":["post-464","page","type-page","status-publish","hentry"],"_links":{"self":[{"href":"https:\/\/www.znojmo-prenatal.cz\/index.php\/wp-json\/wp\/v2\/pages\/464","targetHints":{"allow":["GET"]}}],"collection":[{"href":"https:\/\/www.znojmo-prenatal.cz\/index.php\/wp-json\/wp\/v2\/pages"}],"about":[{"href":"https:\/\/www.znojmo-prenatal.cz\/index.php\/wp-json\/wp\/v2\/types\/page"}],"author":[{"embeddable":true,"href":"https:\/\/www.znojmo-prenatal.cz\/index.php\/wp-json\/wp\/v2\/users\/4"}],"replies":[{"embeddable":true,"href":"https:\/\/www.znojmo-prenatal.cz\/index.php\/wp-json\/wp\/v2\/comments?post=464"}],"version-history":[{"count":31,"href":"https:\/\/www.znojmo-prenatal.cz\/index.php\/wp-json\/wp\/v2\/pages\/464\/revisions"}],"predecessor-version":[{"id":2594,"href":"https:\/\/www.znojmo-prenatal.cz\/index.php\/wp-json\/wp\/v2\/pages\/464\/revisions\/2594"}],"wp:attachment":[{"href":"https:\/\/www.znojmo-prenatal.cz\/index.php\/wp-json\/wp\/v2\/media?parent=464"}],"curies":[{"name":"wp","href":"https:\/\/api.w.org\/{rel}","templated":true}]}}