{"id":2662,"date":"2025-07-25T17:10:05","date_gmt":"2025-07-25T17:10:05","guid":{"rendered":"https:\/\/www.znojmo-prenatal.cz\/?page_id=2662"},"modified":"2026-01-21T19:46:01","modified_gmt":"2026-01-21T19:46:01","slug":"chloupek","status":"publish","type":"page","link":"https:\/\/www.znojmo-prenatal.cz\/index.php\/chloupek\/","title":{"rendered":"Lud\u011bk Chloupek"},"content":{"rendered":"\t\t<div data-elementor-type=\"wp-page\" data-elementor-id=\"2662\" class=\"elementor elementor-2662\">\n\t\t\t\t<div class=\"elementor-element elementor-element-17e400d e-flex e-con-boxed e-con e-parent\" data-id=\"17e400d\" data-element_type=\"container\" data-e-type=\"container\">\n\t\t\t\t\t<div class=\"e-con-inner\">\n\t\t\t\t<div class=\"elementor-element elementor-element-2be70bd elementor-widget elementor-widget-spacer\" data-id=\"2be70bd\" data-element_type=\"widget\" data-e-type=\"widget\" data-widget_type=\"spacer.default\">\n\t\t\t\t<div class=\"elementor-widget-container\">\n\t\t\t\t\t\t\t<div class=\"elementor-spacer\">\n\t\t\t<div class=\"elementor-spacer-inner\"><\/div>\n\t\t<\/div>\n\t\t\t\t\t\t<\/div>\n\t\t\t\t<\/div>\n\t\t\t\t<div class=\"elementor-element elementor-element-634d5eb elementor-widget elementor-widget-spacer\" data-id=\"634d5eb\" data-element_type=\"widget\" data-e-type=\"widget\" data-widget_type=\"spacer.default\">\n\t\t\t\t<div class=\"elementor-widget-container\">\n\t\t\t\t\t\t\t<div class=\"elementor-spacer\">\n\t\t\t<div class=\"elementor-spacer-inner\"><\/div>\n\t\t<\/div>\n\t\t\t\t\t\t<\/div>\n\t\t\t\t<\/div>\n\t\t\t\t<div class=\"elementor-element elementor-element-25ca08d elementor-widget elementor-widget-spacer\" data-id=\"25ca08d\" data-element_type=\"widget\" data-e-type=\"widget\" data-widget_type=\"spacer.default\">\n\t\t\t\t<div class=\"elementor-widget-container\">\n\t\t\t\t\t\t\t<div class=\"elementor-spacer\">\n\t\t\t<div class=\"elementor-spacer-inner\"><\/div>\n\t\t<\/div>\n\t\t\t\t\t\t<\/div>\n\t\t\t\t<\/div>\n\t\t\t\t<div class=\"elementor-element elementor-element-adb90dd elementor-widget elementor-widget-heading\" data-id=\"adb90dd\" data-element_type=\"widget\" data-e-type=\"widget\" data-widget_type=\"heading.default\">\n\t\t\t\t<div class=\"elementor-widget-container\">\n\t\t\t\t\t<h2 class=\"elementor-heading-title elementor-size-default\">MUDr. Lud\u011bk Chloupek<\/h2>\t\t\t\t<\/div>\n\t\t\t\t<\/div>\n\t\t\t\t<div class=\"elementor-element elementor-element-928c263 elementor-widget-divider--view-line elementor-widget elementor-widget-divider\" data-id=\"928c263\" data-element_type=\"widget\" data-e-type=\"widget\" data-widget_type=\"divider.default\">\n\t\t\t\t<div class=\"elementor-widget-container\">\n\t\t\t\t\t\t\t<div class=\"elementor-divider\">\n\t\t\t<span class=\"elementor-divider-separator\">\n\t\t\t\t\t\t<\/span>\n\t\t<\/div>\n\t\t\t\t\t\t<\/div>\n\t\t\t\t<\/div>\n\t\t\t\t<div class=\"elementor-element elementor-element-2c66382 elementor-widget elementor-widget-spacer\" data-id=\"2c66382\" data-element_type=\"widget\" data-e-type=\"widget\" data-widget_type=\"spacer.default\">\n\t\t\t\t<div class=\"elementor-widget-container\">\n\t\t\t\t\t\t\t<div class=\"elementor-spacer\">\n\t\t\t<div class=\"elementor-spacer-inner\"><\/div>\n\t\t<\/div>\n\t\t\t\t\t\t<\/div>\n\t\t\t\t<\/div>\n\t\t\t\t<div class=\"elementor-element elementor-element-0d58df7 elementor-widget elementor-widget-spacer\" data-id=\"0d58df7\" data-element_type=\"widget\" data-e-type=\"widget\" data-widget_type=\"spacer.default\">\n\t\t\t\t<div class=\"elementor-widget-container\">\n\t\t\t\t\t\t\t<div class=\"elementor-spacer\">\n\t\t\t<div class=\"elementor-spacer-inner\"><\/div>\n\t\t<\/div>\n\t\t\t\t\t\t<\/div>\n\t\t\t\t<\/div>\n\t\t\t\t\t<\/div>\n\t\t\t\t<\/div>\n\t\t<div class=\"elementor-element elementor-element-a0b32ff e-grid e-con-full e-con e-parent\" data-id=\"a0b32ff\" data-element_type=\"container\" data-e-type=\"container\">\n\t\t\t\t<div class=\"elementor-element elementor-element-17ceb5c elementor-widget elementor-widget-text-editor\" data-id=\"17ceb5c\" data-element_type=\"widget\" data-e-type=\"widget\" data-widget_type=\"text-editor.default\">\n\t\t\t\t<div class=\"elementor-widget-container\">\n\t\t\t\t\t\t\t\t\t<h3 style=\"text-align: center;\"><strong>Vzd\u011bl\u00e1n\u00ed:<\/strong><\/h3><ul><li><span style=\"color: #000000;\">2008-2011 Brno International Business School, a.s., (Nottingham Trent University,<\/span><br \/><span style=\"color: #000000;\">UK), 28.1.2011 Master of Science in Management Studies \u2013 MSc in<\/span><br \/><span style=\"color: #000000;\">Management Studies (diserta\u010dn\u00ed pr\u00e1ce &#8211; \u201eStrategick\u00e9 \u0159\u00edzen\u00ed oblasti anest\u00e9zie <\/span><span style=\"color: #000000;\">a resuscita\u010dn\u00ed p\u00e9\u010de s n\u00e1vaznost\u00ed na komplement intenzivn\u00ed p\u00e9\u010de krajsk\u00e9 <\/span><span style=\"color: #000000;\">nemocnice\u201c)<\/span><\/li><li><span style=\"color: #000000;\">1989-1995 Masarykova univerzita \u2013 l\u00e9ka\u0159sk\u00e1 fakulta, obor V\u0161eobecn\u00e9 l\u00e9ka\u0159stv\u00ed\u00a0<\/span><span style=\"color: #000000;\">14.6.1995 doktor medic\u00edny &#8211; MUDr.<\/span><\/li><\/ul>\t\t\t\t\t\t\t\t<\/div>\n\t\t\t\t<\/div>\n\t\t\t\t<div class=\"elementor-element elementor-element-84c86cb elementor-widget elementor-widget-text-editor\" data-id=\"84c86cb\" data-element_type=\"widget\" data-e-type=\"widget\" data-widget_type=\"text-editor.default\">\n\t\t\t\t<div class=\"elementor-widget-container\">\n\t\t\t\t\t\t\t\t\t<h3 style=\"text-align: center;\">Ocen\u011bn\u00ed:<\/h3><ul><li><span style=\"color: #000000;\">2019 \u2013 Bronzov\u00e1 plaketa Krajsk\u00e9ho \u0159editelstv\u00ed policie Brno<\/span><\/li><li><span style=\"color: #000000;\">2020 \u2013 pam\u011btn\u00ed medaile hejtmana JmK<\/span><\/li><li><span style=\"color: #000000;\">2021 \u2013 pam\u011btn\u00ed medaile hejtmana JmK<\/span><\/li><li><span style=\"color: #000000;\">2023 \u2013 pam\u011btn\u00ed medaile \u0159editele \u00dazemn\u00edho odboru P\u010cR Znojmo<\/span><\/li><li><span style=\"color: #000000;\">2023 \u2013 \u010detn\u00e1 medaile V\u011bze\u0148sk\u00e9 slu\u017eby MS \u010cR, odbor Znojmo<\/span><\/li><\/ul>\t\t\t\t\t\t\t\t<\/div>\n\t\t\t\t<\/div>\n\t\t\t\t<div class=\"elementor-element elementor-element-069b358 elementor-widget elementor-widget-text-editor\" data-id=\"069b358\" data-element_type=\"widget\" data-e-type=\"widget\" data-widget_type=\"text-editor.default\">\n\t\t\t\t<div class=\"elementor-widget-container\">\n\t\t\t\t\t\t\t\t\t<h3 style=\"text-align: center;\">Odborn\u00e1 specializace:<\/h3><ul><li><span style=\"color: #000000;\">02.07.2003 atestace II. stupn\u011b v\u00a0oboru anesteziologie a resuscitace<\/span><\/li><li><span style=\"color: #000000;\">29.04.1998 atestace I. stupn\u011b v\u00a0oboru anesteziologie a resuscitace<\/span><\/li><li><span style=\"color: #000000;\">22.11.2004 jmenov\u00e1n soudn\u00edm znalcem v\u00a0oboru zdravotnictv\u00ed, zdravotnick\u00e1 odv\u011btv\u00ed<\/span><br \/><span style=\"color: #000000;\">r\u016fzn\u00e1, specializace anesteziologie, resuscitace a urgentn\u00ed medic\u00edna<\/span><br \/><span style=\"color: #000000;\">(v\u00fdkon \u010dinnosti 2004-2020)<\/span><\/li><\/ul>\t\t\t\t\t\t\t\t<\/div>\n\t\t\t\t<\/div>\n\t\t\t\t<\/div>\n\t\t<div class=\"elementor-element elementor-element-2c8fdbe e-grid e-con-full e-con e-parent\" data-id=\"2c8fdbe\" data-element_type=\"container\" data-e-type=\"container\">\n\t\t\t\t<div class=\"elementor-element elementor-element-f1b4fd7 elementor-widget elementor-widget-text-editor\" data-id=\"f1b4fd7\" data-element_type=\"widget\" data-e-type=\"widget\" data-widget_type=\"text-editor.default\">\n\t\t\t\t<div class=\"elementor-widget-container\">\n\t\t\t\t\t\t\t\t\t<h3 style=\"text-align: center;\">Kurzy:<\/h3><ul><li><span style=\"color: #000000;\">1999, 2000, 2001, 2003, 2004, 2005 Kurzy F.E.E.A. (Foundition for European Education in<\/span><br \/><span style=\"color: #000000;\">Anaesthesiology) \u2013 diplom, prof. Dr. Philips Scherpereel<\/span><\/li><li><span style=\"color: #000000;\">7.-8.5.2004 Kurz region\u00e1ln\u00ed anestezie , FN USA Brno Peka\u0159sk\u00e1 \u2013ARK<\/span><\/li><li><span style=\"color: #000000;\">16.5.1998 Kurz region\u00e1ln\u00ed anestezie , FN USA Brno Peka\u0159sk\u00e1 \u2013ARK<\/span><\/li><li><span style=\"color: #000000;\">10.12.-14.12.2001 Kurz v\u00a0intenzivn\u00ed medic\u00edn\u011b, ILF Praha<\/span><\/li><li><span style=\"color: #000000;\">31.3.-18.4.2003 Specializa\u010dn\u00ed kurz v\u00a0anesteziologii a resuscitaci, FN Motol \u2013 KAR Praha<\/span><\/li><li><span style=\"color: #000000;\">26.9.2001 Kurz- problematika ve\u0159ejn\u00e9ho zdravotnictv\u00ed s\u00a0d\u016frazem na zdravotnickou\u00a0<\/span><span style=\"color: #000000;\">legislativu, IPVZ Praha<\/span><\/li><li><span style=\"color: #000000;\">19.-21.10.2012 Kurz Advanced Trauma Life Support, FN Hradec Kr\u00e1lov\u00e9 &#8211; UM<\/span><\/li><li><span style=\"color: #000000;\">19.-20.11.2012 Kurz Laryngeal mask airway, FN USA Brno Peka\u0159sk\u00e1 \u2013 ARK<\/span><\/li><li><span style=\"color: #000000;\">19.-20.06.2025 Kurz ultrazvukov\u011b nav\u00e1d\u011bn\u00e9 region\u00e1ln\u00ed anastezie<\/span><\/li><\/ul>\t\t\t\t\t\t\t\t<\/div>\n\t\t\t\t<\/div>\n\t\t\t\t<div class=\"elementor-element elementor-element-d06548c elementor-widget elementor-widget-text-editor\" data-id=\"d06548c\" data-element_type=\"widget\" data-e-type=\"widget\" data-widget_type=\"text-editor.default\">\n\t\t\t\t<div class=\"elementor-widget-container\">\n\t\t\t\t\t\t\t\t\t<h3 style=\"text-align: center;\">Osv\u011bd\u010den\u00ed a certifik\u00e1ty:<\/h3><ul><li><span style=\"color: #000000;\">20.9.2001 Licence pro v\u00fdkon samostatn\u00e9 praxe, pro v\u00fdkon odborn\u00e9ho z\u00e1stupce, pro poskytov\u00e1n\u00ed poradensk\u00fdch slu\u017eeb v oboru anesteziologie a resuscitace<\/span><\/li><li><span style=\"color: #000000;\">31.10.2003 Licence pro v\u00fdkon samostatn\u00e9 praxe, pro v\u00fdkon odborn\u00e9ho z\u00e1stupce, pro <\/span><span style=\"color: #000000;\">poskytov\u00e1n\u00ed poradensk\u00fdch slu\u017eeb v oboru urgentn\u00ed medic\u00edna<\/span><\/li><li><span style=\"color: #000000;\">19.9.2005 Licence pro v\u00fdkon funkce vedouc\u00ed l\u00e9ka\u0159 a prim\u00e1\u0159 v nest\u00e1tn\u00edm zdravotnick\u00e9m <\/span><span style=\"color: #000000;\">za\u0159\u00edzen\u00ed v\u00a0oboru anesteziologie a resuscitace<\/span><\/li><li><span style=\"color: #000000;\">18.12.2005 Diplom F.E.E.A.<\/span><\/li><li><span style=\"color: #000000;\">27.2.2007 Osv\u011bd\u010den\u00ed o konformit\u011b z\u00e1kladn\u00edho l\u00e9ka\u0159sk\u00e9ho vzd\u011bl\u00e1n\u00ed k v\u00fdkonu l\u00e9ka\u0159e <\/span><span style=\"color: #000000;\">dle sm\u011brnice \u010d.93\/16\/EHS<\/span><\/li><li><span style=\"color: #000000;\">27.2.2007 Osv\u011bd\u010den\u00ed o specializovan\u00e9 zp\u016fsobilosti l\u00e9ka\u0159e dle sm\u011brnice 93\/16\/EHS<\/span><\/li><li><span style=\"color: #000000;\">1.12.2012 Diplom celo\u017eivotn\u00edho vzd\u011bl\u00e1v\u00e1n\u00ed<\/span><\/li><li><span style=\"color: #000000;\">31.05.2012 Osv\u011bd\u010den\u00ed o absolvov\u00e1n\u00ed kurzu \u010desk\u00e9ho znakov\u00e9ho jazyka pro za\u010d\u00e1te\u010dn\u00edky<\/span><\/li><li><span style=\"color: #000000;\">21.09.2012 Provider of Advanced Trauma Life Support<\/span><\/li><li><span style=\"color: #000000;\">20.11.2012 Kurz Airway management a difficult airway &#8211; certifik\u00e1t (19.-20.11.2012)<\/span><\/li><li><span style=\"color: #000000;\">05.06.2023 Diplom celo\u017eivotn\u00edho vzd\u011bl\u00e1v\u00e1n\u00ed \u010cLK<\/span><\/li><li><span style=\"color: #000000;\">Potvrzen\u00ed spln\u011bn\u00ed podm\u00ednek Z\u00e1vazn\u00e9ho stanoviska \u010cLK \u010d. 1\/2023 \u2013 vedouc\u00ed l\u00e9ka\u0159 ZZS<\/span><\/li><\/ul>\t\t\t\t\t\t\t\t<\/div>\n\t\t\t\t<\/div>\n\t\t\t\t<div class=\"elementor-element elementor-element-e2f3b82 elementor-widget elementor-widget-text-editor\" data-id=\"e2f3b82\" data-element_type=\"widget\" data-e-type=\"widget\" data-widget_type=\"text-editor.default\">\n\t\t\t\t<div class=\"elementor-widget-container\">\n\t\t\t\t\t\t\t\t\t<h3 style=\"text-align: center;\">Profesn\u00ed zku\u0161enosti:<\/h3><ul><li><p><span style=\"color: #000000;\">2025 a\u017e dosud Centrum gynekologick\u00e9 p\u00e9\u010de Znojmo<\/span><\/p><\/li><li><p><span style=\"color: #000000;\">2025 a\u017e dosud Centrum prenat\u00e1ln\u00ed diagnostiky Znojmo<\/span><\/p><\/li><li><p><span style=\"color: #000000;\">2022 a\u017e dosud \u010dlen Poradn\u00ed komise V\u011bze\u0148sk\u00e9 slu\u017eby Znojmo<\/span><\/p><\/li><li><p><span style=\"color: #000000;\">2021 a\u017e dosud FertiCare Znamed Znojmo &#8211; anesteziolog<\/span><\/p><\/li><li><p><span style=\"color: #000000;\">2020 a\u017e dosud G meda s.r.o. &#8211; anesteziolog<\/span><\/p><\/li><li><p><span style=\"color: #000000;\">2019 a\u017e dosud \u010dlen Bezpe\u010dnostn\u00ed rady m\u011bsta Moravsk\u00fd Krumlov<\/span><\/p><\/li><li><p><span style=\"color: #000000;\">2018 a\u017e 2023 \u010dlen Bezpe\u010dnostn\u00ed rady m\u011bsta Znojmo<\/span><\/p><\/li><li><p><span style=\"color: #000000;\">2017 a\u017e 2023 Vedouc\u00ed l\u00e9ka\u0159 Zdravotnick\u00e9 z\u00e1chrann\u00e9 slu\u017eby JmK Brno, \u00daO Znojmo<\/span><\/p><\/li><li><p><span style=\"color: #000000;\">2013 a\u017e dosud l\u00e9ka\u0159 Zdravotnick\u00e9 z\u00e1chrann\u00e9 slu\u017eby Kraje Vyso\u010dina, \u00daO T\u0159eb\u00ed\u010d<\/span><\/p><\/li><li><p><span style=\"color: #000000;\">2011 a\u017e 2017 intern\u00ed auditor syst\u00e9mu \u0159\u00edzen\u00ed kvality pro\u00a0Nemocnici Znojmo, p.o.<\/span><\/p><\/li><li><p><span style=\"color: #000000;\">2010 a\u017e 2013 odborn\u00fd konsultant IZIP- Elektronick\u00e1 zdravotn\u00ed kn\u00ed\u017eka<\/span><\/p><\/li><li><p><span style=\"color: #000000;\">2010 nerealizovan\u00e1 nab\u00eddka rektora B.I.B.S., a.s. na pozici extern\u00edho lektora pro <\/span><span style=\"color: #000000;\">strategick\u00e9 \u0159\u00edzen\u00ed nemocnic &#8211; oblast marketingu<\/span><\/p><\/li><li><p><span style=\"color: #000000;\">2007 a\u017e 2017 \u010dlen Organiza\u010dn\u00edho odboru Nemocnice Znojmo, p.o., \u00datvar zdravotn\u00edho <\/span><span style=\"color: #000000;\">auditu, kompletn\u00ed veden\u00ed a vzd\u011bl\u00e1v\u00e1n\u00ed zam\u011bstnanc\u016f Nemocnice Znojmo, <\/span><span style=\"color: #000000;\">p.o. v\u00a0kardiopulmon\u00e1ln\u00ed resuscitaci<\/span><\/p><\/li><li><p><span style=\"color: #000000;\">2004 a\u017e 2024 koroner Nemocnice Znojmo, p.o., LSPP<\/span><\/p><\/li><li><p><span style=\"color: #000000;\">1998 a\u017e dosud l\u00e9ka\u0159 Zdravotnick\u00e9 z\u00e1chrann\u00e9 slu\u017eby JmK Brno, \u00daO Znojmo<\/span><\/p><\/li><li><p><span style=\"color: #000000;\">1995 a\u017e dosud l\u00e9ka\u0159 Anesteziologicko resuscita\u010dn\u00edho odd\u011blen\u00ed, Nemocnice Znojmo p.o.<\/span><\/p><\/li><\/ul>\t\t\t\t\t\t\t\t<\/div>\n\t\t\t\t<\/div>\n\t\t\t\t<div class=\"elementor-element elementor-element-460d6e2 elementor-widget elementor-widget-text-editor\" data-id=\"460d6e2\" data-element_type=\"widget\" data-e-type=\"widget\" data-widget_type=\"text-editor.default\">\n\t\t\t\t<div class=\"elementor-widget-container\">\n\t\t\t\t\t\t\t\t\t<h3 style=\"text-align: center;\">Profesn\u00ed sdru\u017een\u00ed:<\/h3><ul><li><span style=\"color: #000000;\">\u010cesk\u00e1 l\u00e9ka\u0159sk\u00e1 komora<\/span><\/li><li><span style=\"color: #000000;\">\u010cesk\u00e1 l\u00e9ka\u0159sk\u00e1 spole\u010dnost J.E.Purkyn\u011b &#8211; ukon\u010deno 2018<\/span><\/li><li><span style=\"color: #000000;\">\u010cesk\u00e1 resuscita\u010dn\u00ed rada<\/span><\/li><\/ul>\t\t\t\t\t\t\t\t<\/div>\n\t\t\t\t<\/div>\n\t\t\t\t<div class=\"elementor-element elementor-element-aaa4d8c elementor-widget elementor-widget-text-editor\" data-id=\"aaa4d8c\" data-element_type=\"widget\" data-e-type=\"widget\" data-widget_type=\"text-editor.default\">\n\t\t\t\t<div class=\"elementor-widget-container\">\n\t\t\t\t\t\t\t\t\t<h3 style=\"text-align: center;\">Konference, presentace:<\/h3>\n<ul>\n<li>\n<p><span style=\"color: #000000;\">30.5.2002 celost\u00e1tn\u00ed symposium &#8211; 11. Hoder\u016fv den, Praha, VFN&nbsp;<\/span><span style=\"color: rgb(0, 0, 0); font-size: 14.592px; font-style: inherit; font-weight: inherit;\">presentace \u201e\u00daraz chladem\u201c<\/span><\/p>\n<\/li>\n<li>\n<p><span style=\"color: #000000;\">21.6.2023 1. celost\u00e1tn\u00ed konference Koroner, Jihlava, \u201e \u00dahel pohledu na koronera ze <\/span><span style=\"color: #000000;\">strany poskytovatele p\u00e9\u010de\u201c<\/span><\/p>\n<\/li>\n<\/ul>\t\t\t\t\t\t\t\t<\/div>\n\t\t\t\t<\/div>\n\t\t\t\t<div class=\"elementor-element elementor-element-9a036c1 elementor-widget elementor-widget-text-editor\" data-id=\"9a036c1\" data-element_type=\"widget\" data-e-type=\"widget\" data-widget_type=\"text-editor.default\">\n\t\t\t\t<div class=\"elementor-widget-container\">\n\t\t\t\t\t\t\t\t\t<h3 style=\"text-align: center;\">Odborn\u00e9 st\u00e1\u017ee:<\/h3><ul><li><span style=\"color: #000000;\">29.10.-9.11.2001, 2.6.-13.6.2003 Klinika d\u011btsk\u00e9 anesteziologie a resuscitace FN Brno- \u010cern\u00e1 <\/span><span style=\"color: #000000;\">Pole, prim. MUDr.Klimovi\u010d<\/span><\/li><li><span style=\"color: #000000;\">22.4.-26.4.2002 Anesteziologicko resuscita\u010dn\u00ed klinika Brno USA Peka\u0159sk\u00e1, <\/span><span style=\"color: #000000;\">Prof.MUDr.\u0160ev\u010d\u00edk,CSc.<\/span><\/li><li><span style=\"color: #000000;\">20.9.-27.9.2002 Klinika anesteziologie a resuscitace FN Motol Praha, Prof.MUDr.Karel\u00a0<\/span><span style=\"color: #000000;\">Cvachovec,CSc. MBA., Doc.MUDr.\u0160punda,CSc.<\/span><\/li><li><span style=\"color: #000000;\">21.1.-25.1.2002 Anesteziologicko resuscita\u010dn\u00ed klinika Ostrava Poruba , prim.MUDr.Jahoda<\/span><\/li><li><span style=\"color: #000000;\">23.9.-27.9.2002 IPVZ, FN Motol Praha \u2013Problematika anestezie v hrudn\u00ed chirurgii, <\/span><span style=\"color: #000000;\">Doc.MUDr.\u0160punda,CSc.<\/span><\/li><\/ul>\t\t\t\t\t\t\t\t<\/div>\n\t\t\t\t<\/div>\n\t\t\t\t<\/div>\n\t\t<div class=\"elementor-element elementor-element-d7b1254 e-grid e-con-full e-con e-parent\" data-id=\"d7b1254\" data-element_type=\"container\" data-e-type=\"container\">\n\t\t\t\t<div class=\"elementor-element elementor-element-9edd061 elementor-widget elementor-widget-text-editor\" data-id=\"9edd061\" data-element_type=\"widget\" data-e-type=\"widget\" data-widget_type=\"text-editor.default\">\n\t\t\t\t<div class=\"elementor-widget-container\">\n\t\t\t\t\t\t\t\t\t<h3 style=\"text-align: center;\">Ostatn\u00ed sdru\u017een\u00ed:<\/h3><ul><li><span style=\"color: #000000;\">\u010clen \u201eWho is who\u201c<\/span><\/li><\/ul>\t\t\t\t\t\t\t\t<\/div>\n\t\t\t\t<\/div>\n\t\t\t\t<\/div>\n\t\t<div class=\"elementor-element elementor-element-d1fc17c e-flex e-con-boxed e-con e-parent\" data-id=\"d1fc17c\" data-element_type=\"container\" data-e-type=\"container\">\n\t\t\t\t\t<div class=\"e-con-inner\">\n\t\t\t\t<div class=\"elementor-element elementor-element-8a74300 elementor-widget elementor-widget-spacer\" data-id=\"8a74300\" data-element_type=\"widget\" data-e-type=\"widget\" data-widget_type=\"spacer.default\">\n\t\t\t\t<div class=\"elementor-widget-container\">\n\t\t\t\t\t\t\t<div class=\"elementor-spacer\">\n\t\t\t<div class=\"elementor-spacer-inner\"><\/div>\n\t\t<\/div>\n\t\t\t\t\t\t<\/div>\n\t\t\t\t<\/div>\n\t\t\t\t\t<\/div>\n\t\t\t\t<\/div>\n\t\t\t\t<\/div>\n\t\t","protected":false},"excerpt":{"rendered":"<p>MUDr. Lud\u011bk Chloupek Vzd\u011bl\u00e1n\u00ed: 2008-2011 Brno International Business School, a.s., (Nottingham Trent University,UK), 28.1.2011 Master of Science in Management Studies [&hellip;]<\/p>\n","protected":false},"author":4,"featured_media":0,"parent":0,"menu_order":0,"comment_status":"closed","ping_status":"closed","template":"","meta":{"site-sidebar-layout":"no-sidebar","site-content-layout":"","ast-site-content-layout":"full-width-container","site-content-style":"default","site-sidebar-style":"default","ast-global-header-display":"","ast-banner-title-visibility":"","ast-main-header-display":"","ast-hfb-above-header-display":"","ast-hfb-below-header-display":"","ast-hfb-mobile-header-display":"","site-post-title":"disabled","ast-breadcrumbs-content":"","ast-featured-img":"disabled","footer-sml-layout":"","theme-transparent-header-meta":"","adv-header-id-meta":"","stick-header-meta":"","header-above-stick-meta":"","header-main-stick-meta":"","header-below-stick-meta":"","astra-migrate-meta-layouts":"default","ast-page-background-enabled":"default","ast-page-background-meta":{"desktop":{"background-color":"var(--ast-global-color-4)","background-image":"","background-repeat":"repeat","background-position":"center center","background-size":"auto","background-attachment":"scroll","background-type":"","background-media":"","overlay-type":"","overlay-color":"","overlay-opacity":"","overlay-gradient":""},"tablet":{"background-color":"","background-image":"","background-repeat":"repeat","background-position":"center center","background-size":"auto","background-attachment":"scroll","background-type":"","background-media":"","overlay-type":"","overlay-color":"","overlay-opacity":"","overlay-gradient":""},"mobile":{"background-color":"","background-image":"","background-repeat":"repeat","background-position":"center center","background-size":"auto","background-attachment":"scroll","background-type":"","background-media":"","overlay-type":"","overlay-color":"","overlay-opacity":"","overlay-gradient":""}},"ast-content-background-meta":{"desktop":{"background-color":"var(--ast-global-color-5)","background-image":"","background-repeat":"repeat","background-position":"center center","background-size":"auto","background-attachment":"scroll","background-type":"","background-media":"","overlay-type":"","overlay-color":"","overlay-opacity":"","overlay-gradient":""},"tablet":{"background-color":"var(--ast-global-color-5)","background-image":"","background-repeat":"repeat","background-position":"center center","background-size":"auto","background-attachment":"scroll","background-type":"","background-media":"","overlay-type":"","overlay-color":"","overlay-opacity":"","overlay-gradient":""},"mobile":{"background-color":"var(--ast-global-color-5)","background-image":"","background-repeat":"repeat","background-position":"center center","background-size":"auto","background-attachment":"scroll","background-type":"","background-media":"","overlay-type":"","overlay-color":"","overlay-opacity":"","overlay-gradient":""}},"footnotes":""},"class_list":["post-2662","page","type-page","status-publish","hentry"],"_links":{"self":[{"href":"https:\/\/www.znojmo-prenatal.cz\/index.php\/wp-json\/wp\/v2\/pages\/2662","targetHints":{"allow":["GET"]}}],"collection":[{"href":"https:\/\/www.znojmo-prenatal.cz\/index.php\/wp-json\/wp\/v2\/pages"}],"about":[{"href":"https:\/\/www.znojmo-prenatal.cz\/index.php\/wp-json\/wp\/v2\/types\/page"}],"author":[{"embeddable":true,"href":"https:\/\/www.znojmo-prenatal.cz\/index.php\/wp-json\/wp\/v2\/users\/4"}],"replies":[{"embeddable":true,"href":"https:\/\/www.znojmo-prenatal.cz\/index.php\/wp-json\/wp\/v2\/comments?post=2662"}],"version-history":[{"count":17,"href":"https:\/\/www.znojmo-prenatal.cz\/index.php\/wp-json\/wp\/v2\/pages\/2662\/revisions"}],"predecessor-version":[{"id":2946,"href":"https:\/\/www.znojmo-prenatal.cz\/index.php\/wp-json\/wp\/v2\/pages\/2662\/revisions\/2946"}],"wp:attachment":[{"href":"https:\/\/www.znojmo-prenatal.cz\/index.php\/wp-json\/wp\/v2\/media?parent=2662"}],"curies":[{"name":"wp","href":"https:\/\/api.w.org\/{rel}","templated":true}]}}