{"id":2362,"date":"2025-03-27T21:38:19","date_gmt":"2025-03-27T21:38:19","guid":{"rendered":"https:\/\/www.znojmo-prenatal.cz\/?page_id=2362"},"modified":"2025-03-30T12:12:16","modified_gmt":"2025-03-30T12:12:16","slug":"bc-lenka-puklova","status":"publish","type":"page","link":"https:\/\/www.znojmo-prenatal.cz\/index.php\/bc-lenka-puklova\/","title":{"rendered":"Bc. Lenka Puklov\u00e1"},"content":{"rendered":"\t\t<div data-elementor-type=\"wp-page\" data-elementor-id=\"2362\" class=\"elementor elementor-2362\">\n\t\t\t\t<div class=\"elementor-element elementor-element-319b379 e-flex e-con-boxed e-con e-parent\" data-id=\"319b379\" data-element_type=\"container\" data-e-type=\"container\">\n\t\t\t\t\t<div class=\"e-con-inner\">\n\t\t\t\t<div class=\"elementor-element elementor-element-f73a295 elementor-widget elementor-widget-spacer\" data-id=\"f73a295\" data-element_type=\"widget\" data-e-type=\"widget\" data-widget_type=\"spacer.default\">\n\t\t\t\t<div class=\"elementor-widget-container\">\n\t\t\t\t\t\t\t<div class=\"elementor-spacer\">\n\t\t\t<div class=\"elementor-spacer-inner\"><\/div>\n\t\t<\/div>\n\t\t\t\t\t\t<\/div>\n\t\t\t\t<\/div>\n\t\t\t\t<div class=\"elementor-element elementor-element-8097588 elementor-widget elementor-widget-spacer\" data-id=\"8097588\" data-element_type=\"widget\" data-e-type=\"widget\" data-widget_type=\"spacer.default\">\n\t\t\t\t<div class=\"elementor-widget-container\">\n\t\t\t\t\t\t\t<div class=\"elementor-spacer\">\n\t\t\t<div class=\"elementor-spacer-inner\"><\/div>\n\t\t<\/div>\n\t\t\t\t\t\t<\/div>\n\t\t\t\t<\/div>\n\t\t\t\t<div class=\"elementor-element elementor-element-a3ca95a elementor-widget elementor-widget-spacer\" data-id=\"a3ca95a\" data-element_type=\"widget\" data-e-type=\"widget\" data-widget_type=\"spacer.default\">\n\t\t\t\t<div class=\"elementor-widget-container\">\n\t\t\t\t\t\t\t<div class=\"elementor-spacer\">\n\t\t\t<div class=\"elementor-spacer-inner\"><\/div>\n\t\t<\/div>\n\t\t\t\t\t\t<\/div>\n\t\t\t\t<\/div>\n\t\t\t\t<div class=\"elementor-element elementor-element-2a4c9c1 elementor-widget elementor-widget-heading\" data-id=\"2a4c9c1\" data-element_type=\"widget\" data-e-type=\"widget\" data-widget_type=\"heading.default\">\n\t\t\t\t<div class=\"elementor-widget-container\">\n\t\t\t\t\t<h2 class=\"elementor-heading-title elementor-size-default\">Bc. Lenka Puklov\u00e1<\/h2>\t\t\t\t<\/div>\n\t\t\t\t<\/div>\n\t\t\t\t<div class=\"elementor-element elementor-element-07265d1 elementor-widget-divider--view-line elementor-widget elementor-widget-divider\" data-id=\"07265d1\" data-element_type=\"widget\" data-e-type=\"widget\" data-widget_type=\"divider.default\">\n\t\t\t\t<div class=\"elementor-widget-container\">\n\t\t\t\t\t\t\t<div class=\"elementor-divider\">\n\t\t\t<span class=\"elementor-divider-separator\">\n\t\t\t\t\t\t<\/span>\n\t\t<\/div>\n\t\t\t\t\t\t<\/div>\n\t\t\t\t<\/div>\n\t\t\t\t<div class=\"elementor-element elementor-element-3601623 elementor-widget elementor-widget-spacer\" data-id=\"3601623\" data-element_type=\"widget\" data-e-type=\"widget\" data-widget_type=\"spacer.default\">\n\t\t\t\t<div class=\"elementor-widget-container\">\n\t\t\t\t\t\t\t<div class=\"elementor-spacer\">\n\t\t\t<div class=\"elementor-spacer-inner\"><\/div>\n\t\t<\/div>\n\t\t\t\t\t\t<\/div>\n\t\t\t\t<\/div>\n\t\t\t\t<div class=\"elementor-element elementor-element-8996837 elementor-widget elementor-widget-text-editor\" data-id=\"8996837\" data-element_type=\"widget\" data-e-type=\"widget\" data-widget_type=\"text-editor.default\">\n\t\t\t\t<div class=\"elementor-widget-container\">\n\t\t\t\t\t\t\t\t\t<h2 style=\"text-align: center;\">Bc. Lenka Puklov\u00e1 \u2013 Porodn\u00ed asistentka \u2013 <a href=\"https:\/\/www.znojmo-prenatal.cz\/index.php\/centrum-gynekologicke-pece\/\">Centrum gynekologick\u00e9 p\u00e9\u010de<\/a><\/h2>\t\t\t\t\t\t\t\t<\/div>\n\t\t\t\t<\/div>\n\t\t\t\t\t<\/div>\n\t\t\t\t<\/div>\n\t\t<div class=\"elementor-element elementor-element-bceb791 e-flex e-con-boxed e-con e-parent\" data-id=\"bceb791\" data-element_type=\"container\" data-e-type=\"container\">\n\t\t\t\t\t<div class=\"e-con-inner\">\n\t\t\t\t<div class=\"elementor-element elementor-element-8dad9b1 elementor-widget__width-initial elementor-widget elementor-widget-image\" data-id=\"8dad9b1\" data-element_type=\"widget\" data-e-type=\"widget\" data-widget_type=\"image.default\">\n\t\t\t\t<div class=\"elementor-widget-container\">\n\t\t\t\t\t\t\t\t\t\t\t\t\t\t\t<img fetchpriority=\"high\" decoding=\"async\" width=\"1024\" height=\"1024\" src=\"https:\/\/www.znojmo-prenatal.cz\/wp-content\/uploads\/2024\/11\/1-1024x1024.png\" class=\"attachment-large size-large wp-image-1868\" alt=\"\" srcset=\"https:\/\/www.znojmo-prenatal.cz\/wp-content\/uploads\/2024\/11\/1-1024x1024.png 1024w, https:\/\/www.znojmo-prenatal.cz\/wp-content\/uploads\/2024\/11\/1-300x300.png 300w, https:\/\/www.znojmo-prenatal.cz\/wp-content\/uploads\/2024\/11\/1-150x150.png 150w, https:\/\/www.znojmo-prenatal.cz\/wp-content\/uploads\/2024\/11\/1-768x768.png 768w, https:\/\/www.znojmo-prenatal.cz\/wp-content\/uploads\/2024\/11\/1.png 1080w\" sizes=\"(max-width: 1024px) 100vw, 1024px\" \/>\t\t\t\t\t\t\t\t\t\t\t\t\t\t\t<\/div>\n\t\t\t\t<\/div>\n\t\t\t\t\t<\/div>\n\t\t\t\t<\/div>\n\t\t<div class=\"elementor-element elementor-element-fa838ad e-grid e-con-boxed e-con e-parent\" data-id=\"fa838ad\" data-element_type=\"container\" data-e-type=\"container\">\n\t\t\t\t\t<div class=\"e-con-inner\">\n\t\t\t\t<div class=\"elementor-element elementor-element-16576e7 elementor-widget elementor-widget-text-editor\" data-id=\"16576e7\" data-element_type=\"widget\" data-e-type=\"widget\" data-widget_type=\"text-editor.default\">\n\t\t\t\t<div class=\"elementor-widget-container\">\n\t\t\t\t\t\t\t\t\t<h3 style=\"text-align: center;\"><strong>Vzd\u011bl\u00e1n\u00ed:<\/strong><\/h3><ul><li><span style=\"color: #000000;\">2013-2016 Vysok\u00e1 \u0161kola polytechnick\u00e1 v Jihlav\u011b &#8211; Porodn\u00ed asistentka<\/span><\/li><li><span style=\"color: #000000;\">2008-2012 St\u0159edn\u00ed zdravotnick\u00e1 \u0161kola ve Znojm\u011b &#8211; Zdravotnick\u00fd asistent<\/span><\/li><\/ul>\t\t\t\t\t\t\t\t<\/div>\n\t\t\t\t<\/div>\n\t\t\t\t<div class=\"elementor-element elementor-element-da6b784 elementor-widget elementor-widget-text-editor\" data-id=\"da6b784\" data-element_type=\"widget\" data-e-type=\"widget\" data-widget_type=\"text-editor.default\">\n\t\t\t\t<div class=\"elementor-widget-container\">\n\t\t\t\t\t\t\t\t\t<h3 style=\"text-align: center;\">Odborn\u00e1 praxe:<\/h3><ul><li><span style=\"color: #000000;\">2023 \u2013 sou\u010dasnost Porodn\u00ed asistentka &#8211; Nemocnice Znojmo, p\u0159\u00edsp\u011bvkov\u00e1 organizace &#8211; Gynekologicko-porodnick\u00e9 ( l\u016f\u017ekov\u00e1 gynekologie)<\/span><br \/><span style=\"color: #000000;\">Poradna pro rizikov\u00e1 t\u011bhotenstv\u00ed<\/span><\/li><li><span style=\"color: #000000;\">2017 \u2013 2018 Porodn\u00ed asistentka &#8211; Nemocnice Znojmo, p\u0159\u00edsp\u011bvkov\u00e1 organizace &#8211; Gynekologicko-porodnick\u00e9 ( l\u016f\u017ekov\u00e1 gynekologie, porodn\u00ed s\u00e1l )<\/span><\/li><li><span style=\"color: #000000;\">\u00a02016 \u2013\u00a0 2017 Porodn\u00ed asistentka &#8211; Nemocnice Milosrdn\u00fdch brat\u0159\u00ed v Brn\u011b &#8211; Gynekologicko-porodnick\u00e9 ( porodn\u00ed s\u00e1l)<\/span><\/li><\/ul>\t\t\t\t\t\t\t\t<\/div>\n\t\t\t\t<\/div>\n\t\t\t\t\t<\/div>\n\t\t\t\t<\/div>\n\t\t\t\t<\/div>\n\t\t","protected":false},"excerpt":{"rendered":"<p>Bc. Lenka Puklov\u00e1 Bc. Lenka Puklov\u00e1 \u2013 Porodn\u00ed asistentka \u2013 Centrum gynekologick\u00e9 p\u00e9\u010de Vzd\u011bl\u00e1n\u00ed: 2013-2016 Vysok\u00e1 \u0161kola polytechnick\u00e1 v Jihlav\u011b [&hellip;]<\/p>\n","protected":false},"author":4,"featured_media":0,"parent":0,"menu_order":0,"comment_status":"closed","ping_status":"closed","template":"","meta":{"site-sidebar-layout":"no-sidebar","site-content-layout":"","ast-site-content-layout":"full-width-container","site-content-style":"default","site-sidebar-style":"default","ast-global-header-display":"","ast-banner-title-visibility":"","ast-main-header-display":"","ast-hfb-above-header-display":"","ast-hfb-below-header-display":"","ast-hfb-mobile-header-display":"","site-post-title":"disabled","ast-breadcrumbs-content":"","ast-featured-img":"disabled","footer-sml-layout":"","theme-transparent-header-meta":"","adv-header-id-meta":"","stick-header-meta":"","header-above-stick-meta":"","header-main-stick-meta":"","header-below-stick-meta":"","astra-migrate-meta-layouts":"default","ast-page-background-enabled":"default","ast-page-background-meta":{"desktop":{"background-color":"var(--ast-global-color-4)","background-image":"","background-repeat":"repeat","background-position":"center center","background-size":"auto","background-attachment":"scroll","background-type":"","background-media":"","overlay-type":"","overlay-color":"","overlay-opacity":"","overlay-gradient":""},"tablet":{"background-color":"","background-image":"","background-repeat":"repeat","background-position":"center center","background-size":"auto","background-attachment":"scroll","background-type":"","background-media":"","overlay-type":"","overlay-color":"","overlay-opacity":"","overlay-gradient":""},"mobile":{"background-color":"","background-image":"","background-repeat":"repeat","background-position":"center center","background-size":"auto","background-attachment":"scroll","background-type":"","background-media":"","overlay-type":"","overlay-color":"","overlay-opacity":"","overlay-gradient":""}},"ast-content-background-meta":{"desktop":{"background-color":"var(--ast-global-color-5)","background-image":"","background-repeat":"repeat","background-position":"center center","background-size":"auto","background-attachment":"scroll","background-type":"","background-media":"","overlay-type":"","overlay-color":"","overlay-opacity":"","overlay-gradient":""},"tablet":{"background-color":"var(--ast-global-color-5)","background-image":"","background-repeat":"repeat","background-position":"center center","background-size":"auto","background-attachment":"scroll","background-type":"","background-media":"","overlay-type":"","overlay-color":"","overlay-opacity":"","overlay-gradient":""},"mobile":{"background-color":"var(--ast-global-color-5)","background-image":"","background-repeat":"repeat","background-position":"center center","background-size":"auto","background-attachment":"scroll","background-type":"","background-media":"","overlay-type":"","overlay-color":"","overlay-opacity":"","overlay-gradient":""}},"footnotes":""},"class_list":["post-2362","page","type-page","status-publish","hentry"],"_links":{"self":[{"href":"https:\/\/www.znojmo-prenatal.cz\/index.php\/wp-json\/wp\/v2\/pages\/2362","targetHints":{"allow":["GET"]}}],"collection":[{"href":"https:\/\/www.znojmo-prenatal.cz\/index.php\/wp-json\/wp\/v2\/pages"}],"about":[{"href":"https:\/\/www.znojmo-prenatal.cz\/index.php\/wp-json\/wp\/v2\/types\/page"}],"author":[{"embeddable":true,"href":"https:\/\/www.znojmo-prenatal.cz\/index.php\/wp-json\/wp\/v2\/users\/4"}],"replies":[{"embeddable":true,"href":"https:\/\/www.znojmo-prenatal.cz\/index.php\/wp-json\/wp\/v2\/comments?post=2362"}],"version-history":[{"count":8,"href":"https:\/\/www.znojmo-prenatal.cz\/index.php\/wp-json\/wp\/v2\/pages\/2362\/revisions"}],"predecessor-version":[{"id":2384,"href":"https:\/\/www.znojmo-prenatal.cz\/index.php\/wp-json\/wp\/v2\/pages\/2362\/revisions\/2384"}],"wp:attachment":[{"href":"https:\/\/www.znojmo-prenatal.cz\/index.php\/wp-json\/wp\/v2\/media?parent=2362"}],"curies":[{"name":"wp","href":"https:\/\/api.w.org\/{rel}","templated":true}]}}