{"id":1743,"date":"2024-11-02T19:15:46","date_gmt":"2024-11-02T19:15:46","guid":{"rendered":"https:\/\/www.tepedesign.cz\/?page_id=1743"},"modified":"2024-11-02T19:19:15","modified_gmt":"2024-11-02T19:19:15","slug":"custom","status":"publish","type":"page","link":"https:\/\/www.znojmo-prenatal.cz\/index.php\/custom\/","title":{"rendered":"custom"},"content":{"rendered":"\t\t<div data-elementor-type=\"wp-page\" data-elementor-id=\"1743\" class=\"elementor elementor-1743\">\n\t\t\t\t<div class=\"elementor-element elementor-element-9e7ea98 e-flex e-con-boxed e-con e-parent\" data-id=\"9e7ea98\" data-element_type=\"container\" data-e-type=\"container\">\n\t\t\t\t\t<div class=\"e-con-inner\">\n\t\t\t\t<div class=\"elementor-element elementor-element-8c28cac elementor-widget elementor-widget-spacer\" data-id=\"8c28cac\" data-element_type=\"widget\" data-e-type=\"widget\" data-widget_type=\"spacer.default\">\n\t\t\t\t<div class=\"elementor-widget-container\">\n\t\t\t\t\t\t\t<div class=\"elementor-spacer\">\n\t\t\t<div class=\"elementor-spacer-inner\"><\/div>\n\t\t<\/div>\n\t\t\t\t\t\t<\/div>\n\t\t\t\t<\/div>\n\t\t\t\t<div class=\"elementor-element elementor-element-cea92bb elementor-widget elementor-widget-spacer\" data-id=\"cea92bb\" data-element_type=\"widget\" data-e-type=\"widget\" data-widget_type=\"spacer.default\">\n\t\t\t\t<div class=\"elementor-widget-container\">\n\t\t\t\t\t\t\t<div class=\"elementor-spacer\">\n\t\t\t<div class=\"elementor-spacer-inner\"><\/div>\n\t\t<\/div>\n\t\t\t\t\t\t<\/div>\n\t\t\t\t<\/div>\n\t\t\t\t<div class=\"elementor-element elementor-element-6e934c5 elementor-widget elementor-widget-spacer\" data-id=\"6e934c5\" data-element_type=\"widget\" data-e-type=\"widget\" data-widget_type=\"spacer.default\">\n\t\t\t\t<div class=\"elementor-widget-container\">\n\t\t\t\t\t\t\t<div class=\"elementor-spacer\">\n\t\t\t<div class=\"elementor-spacer-inner\"><\/div>\n\t\t<\/div>\n\t\t\t\t\t\t<\/div>\n\t\t\t\t<\/div>\n\t\t\t\t<div class=\"elementor-element elementor-element-ac826a1 elementor-widget__width-initial elementor-widget elementor-widget-heading\" data-id=\"ac826a1\" data-element_type=\"widget\" data-e-type=\"widget\" data-widget_type=\"heading.default\">\n\t\t\t\t<div class=\"elementor-widget-container\">\n\t\t\t\t\t<h2 class=\"elementor-heading-title elementor-size-default\">Custom<\/h2>\t\t\t\t<\/div>\n\t\t\t\t<\/div>\n\t\t\t\t<div class=\"elementor-element elementor-element-5e4e033 elementor-widget-divider--view-line elementor-widget elementor-widget-divider\" data-id=\"5e4e033\" data-element_type=\"widget\" data-e-type=\"widget\" data-widget_type=\"divider.default\">\n\t\t\t\t<div class=\"elementor-widget-container\">\n\t\t\t\t\t\t\t<div class=\"elementor-divider\">\n\t\t\t<span class=\"elementor-divider-separator\">\n\t\t\t\t\t\t<\/span>\n\t\t<\/div>\n\t\t\t\t\t\t<\/div>\n\t\t\t\t<\/div>\n\t\t<div class=\"elementor-element elementor-element-31e05d8 e-grid e-con-full e-con e-child\" data-id=\"31e05d8\" data-element_type=\"container\" data-e-type=\"container\">\n\t\t\t\t<div class=\"elementor-element elementor-element-767af23 elementor-widget elementor-widget-image\" data-id=\"767af23\" data-element_type=\"widget\" data-e-type=\"widget\" data-widget_type=\"image.default\">\n\t\t\t\t<div class=\"elementor-widget-container\">\n\t\t\t\t\t\t\t\t\t\t\t\t\t\t\t<img fetchpriority=\"high\" decoding=\"async\" width=\"1080\" height=\"1080\" src=\"https:\/\/www.znojmo-prenatal.cz\/wp-content\/uploads\/2024\/11\/Custom.png\" class=\"attachment-2048x2048 size-2048x2048 wp-image-1745\" alt=\"\" srcset=\"https:\/\/www.znojmo-prenatal.cz\/wp-content\/uploads\/2024\/11\/Custom.png 1080w, https:\/\/www.znojmo-prenatal.cz\/wp-content\/uploads\/2024\/11\/Custom-300x300.png 300w, https:\/\/www.znojmo-prenatal.cz\/wp-content\/uploads\/2024\/11\/Custom-1024x1024.png 1024w, https:\/\/www.znojmo-prenatal.cz\/wp-content\/uploads\/2024\/11\/Custom-150x150.png 150w, https:\/\/www.znojmo-prenatal.cz\/wp-content\/uploads\/2024\/11\/Custom-768x768.png 768w\" sizes=\"(max-width: 1080px) 100vw, 1080px\" \/>\t\t\t\t\t\t\t\t\t\t\t\t\t\t\t<\/div>\n\t\t\t\t<\/div>\n\t\t\t\t<\/div>\n\t\t\t\t<div class=\"elementor-element elementor-element-0ee65f3 elementor-widget elementor-widget-heading\" data-id=\"0ee65f3\" data-element_type=\"widget\" data-e-type=\"widget\" data-widget_type=\"heading.default\">\n\t\t\t\t<div class=\"elementor-widget-container\">\n\t\t\t\t\t<h2 class=\"elementor-heading-title elementor-size-default\">Pokud si u n\u00e1s nevyberete z dostupn\u00e9 nab\u00eddky, r\u00e1di v\u00e1m sestav\u00edme infuzi p\u0159\u00edmo na m\u00edru\nva\u0161im specifick\u00fdm pot\u0159eb\u00e1m. Po konzultaci s na\u0161imi odborn\u00edky v\u00e1m p\u0159iprav\u00edme infuzi, kter\u00e1\nbude obsahovat p\u0159esn\u00e9 slo\u017een\u00ed vitam\u00edn\u016f, miner\u00e1l\u016f a dal\u0161\u00edch \u017eivin pro maxim\u00e1ln\u00ed podporu\nva\u0161\u00ed energie, imunity a celkov\u00e9 vitality.<br>\n<br>Ka\u017ed\u00e9 t\u011blo m\u00e1 jedine\u010dn\u00e9 pot\u0159eby, a infuze na m\u00edru v\u00e1m umo\u017en\u00ed p\u0159esn\u011b c\u00edlit na to, co\npot\u0159ebujete \u2013 a\u0165 u\u017e je to zv\u00fd\u0161en\u00ed energie, pos\u00edlen\u00ed imunity, regenerace po n\u00e1ro\u010dn\u00e9m obdob\u00ed\nnebo zlep\u0161en\u00ed pleti. V\u00fdhodou infuze na m\u00edru je nejen rychlej\u0161\u00ed \u00fa\u010dinek, ale tak\u00e9 mo\u017enost dodat\nva\u0161emu t\u011blu optim\u00e1ln\u00ed slo\u017een\u00ed \u017eivin p\u0159esn\u011b podle va\u0161eho \u017eivotn\u00edho stylu.<\/h2>\t\t\t\t<\/div>\n\t\t\t\t<\/div>\n\t\t\t\t<div class=\"elementor-element elementor-element-d314390 elementor-widget elementor-widget-spacer\" data-id=\"d314390\" data-element_type=\"widget\" data-e-type=\"widget\" data-widget_type=\"spacer.default\">\n\t\t\t\t<div class=\"elementor-widget-container\">\n\t\t\t\t\t\t\t<div class=\"elementor-spacer\">\n\t\t\t<div class=\"elementor-spacer-inner\"><\/div>\n\t\t<\/div>\n\t\t\t\t\t\t<\/div>\n\t\t\t\t<\/div>\n\t\t\t\t\t<\/div>\n\t\t\t\t<\/div>\n\t\t\t\t<\/div>\n\t\t","protected":false},"excerpt":{"rendered":"<p>Custom Pokud si u n\u00e1s nevyberete z dostupn\u00e9 nab\u00eddky, r\u00e1di v\u00e1m sestav\u00edme infuzi p\u0159\u00edmo na m\u00edru va\u0161im specifick\u00fdm pot\u0159eb\u00e1m. Po [&hellip;]<\/p>\n","protected":false},"author":4,"featured_media":0,"parent":0,"menu_order":0,"comment_status":"closed","ping_status":"closed","template":"","meta":{"site-sidebar-layout":"no-sidebar","site-content-layout":"","ast-site-content-layout":"full-width-container","site-content-style":"default","site-sidebar-style":"default","ast-global-header-display":"","ast-banner-title-visibility":"","ast-main-header-display":"","ast-hfb-above-header-display":"","ast-hfb-below-header-display":"","ast-hfb-mobile-header-display":"","site-post-title":"disabled","ast-breadcrumbs-content":"","ast-featured-img":"disabled","footer-sml-layout":"","theme-transparent-header-meta":"","adv-header-id-meta":"","stick-header-meta":"","header-above-stick-meta":"","header-main-stick-meta":"","header-below-stick-meta":"","astra-migrate-meta-layouts":"default","ast-page-background-enabled":"default","ast-page-background-meta":{"desktop":{"background-color":"var(--ast-global-color-4)","background-image":"","background-repeat":"repeat","background-position":"center center","background-size":"auto","background-attachment":"scroll","background-type":"","background-media":"","overlay-type":"","overlay-color":"","overlay-opacity":"","overlay-gradient":""},"tablet":{"background-color":"","background-image":"","background-repeat":"repeat","background-position":"center center","background-size":"auto","background-attachment":"scroll","background-type":"","background-media":"","overlay-type":"","overlay-color":"","overlay-opacity":"","overlay-gradient":""},"mobile":{"background-color":"","background-image":"","background-repeat":"repeat","background-position":"center center","background-size":"auto","background-attachment":"scroll","background-type":"","background-media":"","overlay-type":"","overlay-color":"","overlay-opacity":"","overlay-gradient":""}},"ast-content-background-meta":{"desktop":{"background-color":"var(--ast-global-color-5)","background-image":"","background-repeat":"repeat","background-position":"center center","background-size":"auto","background-attachment":"scroll","background-type":"","background-media":"","overlay-type":"","overlay-color":"","overlay-opacity":"","overlay-gradient":""},"tablet":{"background-color":"var(--ast-global-color-5)","background-image":"","background-repeat":"repeat","background-position":"center center","background-size":"auto","background-attachment":"scroll","background-type":"","background-media":"","overlay-type":"","overlay-color":"","overlay-opacity":"","overlay-gradient":""},"mobile":{"background-color":"var(--ast-global-color-5)","background-image":"","background-repeat":"repeat","background-position":"center center","background-size":"auto","background-attachment":"scroll","background-type":"","background-media":"","overlay-type":"","overlay-color":"","overlay-opacity":"","overlay-gradient":""}},"footnotes":""},"class_list":["post-1743","page","type-page","status-publish","hentry"],"_links":{"self":[{"href":"https:\/\/www.znojmo-prenatal.cz\/index.php\/wp-json\/wp\/v2\/pages\/1743","targetHints":{"allow":["GET"]}}],"collection":[{"href":"https:\/\/www.znojmo-prenatal.cz\/index.php\/wp-json\/wp\/v2\/pages"}],"about":[{"href":"https:\/\/www.znojmo-prenatal.cz\/index.php\/wp-json\/wp\/v2\/types\/page"}],"author":[{"embeddable":true,"href":"https:\/\/www.znojmo-prenatal.cz\/index.php\/wp-json\/wp\/v2\/users\/4"}],"replies":[{"embeddable":true,"href":"https:\/\/www.znojmo-prenatal.cz\/index.php\/wp-json\/wp\/v2\/comments?post=1743"}],"version-history":[{"count":7,"href":"https:\/\/www.znojmo-prenatal.cz\/index.php\/wp-json\/wp\/v2\/pages\/1743\/revisions"}],"predecessor-version":[{"id":1752,"href":"https:\/\/www.znojmo-prenatal.cz\/index.php\/wp-json\/wp\/v2\/pages\/1743\/revisions\/1752"}],"wp:attachment":[{"href":"https:\/\/www.znojmo-prenatal.cz\/index.php\/wp-json\/wp\/v2\/media?parent=1743"}],"curies":[{"name":"wp","href":"https:\/\/api.w.org\/{rel}","templated":true}]}}