{"id":1683,"date":"2024-10-31T17:40:29","date_gmt":"2024-10-31T17:40:29","guid":{"rendered":"https:\/\/www.tepedesign.cz\/?page_id=1683"},"modified":"2026-02-02T16:12:42","modified_gmt":"2026-02-02T16:12:42","slug":"mineral-plus","status":"publish","type":"page","link":"https:\/\/www.znojmo-prenatal.cz\/index.php\/mineral-plus\/","title":{"rendered":"mineral plus"},"content":{"rendered":"\t\t<div data-elementor-type=\"wp-page\" data-elementor-id=\"1683\" class=\"elementor elementor-1683\">\n\t\t\t\t<div class=\"elementor-element elementor-element-7832355 e-flex e-con-boxed e-con e-parent\" data-id=\"7832355\" data-element_type=\"container\" data-e-type=\"container\">\n\t\t\t\t\t<div class=\"e-con-inner\">\n\t\t\t\t<div class=\"elementor-element elementor-element-e420e33 elementor-widget elementor-widget-spacer\" data-id=\"e420e33\" data-element_type=\"widget\" data-e-type=\"widget\" data-widget_type=\"spacer.default\">\n\t\t\t\t<div class=\"elementor-widget-container\">\n\t\t\t\t\t\t\t<div class=\"elementor-spacer\">\n\t\t\t<div class=\"elementor-spacer-inner\"><\/div>\n\t\t<\/div>\n\t\t\t\t\t\t<\/div>\n\t\t\t\t<\/div>\n\t\t\t\t<div class=\"elementor-element elementor-element-a590427 elementor-widget elementor-widget-spacer\" data-id=\"a590427\" data-element_type=\"widget\" data-e-type=\"widget\" data-widget_type=\"spacer.default\">\n\t\t\t\t<div class=\"elementor-widget-container\">\n\t\t\t\t\t\t\t<div class=\"elementor-spacer\">\n\t\t\t<div class=\"elementor-spacer-inner\"><\/div>\n\t\t<\/div>\n\t\t\t\t\t\t<\/div>\n\t\t\t\t<\/div>\n\t\t\t\t<div class=\"elementor-element elementor-element-4687c20 elementor-widget elementor-widget-spacer\" data-id=\"4687c20\" data-element_type=\"widget\" data-e-type=\"widget\" data-widget_type=\"spacer.default\">\n\t\t\t\t<div class=\"elementor-widget-container\">\n\t\t\t\t\t\t\t<div class=\"elementor-spacer\">\n\t\t\t<div class=\"elementor-spacer-inner\"><\/div>\n\t\t<\/div>\n\t\t\t\t\t\t<\/div>\n\t\t\t\t<\/div>\n\t\t\t\t<div class=\"elementor-element elementor-element-1f8c29f elementor-widget__width-initial elementor-widget elementor-widget-heading\" data-id=\"1f8c29f\" data-element_type=\"widget\" data-e-type=\"widget\" data-widget_type=\"heading.default\">\n\t\t\t\t<div class=\"elementor-widget-container\">\n\t\t\t\t\t<h2 class=\"elementor-heading-title elementor-size-default\">Mineral plus<\/h2>\t\t\t\t<\/div>\n\t\t\t\t<\/div>\n\t\t\t\t<div class=\"elementor-element elementor-element-06b244b elementor-widget-divider--view-line elementor-widget elementor-widget-divider\" data-id=\"06b244b\" data-element_type=\"widget\" data-e-type=\"widget\" data-widget_type=\"divider.default\">\n\t\t\t\t<div class=\"elementor-widget-container\">\n\t\t\t\t\t\t\t<div class=\"elementor-divider\">\n\t\t\t<span class=\"elementor-divider-separator\">\n\t\t\t\t\t\t<\/span>\n\t\t<\/div>\n\t\t\t\t\t\t<\/div>\n\t\t\t\t<\/div>\n\t\t<div class=\"elementor-element elementor-element-4fabc4a e-grid e-con-full e-con e-child\" data-id=\"4fabc4a\" data-element_type=\"container\" data-e-type=\"container\">\n\t\t\t\t<div class=\"elementor-element elementor-element-b68899f elementor-widget elementor-widget-image\" data-id=\"b68899f\" data-element_type=\"widget\" data-e-type=\"widget\" data-widget_type=\"image.default\">\n\t\t\t\t<div class=\"elementor-widget-container\">\n\t\t\t\t\t\t\t\t\t\t\t\t\t\t\t<img fetchpriority=\"high\" decoding=\"async\" width=\"1080\" height=\"1080\" src=\"https:\/\/www.znojmo-prenatal.cz\/wp-content\/uploads\/2024\/10\/Mineral-Plus.png\" class=\"attachment-2048x2048 size-2048x2048 wp-image-1685\" alt=\"\" srcset=\"https:\/\/www.znojmo-prenatal.cz\/wp-content\/uploads\/2024\/10\/Mineral-Plus.png 1080w, https:\/\/www.znojmo-prenatal.cz\/wp-content\/uploads\/2024\/10\/Mineral-Plus-300x300.png 300w, https:\/\/www.znojmo-prenatal.cz\/wp-content\/uploads\/2024\/10\/Mineral-Plus-1024x1024.png 1024w, https:\/\/www.znojmo-prenatal.cz\/wp-content\/uploads\/2024\/10\/Mineral-Plus-150x150.png 150w, https:\/\/www.znojmo-prenatal.cz\/wp-content\/uploads\/2024\/10\/Mineral-Plus-768x768.png 768w\" sizes=\"(max-width: 1080px) 100vw, 1080px\" \/>\t\t\t\t\t\t\t\t\t\t\t\t\t\t\t<\/div>\n\t\t\t\t<\/div>\n\t\t<div class=\"elementor-element elementor-element-5568515 e-con-full e-flex e-con e-child\" data-id=\"5568515\" data-element_type=\"container\" data-e-type=\"container\">\n\t\t\t\t<div class=\"elementor-element elementor-element-e302ee0 elementor-widget elementor-widget-text-editor\" data-id=\"e302ee0\" data-element_type=\"widget\" data-e-type=\"widget\" data-widget_type=\"text-editor.default\">\n\t\t\t\t<div class=\"elementor-widget-container\">\n\t\t\t\t\t\t\t\t\t<h4><span style=\"color: #000000;\">Jednor\u00e1zov\u00e1 aplikace\u00a0 \u2013 650 K\u010d<\/span><\/h4><h4><span style=\"color: #000000;\">Bal\u00ed\u010dek terapie \u2013 1x t\u00fddn\u011b po dobu 4 t\u00fddn\u016f \u2013 2200 K\u010d<\/span><\/h4>\t\t\t\t\t\t\t\t<\/div>\n\t\t\t\t<\/div>\n\t\t\t\t<div class=\"elementor-element elementor-element-1af0cb5 elementor-align-center elementor-widget elementor-widget-button\" data-id=\"1af0cb5\" data-element_type=\"widget\" data-e-type=\"widget\" data-widget_type=\"button.default\">\n\t\t\t\t<div class=\"elementor-widget-container\">\n\t\t\t\t\t\t\t\t\t<div class=\"elementor-button-wrapper\">\n\t\t\t\t\t<a class=\"elementor-button elementor-button-link elementor-size-sm\" href=\"https:\/\/my.medevio.cz\/centrum-gynekologicke-pece-oblekovice\/\">\n\t\t\t\t\t\t<span class=\"elementor-button-content-wrapper\">\n\t\t\t\t\t\t\t\t\t<span class=\"elementor-button-text\">Rezervace<\/span>\n\t\t\t\t\t<\/span>\n\t\t\t\t\t<\/a>\n\t\t\t\t<\/div>\n\t\t\t\t\t\t\t\t<\/div>\n\t\t\t\t<\/div>\n\t\t\t\t<\/div>\n\t\t\t\t<\/div>\n\t\t\t\t<div class=\"elementor-element elementor-element-5482115 elementor-widget elementor-widget-heading\" data-id=\"5482115\" data-element_type=\"widget\" data-e-type=\"widget\" data-widget_type=\"heading.default\">\n\t\t\t\t<div class=\"elementor-widget-container\">\n\t\t\t\t\t<h2 class=\"elementor-heading-title elementor-size-default\">Infuze Mineral Plus je navr\u017eena k dopln\u011bn\u00ed z\u00e1kladn\u00edch stopov\u00fdch prvk\u016f a miner\u00e1l\u016f. Infuze mineral\nplus obsahuje kl\u00ed\u010dov\u00e9 stopov\u00e9 prvky jako zinek, selen, m\u011b\u010f a dal\u0161\u00ed, kter\u00e9 jsou d\u016fle\u017eit\u00e9 pro spr\u00e1vnou\nfunkci imunitn\u00edho syst\u00e9mu, regeneraci tk\u00e1n\u00ed, podporu metabolismu a udr\u017een\u00ed elektrolytick\u00e9\nrovnov\u00e1hy.<\/h2>\t\t\t\t<\/div>\n\t\t\t\t<\/div>\n\t\t\t\t<div class=\"elementor-element elementor-element-c568131 elementor-widget elementor-widget-spacer\" data-id=\"c568131\" data-element_type=\"widget\" data-e-type=\"widget\" data-widget_type=\"spacer.default\">\n\t\t\t\t<div class=\"elementor-widget-container\">\n\t\t\t\t\t\t\t<div class=\"elementor-spacer\">\n\t\t\t<div class=\"elementor-spacer-inner\"><\/div>\n\t\t<\/div>\n\t\t\t\t\t\t<\/div>\n\t\t\t\t<\/div>\n\t\t<div class=\"elementor-element elementor-element-93824c0 e-grid e-con-full e-con e-child\" data-id=\"93824c0\" data-element_type=\"container\" data-e-type=\"container\">\n\t\t\t\t<div class=\"elementor-element elementor-element-8a3605b elementor-widget elementor-widget-text-editor\" data-id=\"8a3605b\" data-element_type=\"widget\" data-e-type=\"widget\" data-widget_type=\"text-editor.default\">\n\t\t\t\t<div class=\"elementor-widget-container\">\n\t\t\t\t\t\t\t\t\t<h4 style=\"text-align: center;\">Infuze Mineral Plus se vyu\u017e\u00edv\u00e1:<\/h4><p style=\"text-align: center;\"><span style=\"color: #000000;\">1. P\u0159i deficitu stopov\u00fdch prvk\u016f \u2013 u pacient\u016f se zji\u0161t\u011bn\u00fdm nedostatkem miner\u00e1l\u016f a <\/span><span style=\"color: #000000;\">stopov\u00fdch prvk\u016f.<\/span><br \/><span style=\"color: #000000;\">2. Po chirurgick\u00fdch z\u00e1kroc\u00edch \u2013 pro podporu hojen\u00ed a rychlej\u0161\u00ed regeneraci.<\/span><br \/><span style=\"color: #000000;\">3. P\u0159i oslaben\u00ed imunity \u2013 pro zv\u00fd\u0161en\u00ed odolnosti organismu v\u016f\u010di infekc\u00edm.<\/span><\/p>\t\t\t\t\t\t\t\t<\/div>\n\t\t\t\t<\/div>\n\t\t\t\t<div class=\"elementor-element elementor-element-e34b63f elementor-widget elementor-widget-text-editor\" data-id=\"e34b63f\" data-element_type=\"widget\" data-e-type=\"widget\" data-widget_type=\"text-editor.default\">\n\t\t\t\t<div class=\"elementor-widget-container\">\n\t\t\t\t\t\t\t\t\t<h4 style=\"text-align: center;\">Hlavn\u00ed \u00fa\u010dinky infuze Mineral Plus<\/h4><p style=\"text-align: center;\"><span style=\"color: #000000;\">1. Dopln\u011bn\u00ed z\u00e1kladn\u00edch miner\u00e1l\u016f a stopov\u00fdch prvk\u016f \u2013 obnovuje hladiny kl\u00ed\u010dov\u00fdch \u017eivin <\/span><span style=\"color: #000000;\">v\u00a0t\u011ble.<\/span><br \/><span style=\"color: #000000;\">2. Podpora imunity \u2013 zlep\u0161uje obranyschopnost organismu v\u016f\u010di infekc\u00edm,<\/span><br \/><span style=\"color: #000000;\">3. Rychlej\u0161\u00ed regenerace \u2013 podporuje hojen\u00ed tk\u00e1n\u00ed po operac\u00edch nebo zran\u011bn\u00edch.<\/span><br \/><span style=\"color: #000000;\">4. Zv\u00fd\u0161en\u00ed energie a sn\u00ed\u017een\u00ed \u00fanavy \u2013 pom\u00e1h\u00e1 p\u0159i \u00fanav\u011b spojen\u00e9 s nedostatkem miner\u00e1l\u016f.<\/span><br \/><span style=\"color: #000000;\">5. Udr\u017een\u00ed elektrolytick\u00e9 rovnov\u00e1hy \u2013 zabra\u0148uje dehydrataci a podporuje spr\u00e1vnou <\/span><span style=\"color: #000000;\">funkci sval\u016f a nerv\u016f.<\/span><\/p>\t\t\t\t\t\t\t\t<\/div>\n\t\t\t\t<\/div>\n\t\t\t\t<\/div>\n\t\t\t\t\t<\/div>\n\t\t\t\t<\/div>\n\t\t\t\t<\/div>\n\t\t","protected":false},"excerpt":{"rendered":"<p>Mineral plus Jednor\u00e1zov\u00e1 aplikace\u00a0 \u2013 650 K\u010d Bal\u00ed\u010dek terapie \u2013 1x t\u00fddn\u011b po dobu 4 t\u00fddn\u016f \u2013 2200 K\u010d Rezervace [&hellip;]<\/p>\n","protected":false},"author":4,"featured_media":0,"parent":0,"menu_order":0,"comment_status":"closed","ping_status":"closed","template":"","meta":{"site-sidebar-layout":"no-sidebar","site-content-layout":"","ast-site-content-layout":"full-width-container","site-content-style":"default","site-sidebar-style":"default","ast-global-header-display":"","ast-banner-title-visibility":"","ast-main-header-display":"","ast-hfb-above-header-display":"","ast-hfb-below-header-display":"","ast-hfb-mobile-header-display":"","site-post-title":"disabled","ast-breadcrumbs-content":"","ast-featured-img":"disabled","footer-sml-layout":"","theme-transparent-header-meta":"","adv-header-id-meta":"","stick-header-meta":"","header-above-stick-meta":"","header-main-stick-meta":"","header-below-stick-meta":"","astra-migrate-meta-layouts":"default","ast-page-background-enabled":"default","ast-page-background-meta":{"desktop":{"background-color":"var(--ast-global-color-4)","background-image":"","background-repeat":"repeat","background-position":"center center","background-size":"auto","background-attachment":"scroll","background-type":"","background-media":"","overlay-type":"","overlay-color":"","overlay-opacity":"","overlay-gradient":""},"tablet":{"background-color":"","background-image":"","background-repeat":"repeat","background-position":"center center","background-size":"auto","background-attachment":"scroll","background-type":"","background-media":"","overlay-type":"","overlay-color":"","overlay-opacity":"","overlay-gradient":""},"mobile":{"background-color":"","background-image":"","background-repeat":"repeat","background-position":"center center","background-size":"auto","background-attachment":"scroll","background-type":"","background-media":"","overlay-type":"","overlay-color":"","overlay-opacity":"","overlay-gradient":""}},"ast-content-background-meta":{"desktop":{"background-color":"var(--ast-global-color-5)","background-image":"","background-repeat":"repeat","background-position":"center center","background-size":"auto","background-attachment":"scroll","background-type":"","background-media":"","overlay-type":"","overlay-color":"","overlay-opacity":"","overlay-gradient":""},"tablet":{"background-color":"var(--ast-global-color-5)","background-image":"","background-repeat":"repeat","background-position":"center center","background-size":"auto","background-attachment":"scroll","background-type":"","background-media":"","overlay-type":"","overlay-color":"","overlay-opacity":"","overlay-gradient":""},"mobile":{"background-color":"var(--ast-global-color-5)","background-image":"","background-repeat":"repeat","background-position":"center center","background-size":"auto","background-attachment":"scroll","background-type":"","background-media":"","overlay-type":"","overlay-color":"","overlay-opacity":"","overlay-gradient":""}},"footnotes":""},"class_list":["post-1683","page","type-page","status-publish","hentry"],"_links":{"self":[{"href":"https:\/\/www.znojmo-prenatal.cz\/index.php\/wp-json\/wp\/v2\/pages\/1683","targetHints":{"allow":["GET"]}}],"collection":[{"href":"https:\/\/www.znojmo-prenatal.cz\/index.php\/wp-json\/wp\/v2\/pages"}],"about":[{"href":"https:\/\/www.znojmo-prenatal.cz\/index.php\/wp-json\/wp\/v2\/types\/page"}],"author":[{"embeddable":true,"href":"https:\/\/www.znojmo-prenatal.cz\/index.php\/wp-json\/wp\/v2\/users\/4"}],"replies":[{"embeddable":true,"href":"https:\/\/www.znojmo-prenatal.cz\/index.php\/wp-json\/wp\/v2\/comments?post=1683"}],"version-history":[{"count":25,"href":"https:\/\/www.znojmo-prenatal.cz\/index.php\/wp-json\/wp\/v2\/pages\/1683\/revisions"}],"predecessor-version":[{"id":3075,"href":"https:\/\/www.znojmo-prenatal.cz\/index.php\/wp-json\/wp\/v2\/pages\/1683\/revisions\/3075"}],"wp:attachment":[{"href":"https:\/\/www.znojmo-prenatal.cz\/index.php\/wp-json\/wp\/v2\/media?parent=1683"}],"curies":[{"name":"wp","href":"https:\/\/api.w.org\/{rel}","templated":true}]}}