{"id":1632,"date":"2024-10-31T16:54:46","date_gmt":"2024-10-31T16:54:46","guid":{"rendered":"https:\/\/www.tepedesign.cz\/?page_id=1632"},"modified":"2026-02-02T16:10:22","modified_gmt":"2026-02-02T16:10:22","slug":"c-vital-boost","status":"publish","type":"page","link":"https:\/\/www.znojmo-prenatal.cz\/index.php\/c-vital-boost\/","title":{"rendered":"C  vital boost"},"content":{"rendered":"\t\t<div data-elementor-type=\"wp-page\" data-elementor-id=\"1632\" class=\"elementor elementor-1632\">\n\t\t\t\t<div class=\"elementor-element elementor-element-fd10e90 e-flex e-con-boxed e-con e-parent\" data-id=\"fd10e90\" data-element_type=\"container\" data-e-type=\"container\">\n\t\t\t\t\t<div class=\"e-con-inner\">\n\t\t\t\t<div class=\"elementor-element elementor-element-67deb87 elementor-widget elementor-widget-spacer\" data-id=\"67deb87\" data-element_type=\"widget\" data-e-type=\"widget\" data-widget_type=\"spacer.default\">\n\t\t\t\t<div class=\"elementor-widget-container\">\n\t\t\t\t\t\t\t<div class=\"elementor-spacer\">\n\t\t\t<div class=\"elementor-spacer-inner\"><\/div>\n\t\t<\/div>\n\t\t\t\t\t\t<\/div>\n\t\t\t\t<\/div>\n\t\t\t\t<div class=\"elementor-element elementor-element-d325029 elementor-widget elementor-widget-spacer\" data-id=\"d325029\" data-element_type=\"widget\" data-e-type=\"widget\" data-widget_type=\"spacer.default\">\n\t\t\t\t<div class=\"elementor-widget-container\">\n\t\t\t\t\t\t\t<div class=\"elementor-spacer\">\n\t\t\t<div class=\"elementor-spacer-inner\"><\/div>\n\t\t<\/div>\n\t\t\t\t\t\t<\/div>\n\t\t\t\t<\/div>\n\t\t\t\t<div class=\"elementor-element elementor-element-581759d elementor-widget elementor-widget-spacer\" data-id=\"581759d\" data-element_type=\"widget\" data-e-type=\"widget\" data-widget_type=\"spacer.default\">\n\t\t\t\t<div class=\"elementor-widget-container\">\n\t\t\t\t\t\t\t<div class=\"elementor-spacer\">\n\t\t\t<div class=\"elementor-spacer-inner\"><\/div>\n\t\t<\/div>\n\t\t\t\t\t\t<\/div>\n\t\t\t\t<\/div>\n\t\t\t\t<div class=\"elementor-element elementor-element-2454635 elementor-widget__width-initial elementor-widget elementor-widget-heading\" data-id=\"2454635\" data-element_type=\"widget\" data-e-type=\"widget\" data-widget_type=\"heading.default\">\n\t\t\t\t<div class=\"elementor-widget-container\">\n\t\t\t\t\t<h2 class=\"elementor-heading-title elementor-size-default\">C Vital Boost<\/h2>\t\t\t\t<\/div>\n\t\t\t\t<\/div>\n\t\t\t\t<div class=\"elementor-element elementor-element-9d6ba7c elementor-widget-divider--view-line elementor-widget elementor-widget-divider\" data-id=\"9d6ba7c\" data-element_type=\"widget\" data-e-type=\"widget\" data-widget_type=\"divider.default\">\n\t\t\t\t<div class=\"elementor-widget-container\">\n\t\t\t\t\t\t\t<div class=\"elementor-divider\">\n\t\t\t<span class=\"elementor-divider-separator\">\n\t\t\t\t\t\t<\/span>\n\t\t<\/div>\n\t\t\t\t\t\t<\/div>\n\t\t\t\t<\/div>\n\t\t<div class=\"elementor-element elementor-element-6826ca2 e-grid e-con-full e-con e-child\" data-id=\"6826ca2\" data-element_type=\"container\" data-e-type=\"container\">\n\t\t\t\t<div class=\"elementor-element elementor-element-c97b467 elementor-widget elementor-widget-image\" data-id=\"c97b467\" data-element_type=\"widget\" data-e-type=\"widget\" data-widget_type=\"image.default\">\n\t\t\t\t<div class=\"elementor-widget-container\">\n\t\t\t\t\t\t\t\t\t\t\t\t\t\t\t<img fetchpriority=\"high\" decoding=\"async\" width=\"1080\" height=\"1080\" src=\"https:\/\/www.znojmo-prenatal.cz\/wp-content\/uploads\/2024\/10\/C-Vital-Boost-1-1.png\" class=\"attachment-2048x2048 size-2048x2048 wp-image-1650\" alt=\"\" srcset=\"https:\/\/www.znojmo-prenatal.cz\/wp-content\/uploads\/2024\/10\/C-Vital-Boost-1-1.png 1080w, https:\/\/www.znojmo-prenatal.cz\/wp-content\/uploads\/2024\/10\/C-Vital-Boost-1-1-300x300.png 300w, https:\/\/www.znojmo-prenatal.cz\/wp-content\/uploads\/2024\/10\/C-Vital-Boost-1-1-1024x1024.png 1024w, https:\/\/www.znojmo-prenatal.cz\/wp-content\/uploads\/2024\/10\/C-Vital-Boost-1-1-150x150.png 150w, https:\/\/www.znojmo-prenatal.cz\/wp-content\/uploads\/2024\/10\/C-Vital-Boost-1-1-768x768.png 768w\" sizes=\"(max-width: 1080px) 100vw, 1080px\" \/>\t\t\t\t\t\t\t\t\t\t\t\t\t\t\t<\/div>\n\t\t\t\t<\/div>\n\t\t<div class=\"elementor-element elementor-element-1a7f5de e-con-full e-flex e-con e-child\" data-id=\"1a7f5de\" data-element_type=\"container\" data-e-type=\"container\">\n\t\t\t\t<div class=\"elementor-element elementor-element-637ac90 elementor-widget elementor-widget-text-editor\" data-id=\"637ac90\" data-element_type=\"widget\" data-e-type=\"widget\" data-widget_type=\"text-editor.default\">\n\t\t\t\t<div class=\"elementor-widget-container\">\n\t\t\t\t\t\t\t\t\t<h4><span style=\"color: #000000;\">Jednor\u00e1zov\u00e1 aplikace\u00a0 \u2013 1200 K\u010d<\/span><\/h4><h4><span style=\"color: #000000;\">Bal\u00ed\u010dek terapie \u2013 1x t\u00fddn\u011b po dobu 4 t\u00fddn\u016f \u2013 4000 K\u010d<\/span><\/h4>\t\t\t\t\t\t\t\t<\/div>\n\t\t\t\t<\/div>\n\t\t\t\t<div class=\"elementor-element elementor-element-cd1e02f elementor-align-center elementor-widget elementor-widget-button\" data-id=\"cd1e02f\" data-element_type=\"widget\" data-e-type=\"widget\" data-widget_type=\"button.default\">\n\t\t\t\t<div class=\"elementor-widget-container\">\n\t\t\t\t\t\t\t\t\t<div class=\"elementor-button-wrapper\">\n\t\t\t\t\t<a class=\"elementor-button elementor-button-link elementor-size-sm\" href=\"https:\/\/my.medevio.cz\/centrum-gynekologicke-pece-oblekovice\/\">\n\t\t\t\t\t\t<span class=\"elementor-button-content-wrapper\">\n\t\t\t\t\t\t\t\t\t<span class=\"elementor-button-text\">Rezervace<\/span>\n\t\t\t\t\t<\/span>\n\t\t\t\t\t<\/a>\n\t\t\t\t<\/div>\n\t\t\t\t\t\t\t\t<\/div>\n\t\t\t\t<\/div>\n\t\t\t\t<\/div>\n\t\t\t\t<\/div>\n\t\t\t\t<div class=\"elementor-element elementor-element-f4416a2 elementor-widget elementor-widget-heading\" data-id=\"f4416a2\" data-element_type=\"widget\" data-e-type=\"widget\" data-widget_type=\"heading.default\">\n\t\t\t\t<div class=\"elementor-widget-container\">\n\t\t\t\t\t<h2 class=\"elementor-heading-title elementor-size-default\">Infuze C Vital Boost umo\u017e\u0148uje t\u011blu rychle a efektivn\u011b z\u00edskat vysok\u00e9 hladiny vitam\u00ednu C, co\u017e\nm\u016f\u017ee b\u00fdt p\u0159\u00ednosn\u00e9 zejm\u00e9na v situac\u00edch, kdy je pot\u0159eba podpo\u0159it imunitu nebo regeneraci\norganismu.<\/h2>\t\t\t\t<\/div>\n\t\t\t\t<\/div>\n\t\t\t\t<div class=\"elementor-element elementor-element-b8abc64 elementor-widget elementor-widget-spacer\" data-id=\"b8abc64\" data-element_type=\"widget\" data-e-type=\"widget\" data-widget_type=\"spacer.default\">\n\t\t\t\t<div class=\"elementor-widget-container\">\n\t\t\t\t\t\t\t<div class=\"elementor-spacer\">\n\t\t\t<div class=\"elementor-spacer-inner\"><\/div>\n\t\t<\/div>\n\t\t\t\t\t\t<\/div>\n\t\t\t\t<\/div>\n\t\t<div class=\"elementor-element elementor-element-632f105 e-grid e-con-full e-con e-child\" data-id=\"632f105\" data-element_type=\"container\" data-e-type=\"container\">\n\t\t\t\t<div class=\"elementor-element elementor-element-d6d1bb9 elementor-widget elementor-widget-text-editor\" data-id=\"d6d1bb9\" data-element_type=\"widget\" data-e-type=\"widget\" data-widget_type=\"text-editor.default\">\n\t\t\t\t<div class=\"elementor-widget-container\">\n\t\t\t\t\t\t\t\t\t<h4 style=\"text-align: center;\">Infuze C Vital Boost se vyu\u017e\u00edv\u00e1 p\u0159i:<\/h4><p><span style=\"color: #000000;\">1. P\u0159i oslaben\u00ed imunity \u2013 k prevenci infekc\u00ed nebo b\u011bhem nemoci.<\/span><br \/><span style=\"color: #000000;\">2. Pro rychlou regeneraci \u2013 po operac\u00edch, \u00farazech nebo fyzick\u00e9 n\u00e1maze.<\/span><br \/><span style=\"color: #000000;\">3. P\u0159i chronick\u00e9 \u00fanav\u011b a vy\u010derp\u00e1n\u00ed \u2013 k obnoven\u00ed energie.<\/span><br \/><span style=\"color: #000000;\">4. Jako dopl\u0148kov\u00e1 l\u00e9\u010dba \u2013 u n\u011bkter\u00fdch onkologick\u00fdch pacient\u016f, pro zm\u00edrn\u011bn\u00ed vedlej\u0161\u00edch <\/span><span style=\"color: #000000;\">\u00fa\u010dink\u016f l\u00e9\u010dby.<\/span><br \/><span style=\"color: #000000;\">5. P\u0159i vysok\u00e9m oxida\u010dn\u00edm stresu \u2013 ke sn\u00ed\u017een\u00ed po\u0161kozen\u00ed bun\u011bk a podpo\u0159e celkov\u00e9ho <\/span><span style=\"color: #000000;\">zdrav\u00ed.<\/span><\/p>\t\t\t\t\t\t\t\t<\/div>\n\t\t\t\t<\/div>\n\t\t\t\t<div class=\"elementor-element elementor-element-9f09ac2 elementor-widget elementor-widget-text-editor\" data-id=\"9f09ac2\" data-element_type=\"widget\" data-e-type=\"widget\" data-widget_type=\"text-editor.default\">\n\t\t\t\t<div class=\"elementor-widget-container\">\n\t\t\t\t\t\t\t\t\t<h4 style=\"text-align: center;\">Hlavn\u00ed \u00fa\u010dinky infuze C Vital Boost<\/h4>\n<p><span style=\"color: #000000;\">1. Pos\u00edlen\u00ed imunity \u2013 zvy\u0161uje odolnost proti infekc\u00edm a podporuje imunitn\u00ed syst\u00e9m.<\/span><br><span style=\"color: #000000;\">2. Antioxida\u010dn\u00ed ochrana \u2013 chr\u00e1n\u00ed bu\u0148ky p\u0159ed po\u0161kozen\u00edm voln\u00fdmi radik\u00e1ly.<\/span><br><span style=\"color: #000000;\">3. Podpora hojen\u00ed a regenerace \u2013 pom\u00e1h\u00e1 p\u0159i tvorb\u011b kolagenu, d\u016fle\u017eit\u00e9ho pro k\u016f\u017ei a <\/span><span style=\"color: #000000;\">tk\u00e1n\u011b.<\/span><br><span style=\"color: #000000;\">4. Zv\u00fd\u0161en\u00ed energie \u2013 zm\u00edr\u0148uje \u00fanavu a pom\u00e1h\u00e1 zvl\u00e1dat stres.<\/span><br><span style=\"color: #000000;\">5. Podpora onkologick\u00e9 l\u00e9\u010dby \u2013 jako dopl\u0148kov\u00e1 terapie m\u016f\u017ee zpomalit r\u016fst n\u011bkter\u00fdch <\/span><span style=\"color: #000000;\">n\u00e1dorov\u00fdch bun\u011bk.<\/span><\/p>\t\t\t\t\t\t\t\t<\/div>\n\t\t\t\t<\/div>\n\t\t\t\t<\/div>\n\t\t\t\t\t<\/div>\n\t\t\t\t<\/div>\n\t\t\t\t<\/div>\n\t\t","protected":false},"excerpt":{"rendered":"<p>C Vital Boost Jednor\u00e1zov\u00e1 aplikace\u00a0 \u2013 1200 K\u010d Bal\u00ed\u010dek terapie \u2013 1x t\u00fddn\u011b po dobu 4 t\u00fddn\u016f \u2013 4000 K\u010d [&hellip;]<\/p>\n","protected":false},"author":4,"featured_media":0,"parent":0,"menu_order":0,"comment_status":"closed","ping_status":"closed","template":"","meta":{"site-sidebar-layout":"no-sidebar","site-content-layout":"","ast-site-content-layout":"full-width-container","site-content-style":"default","site-sidebar-style":"default","ast-global-header-display":"","ast-banner-title-visibility":"","ast-main-header-display":"","ast-hfb-above-header-display":"","ast-hfb-below-header-display":"","ast-hfb-mobile-header-display":"","site-post-title":"disabled","ast-breadcrumbs-content":"","ast-featured-img":"disabled","footer-sml-layout":"","theme-transparent-header-meta":"","adv-header-id-meta":"","stick-header-meta":"","header-above-stick-meta":"","header-main-stick-meta":"","header-below-stick-meta":"","astra-migrate-meta-layouts":"default","ast-page-background-enabled":"default","ast-page-background-meta":{"desktop":{"background-color":"var(--ast-global-color-4)","background-image":"","background-repeat":"repeat","background-position":"center center","background-size":"auto","background-attachment":"scroll","background-type":"","background-media":"","overlay-type":"","overlay-color":"","overlay-opacity":"","overlay-gradient":""},"tablet":{"background-color":"","background-image":"","background-repeat":"repeat","background-position":"center center","background-size":"auto","background-attachment":"scroll","background-type":"","background-media":"","overlay-type":"","overlay-color":"","overlay-opacity":"","overlay-gradient":""},"mobile":{"background-color":"","background-image":"","background-repeat":"repeat","background-position":"center center","background-size":"auto","background-attachment":"scroll","background-type":"","background-media":"","overlay-type":"","overlay-color":"","overlay-opacity":"","overlay-gradient":""}},"ast-content-background-meta":{"desktop":{"background-color":"var(--ast-global-color-5)","background-image":"","background-repeat":"repeat","background-position":"center center","background-size":"auto","background-attachment":"scroll","background-type":"","background-media":"","overlay-type":"","overlay-color":"","overlay-opacity":"","overlay-gradient":""},"tablet":{"background-color":"var(--ast-global-color-5)","background-image":"","background-repeat":"repeat","background-position":"center center","background-size":"auto","background-attachment":"scroll","background-type":"","background-media":"","overlay-type":"","overlay-color":"","overlay-opacity":"","overlay-gradient":""},"mobile":{"background-color":"var(--ast-global-color-5)","background-image":"","background-repeat":"repeat","background-position":"center center","background-size":"auto","background-attachment":"scroll","background-type":"","background-media":"","overlay-type":"","overlay-color":"","overlay-opacity":"","overlay-gradient":""}},"footnotes":""},"class_list":["post-1632","page","type-page","status-publish","hentry"],"_links":{"self":[{"href":"https:\/\/www.znojmo-prenatal.cz\/index.php\/wp-json\/wp\/v2\/pages\/1632","targetHints":{"allow":["GET"]}}],"collection":[{"href":"https:\/\/www.znojmo-prenatal.cz\/index.php\/wp-json\/wp\/v2\/pages"}],"about":[{"href":"https:\/\/www.znojmo-prenatal.cz\/index.php\/wp-json\/wp\/v2\/types\/page"}],"author":[{"embeddable":true,"href":"https:\/\/www.znojmo-prenatal.cz\/index.php\/wp-json\/wp\/v2\/users\/4"}],"replies":[{"embeddable":true,"href":"https:\/\/www.znojmo-prenatal.cz\/index.php\/wp-json\/wp\/v2\/comments?post=1632"}],"version-history":[{"count":49,"href":"https:\/\/www.znojmo-prenatal.cz\/index.php\/wp-json\/wp\/v2\/pages\/1632\/revisions"}],"predecessor-version":[{"id":3060,"href":"https:\/\/www.znojmo-prenatal.cz\/index.php\/wp-json\/wp\/v2\/pages\/1632\/revisions\/3060"}],"wp:attachment":[{"href":"https:\/\/www.znojmo-prenatal.cz\/index.php\/wp-json\/wp\/v2\/media?parent=1632"}],"curies":[{"name":"wp","href":"https:\/\/api.w.org\/{rel}","templated":true}]}}