{"id":1251,"date":"2024-10-17T11:36:56","date_gmt":"2024-10-17T11:36:56","guid":{"rendered":"https:\/\/www.tepedesign.cz\/?page_id=1251"},"modified":"2025-03-26T19:21:06","modified_gmt":"2025-03-26T19:21:06","slug":"tomkova","status":"publish","type":"page","link":"https:\/\/www.znojmo-prenatal.cz\/index.php\/tomkova\/","title":{"rendered":"tomkova"},"content":{"rendered":"\t\t<div data-elementor-type=\"wp-page\" data-elementor-id=\"1251\" class=\"elementor elementor-1251\">\n\t\t\t\t<div class=\"elementor-element elementor-element-18a96b6 e-flex e-con-boxed e-con e-parent\" data-id=\"18a96b6\" data-element_type=\"container\" data-e-type=\"container\">\n\t\t\t\t\t<div class=\"e-con-inner\">\n\t\t\t\t<div class=\"elementor-element elementor-element-fe12105 elementor-widget elementor-widget-spacer\" data-id=\"fe12105\" data-element_type=\"widget\" data-e-type=\"widget\" data-widget_type=\"spacer.default\">\n\t\t\t\t<div class=\"elementor-widget-container\">\n\t\t\t\t\t\t\t<div class=\"elementor-spacer\">\n\t\t\t<div class=\"elementor-spacer-inner\"><\/div>\n\t\t<\/div>\n\t\t\t\t\t\t<\/div>\n\t\t\t\t<\/div>\n\t\t\t\t<div class=\"elementor-element elementor-element-c39a484 elementor-widget elementor-widget-spacer\" data-id=\"c39a484\" data-element_type=\"widget\" data-e-type=\"widget\" data-widget_type=\"spacer.default\">\n\t\t\t\t<div class=\"elementor-widget-container\">\n\t\t\t\t\t\t\t<div class=\"elementor-spacer\">\n\t\t\t<div class=\"elementor-spacer-inner\"><\/div>\n\t\t<\/div>\n\t\t\t\t\t\t<\/div>\n\t\t\t\t<\/div>\n\t\t\t\t<div class=\"elementor-element elementor-element-3d1f260 elementor-widget elementor-widget-spacer\" data-id=\"3d1f260\" data-element_type=\"widget\" data-e-type=\"widget\" data-widget_type=\"spacer.default\">\n\t\t\t\t<div class=\"elementor-widget-container\">\n\t\t\t\t\t\t\t<div class=\"elementor-spacer\">\n\t\t\t<div class=\"elementor-spacer-inner\"><\/div>\n\t\t<\/div>\n\t\t\t\t\t\t<\/div>\n\t\t\t\t<\/div>\n\t\t\t\t<div class=\"elementor-element elementor-element-b2f4d49 elementor-widget-mobile__width-initial elementor-widget elementor-widget-heading\" data-id=\"b2f4d49\" data-element_type=\"widget\" data-e-type=\"widget\" data-widget_type=\"heading.default\">\n\t\t\t\t<div class=\"elementor-widget-container\">\n\t\t\t\t\t<h2 class=\"elementor-heading-title elementor-size-default\">Jarmila Tomkov\u00e1<\/h2>\t\t\t\t<\/div>\n\t\t\t\t<\/div>\n\t\t\t\t<div class=\"elementor-element elementor-element-cfd31a8 elementor-widget-divider--view-line elementor-widget elementor-widget-divider\" data-id=\"cfd31a8\" data-element_type=\"widget\" data-e-type=\"widget\" data-widget_type=\"divider.default\">\n\t\t\t\t<div class=\"elementor-widget-container\">\n\t\t\t\t\t\t\t<div class=\"elementor-divider\">\n\t\t\t<span class=\"elementor-divider-separator\">\n\t\t\t\t\t\t<\/span>\n\t\t<\/div>\n\t\t\t\t\t\t<\/div>\n\t\t\t\t<\/div>\n\t\t\t\t<div class=\"elementor-element elementor-element-b5eb979 elementor-widget elementor-widget-spacer\" data-id=\"b5eb979\" data-element_type=\"widget\" data-e-type=\"widget\" data-widget_type=\"spacer.default\">\n\t\t\t\t<div class=\"elementor-widget-container\">\n\t\t\t\t\t\t\t<div class=\"elementor-spacer\">\n\t\t\t<div class=\"elementor-spacer-inner\"><\/div>\n\t\t<\/div>\n\t\t\t\t\t\t<\/div>\n\t\t\t\t<\/div>\n\t\t\t\t<div class=\"elementor-element elementor-element-7ec6820 elementor-widget elementor-widget-text-editor\" data-id=\"7ec6820\" data-element_type=\"widget\" data-e-type=\"widget\" data-widget_type=\"text-editor.default\">\n\t\t\t\t<div class=\"elementor-widget-container\">\n\t\t\t\t\t\t\t\t\t<h2>Jarmila Tomkov\u00e1 \u2013 vrchn\u00ed sestra \u2013\u00a0<a href=\"https:\/\/www.znojmo-prenatal.cz\/index.php\/centrum-prenatalni-diagnostiky-znojmo\/\">Centrum prenat\u00e1ln\u00ed diagnostiky Znojmo<\/a><\/h2>\t\t\t\t\t\t\t\t<\/div>\n\t\t\t\t<\/div>\n\t\t\t\t\t<\/div>\n\t\t\t\t<\/div>\n\t\t<div class=\"elementor-element elementor-element-a3edc52 e-flex e-con-boxed e-con e-parent\" data-id=\"a3edc52\" data-element_type=\"container\" data-e-type=\"container\">\n\t\t\t\t\t<div class=\"e-con-inner\">\n\t\t\t\t<div class=\"elementor-element elementor-element-cdf481c elementor-widget__width-initial elementor-widget elementor-widget-image\" data-id=\"cdf481c\" data-element_type=\"widget\" data-e-type=\"widget\" data-widget_type=\"image.default\">\n\t\t\t\t<div class=\"elementor-widget-container\">\n\t\t\t\t\t\t\t\t\t\t\t\t\t\t\t<img fetchpriority=\"high\" decoding=\"async\" width=\"768\" height=\"1024\" src=\"https:\/\/www.znojmo-prenatal.cz\/wp-content\/uploads\/2024\/12\/tomkova-768x1024.jpg\" class=\"attachment-large size-large wp-image-2121\" alt=\"\" srcset=\"https:\/\/www.znojmo-prenatal.cz\/wp-content\/uploads\/2024\/12\/tomkova-768x1024.jpg 768w, https:\/\/www.znojmo-prenatal.cz\/wp-content\/uploads\/2024\/12\/tomkova-225x300.jpg 225w, https:\/\/www.znojmo-prenatal.cz\/wp-content\/uploads\/2024\/12\/tomkova-1152x1536.jpg 1152w, https:\/\/www.znojmo-prenatal.cz\/wp-content\/uploads\/2024\/12\/tomkova-1536x2048.jpg 1536w, https:\/\/www.znojmo-prenatal.cz\/wp-content\/uploads\/2024\/12\/tomkova-scaled.jpg 1920w\" sizes=\"(max-width: 768px) 100vw, 768px\" \/>\t\t\t\t\t\t\t\t\t\t\t\t\t\t\t<\/div>\n\t\t\t\t<\/div>\n\t\t\t\t\t<\/div>\n\t\t\t\t<\/div>\n\t\t<div class=\"elementor-element elementor-element-7a4c7dc e-grid e-con-boxed e-con e-parent\" data-id=\"7a4c7dc\" data-element_type=\"container\" data-e-type=\"container\">\n\t\t\t\t\t<div class=\"e-con-inner\">\n\t\t\t\t<div class=\"elementor-element elementor-element-2b1b07d elementor-widget elementor-widget-text-editor\" data-id=\"2b1b07d\" data-element_type=\"widget\" data-e-type=\"widget\" data-widget_type=\"text-editor.default\">\n\t\t\t\t<div class=\"elementor-widget-container\">\n\t\t\t\t\t\t\t\t\t<h2><em><strong>Odborn\u00e1 praxe:<\/strong><\/em><\/h2><ul><li><span style=\"color: #000000;\">1988 -1994 \u2013 Gyn. por. klinika FN Brno, Bohunice \u2013 zdravotn\u00ed sestra<\/span><br \/><span style=\"color: #000000;\">Od r. 1994 dosud:<\/span><\/li><li><span style=\"color: #000000;\">Gynekologicko-porodnick\u00e9 odd\u011blen\u00ed Nemocnice Znojmo \u2013 porodn\u00ed asistentka<\/span><\/li><li><span style=\"color: #000000;\">Ultrazvukov\u00e1 ambulance gyn.-por. odd\u011blen\u00ed Nemocnice Znojmo \u2013 odborn\u00e1 zdravotn\u00ed sestra<\/span><\/li><li><span style=\"color: #000000;\">Ambulance ultrazvukov\u00e9 a prenat\u00e1ln\u00ed diagnostiky Nemocnice Znojmo \u2013 odborn\u00e1 zdravotn\u00ed sestra<\/span><\/li><li><span style=\"color: #000000;\">Rizikov\u00e1 poradna pro t\u011bhotn\u00e9 gyn-por odd\u011blen\u00ed Nemocnice Znojmo \u2013 zdravotn\u00ed sestra<\/span><\/li><\/ul><h6>\u00a0<\/h6>\t\t\t\t\t\t\t\t<\/div>\n\t\t\t\t<\/div>\n\t\t\t\t<div class=\"elementor-element elementor-element-c0be044 elementor-widget elementor-widget-text-editor\" data-id=\"c0be044\" data-element_type=\"widget\" data-e-type=\"widget\" data-widget_type=\"text-editor.default\">\n\t\t\t\t<div class=\"elementor-widget-container\">\n\t\t\t\t\t\t\t\t\t<h2><em><strong>Odborn\u00e9 vzd\u011bl\u00e1n\u00ed:<\/strong><\/em><\/h2><ul><li><span style=\"color: #000000;\">SZ\u0160 Zl\u00edn \u2013 obor porodn\u00ed asistentka<\/span><\/li><\/ul>\t\t\t\t\t\t\t\t<\/div>\n\t\t\t\t<\/div>\n\t\t\t\t\t<\/div>\n\t\t\t\t<\/div>\n\t\t\t\t<\/div>\n\t\t","protected":false},"excerpt":{"rendered":"<p>Jarmila Tomkov\u00e1 Jarmila Tomkov\u00e1 \u2013 vrchn\u00ed sestra \u2013\u00a0Centrum prenat\u00e1ln\u00ed diagnostiky Znojmo Odborn\u00e1 praxe: 1988 -1994 \u2013 Gyn. por. klinika FN [&hellip;]<\/p>\n","protected":false},"author":4,"featured_media":0,"parent":0,"menu_order":0,"comment_status":"closed","ping_status":"closed","template":"","meta":{"site-sidebar-layout":"no-sidebar","site-content-layout":"","ast-site-content-layout":"full-width-container","site-content-style":"default","site-sidebar-style":"default","ast-global-header-display":"","ast-banner-title-visibility":"","ast-main-header-display":"","ast-hfb-above-header-display":"","ast-hfb-below-header-display":"","ast-hfb-mobile-header-display":"","site-post-title":"disabled","ast-breadcrumbs-content":"","ast-featured-img":"disabled","footer-sml-layout":"","theme-transparent-header-meta":"","adv-header-id-meta":"","stick-header-meta":"","header-above-stick-meta":"","header-main-stick-meta":"","header-below-stick-meta":"","astra-migrate-meta-layouts":"default","ast-page-background-enabled":"default","ast-page-background-meta":{"desktop":{"background-color":"var(--ast-global-color-4)","background-image":"","background-repeat":"repeat","background-position":"center center","background-size":"auto","background-attachment":"scroll","background-type":"","background-media":"","overlay-type":"","overlay-color":"","overlay-opacity":"","overlay-gradient":""},"tablet":{"background-color":"","background-image":"","background-repeat":"repeat","background-position":"center center","background-size":"auto","background-attachment":"scroll","background-type":"","background-media":"","overlay-type":"","overlay-color":"","overlay-opacity":"","overlay-gradient":""},"mobile":{"background-color":"","background-image":"","background-repeat":"repeat","background-position":"center center","background-size":"auto","background-attachment":"scroll","background-type":"","background-media":"","overlay-type":"","overlay-color":"","overlay-opacity":"","overlay-gradient":""}},"ast-content-background-meta":{"desktop":{"background-color":"var(--ast-global-color-5)","background-image":"","background-repeat":"repeat","background-position":"center center","background-size":"auto","background-attachment":"scroll","background-type":"","background-media":"","overlay-type":"","overlay-color":"","overlay-opacity":"","overlay-gradient":""},"tablet":{"background-color":"var(--ast-global-color-5)","background-image":"","background-repeat":"repeat","background-position":"center center","background-size":"auto","background-attachment":"scroll","background-type":"","background-media":"","overlay-type":"","overlay-color":"","overlay-opacity":"","overlay-gradient":""},"mobile":{"background-color":"var(--ast-global-color-5)","background-image":"","background-repeat":"repeat","background-position":"center center","background-size":"auto","background-attachment":"scroll","background-type":"","background-media":"","overlay-type":"","overlay-color":"","overlay-opacity":"","overlay-gradient":""}},"footnotes":""},"class_list":["post-1251","page","type-page","status-publish","hentry"],"_links":{"self":[{"href":"https:\/\/www.znojmo-prenatal.cz\/index.php\/wp-json\/wp\/v2\/pages\/1251","targetHints":{"allow":["GET"]}}],"collection":[{"href":"https:\/\/www.znojmo-prenatal.cz\/index.php\/wp-json\/wp\/v2\/pages"}],"about":[{"href":"https:\/\/www.znojmo-prenatal.cz\/index.php\/wp-json\/wp\/v2\/types\/page"}],"author":[{"embeddable":true,"href":"https:\/\/www.znojmo-prenatal.cz\/index.php\/wp-json\/wp\/v2\/users\/4"}],"replies":[{"embeddable":true,"href":"https:\/\/www.znojmo-prenatal.cz\/index.php\/wp-json\/wp\/v2\/comments?post=1251"}],"version-history":[{"count":13,"href":"https:\/\/www.znojmo-prenatal.cz\/index.php\/wp-json\/wp\/v2\/pages\/1251\/revisions"}],"predecessor-version":[{"id":2332,"href":"https:\/\/www.znojmo-prenatal.cz\/index.php\/wp-json\/wp\/v2\/pages\/1251\/revisions\/2332"}],"wp:attachment":[{"href":"https:\/\/www.znojmo-prenatal.cz\/index.php\/wp-json\/wp\/v2\/media?parent=1251"}],"curies":[{"name":"wp","href":"https:\/\/api.w.org\/{rel}","templated":true}]}}