{"id":1245,"date":"2024-10-17T11:35:48","date_gmt":"2024-10-17T11:35:48","guid":{"rendered":"https:\/\/www.tepedesign.cz\/?page_id=1245"},"modified":"2025-03-26T19:20:28","modified_gmt":"2025-03-26T19:20:28","slug":"pexova","status":"publish","type":"page","link":"https:\/\/www.znojmo-prenatal.cz\/index.php\/pexova\/","title":{"rendered":"pexova"},"content":{"rendered":"\t\t<div data-elementor-type=\"wp-page\" data-elementor-id=\"1245\" class=\"elementor elementor-1245\">\n\t\t\t\t<div class=\"elementor-element elementor-element-6f58b02 e-flex e-con-boxed e-con e-parent\" data-id=\"6f58b02\" data-element_type=\"container\" data-e-type=\"container\">\n\t\t\t\t\t<div class=\"e-con-inner\">\n\t\t\t\t<div class=\"elementor-element elementor-element-8be3101 elementor-widget elementor-widget-spacer\" data-id=\"8be3101\" data-element_type=\"widget\" data-e-type=\"widget\" data-widget_type=\"spacer.default\">\n\t\t\t\t<div class=\"elementor-widget-container\">\n\t\t\t\t\t\t\t<div class=\"elementor-spacer\">\n\t\t\t<div class=\"elementor-spacer-inner\"><\/div>\n\t\t<\/div>\n\t\t\t\t\t\t<\/div>\n\t\t\t\t<\/div>\n\t\t\t\t<div class=\"elementor-element elementor-element-9f6982f elementor-widget elementor-widget-spacer\" data-id=\"9f6982f\" data-element_type=\"widget\" data-e-type=\"widget\" data-widget_type=\"spacer.default\">\n\t\t\t\t<div class=\"elementor-widget-container\">\n\t\t\t\t\t\t\t<div class=\"elementor-spacer\">\n\t\t\t<div class=\"elementor-spacer-inner\"><\/div>\n\t\t<\/div>\n\t\t\t\t\t\t<\/div>\n\t\t\t\t<\/div>\n\t\t\t\t<div class=\"elementor-element elementor-element-443f66a elementor-widget elementor-widget-spacer\" data-id=\"443f66a\" data-element_type=\"widget\" data-e-type=\"widget\" data-widget_type=\"spacer.default\">\n\t\t\t\t<div class=\"elementor-widget-container\">\n\t\t\t\t\t\t\t<div class=\"elementor-spacer\">\n\t\t\t<div class=\"elementor-spacer-inner\"><\/div>\n\t\t<\/div>\n\t\t\t\t\t\t<\/div>\n\t\t\t\t<\/div>\n\t\t\t\t<div class=\"elementor-element elementor-element-9afcf08 elementor-widget-mobile__width-initial elementor-widget elementor-widget-heading\" data-id=\"9afcf08\" data-element_type=\"widget\" data-e-type=\"widget\" data-widget_type=\"heading.default\">\n\t\t\t\t<div class=\"elementor-widget-container\">\n\t\t\t\t\t<h2 class=\"elementor-heading-title elementor-size-default\">MUDr. Hana Pexov\u00e1<\/h2>\t\t\t\t<\/div>\n\t\t\t\t<\/div>\n\t\t\t\t<div class=\"elementor-element elementor-element-6d60f96 elementor-widget-divider--view-line elementor-widget elementor-widget-divider\" data-id=\"6d60f96\" data-element_type=\"widget\" data-e-type=\"widget\" data-widget_type=\"divider.default\">\n\t\t\t\t<div class=\"elementor-widget-container\">\n\t\t\t\t\t\t\t<div class=\"elementor-divider\">\n\t\t\t<span class=\"elementor-divider-separator\">\n\t\t\t\t\t\t<\/span>\n\t\t<\/div>\n\t\t\t\t\t\t<\/div>\n\t\t\t\t<\/div>\n\t\t\t\t<div class=\"elementor-element elementor-element-e1de582 elementor-widget elementor-widget-spacer\" data-id=\"e1de582\" data-element_type=\"widget\" data-e-type=\"widget\" data-widget_type=\"spacer.default\">\n\t\t\t\t<div class=\"elementor-widget-container\">\n\t\t\t\t\t\t\t<div class=\"elementor-spacer\">\n\t\t\t<div class=\"elementor-spacer-inner\"><\/div>\n\t\t<\/div>\n\t\t\t\t\t\t<\/div>\n\t\t\t\t<\/div>\n\t\t<div class=\"elementor-element elementor-element-5014db1 e-con-full e-flex e-con e-child\" data-id=\"5014db1\" data-element_type=\"container\" data-e-type=\"container\">\n\t\t\t\t<div class=\"elementor-element elementor-element-e448564 elementor-widget__width-initial elementor-widget elementor-widget-image\" data-id=\"e448564\" data-element_type=\"widget\" data-e-type=\"widget\" data-widget_type=\"image.default\">\n\t\t\t\t<div class=\"elementor-widget-container\">\n\t\t\t\t\t\t\t\t\t\t\t\t\t\t\t<img fetchpriority=\"high\" decoding=\"async\" width=\"768\" height=\"1024\" src=\"https:\/\/www.znojmo-prenatal.cz\/wp-content\/uploads\/2024\/12\/pexova-1-768x1024.jpg\" class=\"attachment-large size-large wp-image-2179\" alt=\"\" srcset=\"https:\/\/www.znojmo-prenatal.cz\/wp-content\/uploads\/2024\/12\/pexova-1-768x1024.jpg 768w, https:\/\/www.znojmo-prenatal.cz\/wp-content\/uploads\/2024\/12\/pexova-1-225x300.jpg 225w, https:\/\/www.znojmo-prenatal.cz\/wp-content\/uploads\/2024\/12\/pexova-1-1152x1536.jpg 1152w, https:\/\/www.znojmo-prenatal.cz\/wp-content\/uploads\/2024\/12\/pexova-1-1536x2048.jpg 1536w, https:\/\/www.znojmo-prenatal.cz\/wp-content\/uploads\/2024\/12\/pexova-1-scaled.jpg 1920w\" sizes=\"(max-width: 768px) 100vw, 768px\" \/>\t\t\t\t\t\t\t\t\t\t\t\t\t\t\t<\/div>\n\t\t\t\t<\/div>\n\t\t\t\t<\/div>\n\t\t\t\t<div class=\"elementor-element elementor-element-0f398d0 elementor-widget elementor-widget-text-editor\" data-id=\"0f398d0\" data-element_type=\"widget\" data-e-type=\"widget\" data-widget_type=\"text-editor.default\">\n\t\t\t\t<div class=\"elementor-widget-container\">\n\t\t\t\t\t\t\t\t\t<h2 style=\"text-align: center;\">MUDr. Hana Pexov\u00e1 \u2013 radiodiagnostik \u2013\u00a0<a href=\"https:\/\/www.znojmo-prenatal.cz\/index.php\/preventivni-ultrazvukova-vysetreni\/\">Preventivn\u00ed ultrazvukov\u00e1 vy\u0161et\u0159en\u00ed<\/a><\/h2>\t\t\t\t\t\t\t\t<\/div>\n\t\t\t\t<\/div>\n\t\t\t\t\t<\/div>\n\t\t\t\t<\/div>\n\t\t<div class=\"elementor-element elementor-element-f51bb30 e-flex e-con-boxed e-con e-parent\" data-id=\"f51bb30\" data-element_type=\"container\" data-e-type=\"container\">\n\t\t\t\t\t<div class=\"e-con-inner\">\n\t\t\t\t<div class=\"elementor-element elementor-element-6786fcb elementor-widget elementor-widget-image\" data-id=\"6786fcb\" data-element_type=\"widget\" data-e-type=\"widget\" data-widget_type=\"image.default\">\n\t\t\t\t<div class=\"elementor-widget-container\">\n\t\t\t\t\t\t\t\t\t\t\t\t\t\t\t<img decoding=\"async\" src=\"https:\/\/www.znojmo-prenatal.cz\/wp-content\/uploads\/2024\/09\/image-1-300x284.png\" title=\"\" alt=\"\" loading=\"lazy\" \/>\t\t\t\t\t\t\t\t\t\t\t\t\t\t\t<\/div>\n\t\t\t\t<\/div>\n\t\t\t\t\t<\/div>\n\t\t\t\t<\/div>\n\t\t<div class=\"elementor-element elementor-element-2eb8cd4 e-flex e-con-boxed e-con e-parent\" data-id=\"2eb8cd4\" data-element_type=\"container\" data-e-type=\"container\">\n\t\t\t\t\t<div class=\"e-con-inner\">\n\t\t<div class=\"elementor-element elementor-element-7ab2550 e-con-full e-flex e-con e-child\" data-id=\"7ab2550\" data-element_type=\"container\" data-e-type=\"container\">\n\t\t\t\t<div class=\"elementor-element elementor-element-af7d20d elementor-widget elementor-widget-text-editor\" data-id=\"af7d20d\" data-element_type=\"widget\" data-e-type=\"widget\" data-widget_type=\"text-editor.default\">\n\t\t\t\t<div class=\"elementor-widget-container\">\n\t\t\t\t\t\t\t\t\t<h3 style=\"text-align: center;\">Vzd\u011bl\u00e1n\u00ed a p\u0159ehled odborn\u00e9 praxe<\/h3><ul><li><span style=\"color: #000000;\">2010 Promoce LF Masarykovy univerzity v Brn\u011b, obor V\u0161eobecn\u00e9 l\u00e9ka\u0159stv\u00ed\u00a0<\/span><\/li><li><span style=\"color: #000000;\">2010 a\u017e dosud Odd\u011blen\u00ed radiologick\u00e9 a zobrazovac\u00edch metod, nemocnice Znojmo &#8211; akreditovan\u00e9 pracovi\u0161t\u011b II. typu , v portfoliu l\u00e9ka\u0159ky je hodnocen\u00ed RTG , CT, MR zobrazen\u00ed, prov\u00e1d\u011bn\u00ed UZ vy\u0161et\u0159en\u00ed \u0161irok\u00e9ho spektra. Diagnostika d\u011bt\u00ed a dosp\u011bl\u00fdch.\u00a0<\/span><\/li><li><span style=\"color: #000000;\">2021 Atestace v oboru Radiologie a zobrazovac\u00ed metody<\/span><\/li><li><span style=\"color: #000000;\">2021 Diplom celo\u017eivotn\u00edho vzd\u011bl\u00e1v\u00e1n\u00ed -\u00fa\u010dast na kongresech a odborn\u00fdch vzd\u011bl\u00e1vac\u00edch akc\u00edch.<\/span><\/li><li><span style=\"color: #000000;\">2024 Licence I. a II. typu ud\u011blen\u00e1 \u010ceskou l\u00e9ka\u0159skou komorou<\/span><\/li><li><span style=\"color: #000000;\">2024 UZ vy\u0161et\u0159en\u00ed CPD Znojmo<\/span><\/li><\/ul>\t\t\t\t\t\t\t\t<\/div>\n\t\t\t\t<\/div>\n\t\t\t\t<\/div>\n\t\t<div class=\"elementor-element elementor-element-ffe8775 e-con-full e-flex e-con e-child\" data-id=\"ffe8775\" data-element_type=\"container\" data-e-type=\"container\">\n\t\t\t\t<div class=\"elementor-element elementor-element-ae70f65 elementor-widget elementor-widget-text-editor\" data-id=\"ae70f65\" data-element_type=\"widget\" data-e-type=\"widget\" data-widget_type=\"text-editor.default\">\n\t\t\t\t<div class=\"elementor-widget-container\">\n\t\t\t\t\t\t\t\t\t<h3 style=\"text-align: center;\"><b>\u010clenstv\u00ed v odborn\u00fdch spole\u010dnostech<\/b><\/h3><div><ul><li><span style=\"color: #000000;\">\u010cesk\u00e1 l\u00e9ka\u0159sk\u00e1 komora- \u010cLK<\/span><\/li><li><span style=\"color: #000000;\">\u010cesk\u00e1 radiologick\u00e1 spole\u010dnost- \u010cRS\u00a0<\/span><\/li><li><span style=\"color: #000000;\">\u010cLS JEP<\/span><\/li><\/ul><\/div>\t\t\t\t\t\t\t\t<\/div>\n\t\t\t\t<\/div>\n\t\t\t\t<\/div>\n\t\t\t\t\t<\/div>\n\t\t\t\t<\/div>\n\t\t\t\t<\/div>\n\t\t","protected":false},"excerpt":{"rendered":"<p>MUDr. Hana Pexov\u00e1 MUDr. Hana Pexov\u00e1 \u2013 radiodiagnostik \u2013\u00a0Preventivn\u00ed ultrazvukov\u00e1 vy\u0161et\u0159en\u00ed Vzd\u011bl\u00e1n\u00ed a p\u0159ehled odborn\u00e9 praxe 2010 Promoce LF Masarykovy [&hellip;]<\/p>\n","protected":false},"author":4,"featured_media":0,"parent":0,"menu_order":0,"comment_status":"closed","ping_status":"closed","template":"","meta":{"site-sidebar-layout":"no-sidebar","site-content-layout":"","ast-site-content-layout":"full-width-container","site-content-style":"default","site-sidebar-style":"default","ast-global-header-display":"","ast-banner-title-visibility":"","ast-main-header-display":"","ast-hfb-above-header-display":"","ast-hfb-below-header-display":"","ast-hfb-mobile-header-display":"","site-post-title":"disabled","ast-breadcrumbs-content":"","ast-featured-img":"disabled","footer-sml-layout":"","theme-transparent-header-meta":"","adv-header-id-meta":"","stick-header-meta":"","header-above-stick-meta":"","header-main-stick-meta":"","header-below-stick-meta":"","astra-migrate-meta-layouts":"default","ast-page-background-enabled":"default","ast-page-background-meta":{"desktop":{"background-color":"var(--ast-global-color-4)","background-image":"","background-repeat":"repeat","background-position":"center center","background-size":"auto","background-attachment":"scroll","background-type":"","background-media":"","overlay-type":"","overlay-color":"","overlay-opacity":"","overlay-gradient":""},"tablet":{"background-color":"","background-image":"","background-repeat":"repeat","background-position":"center center","background-size":"auto","background-attachment":"scroll","background-type":"","background-media":"","overlay-type":"","overlay-color":"","overlay-opacity":"","overlay-gradient":""},"mobile":{"background-color":"","background-image":"","background-repeat":"repeat","background-position":"center center","background-size":"auto","background-attachment":"scroll","background-type":"","background-media":"","overlay-type":"","overlay-color":"","overlay-opacity":"","overlay-gradient":""}},"ast-content-background-meta":{"desktop":{"background-color":"var(--ast-global-color-5)","background-image":"","background-repeat":"repeat","background-position":"center center","background-size":"auto","background-attachment":"scroll","background-type":"","background-media":"","overlay-type":"","overlay-color":"","overlay-opacity":"","overlay-gradient":""},"tablet":{"background-color":"var(--ast-global-color-5)","background-image":"","background-repeat":"repeat","background-position":"center center","background-size":"auto","background-attachment":"scroll","background-type":"","background-media":"","overlay-type":"","overlay-color":"","overlay-opacity":"","overlay-gradient":""},"mobile":{"background-color":"var(--ast-global-color-5)","background-image":"","background-repeat":"repeat","background-position":"center center","background-size":"auto","background-attachment":"scroll","background-type":"","background-media":"","overlay-type":"","overlay-color":"","overlay-opacity":"","overlay-gradient":""}},"footnotes":""},"class_list":["post-1245","page","type-page","status-publish","hentry"],"_links":{"self":[{"href":"https:\/\/www.znojmo-prenatal.cz\/index.php\/wp-json\/wp\/v2\/pages\/1245","targetHints":{"allow":["GET"]}}],"collection":[{"href":"https:\/\/www.znojmo-prenatal.cz\/index.php\/wp-json\/wp\/v2\/pages"}],"about":[{"href":"https:\/\/www.znojmo-prenatal.cz\/index.php\/wp-json\/wp\/v2\/types\/page"}],"author":[{"embeddable":true,"href":"https:\/\/www.znojmo-prenatal.cz\/index.php\/wp-json\/wp\/v2\/users\/4"}],"replies":[{"embeddable":true,"href":"https:\/\/www.znojmo-prenatal.cz\/index.php\/wp-json\/wp\/v2\/comments?post=1245"}],"version-history":[{"count":19,"href":"https:\/\/www.znojmo-prenatal.cz\/index.php\/wp-json\/wp\/v2\/pages\/1245\/revisions"}],"predecessor-version":[{"id":2329,"href":"https:\/\/www.znojmo-prenatal.cz\/index.php\/wp-json\/wp\/v2\/pages\/1245\/revisions\/2329"}],"wp:attachment":[{"href":"https:\/\/www.znojmo-prenatal.cz\/index.php\/wp-json\/wp\/v2\/media?parent=1245"}],"curies":[{"name":"wp","href":"https:\/\/api.w.org\/{rel}","templated":true}]}}