{"id":1230,"date":"2024-10-17T11:25:25","date_gmt":"2024-10-17T11:25:25","guid":{"rendered":"https:\/\/www.tepedesign.cz\/?page_id=1230"},"modified":"2025-01-31T19:52:00","modified_gmt":"2025-01-31T19:52:00","slug":"soukalova","status":"publish","type":"page","link":"https:\/\/www.znojmo-prenatal.cz\/index.php\/soukalova\/","title":{"rendered":"soukalova"},"content":{"rendered":"\t\t<div data-elementor-type=\"wp-page\" data-elementor-id=\"1230\" class=\"elementor elementor-1230\">\n\t\t\t\t<div class=\"elementor-element elementor-element-5411b4e e-flex e-con-boxed e-con e-parent\" data-id=\"5411b4e\" data-element_type=\"container\" data-e-type=\"container\">\n\t\t\t\t\t<div class=\"e-con-inner\">\n\t\t\t\t<div class=\"elementor-element elementor-element-6e8707d elementor-widget elementor-widget-spacer\" data-id=\"6e8707d\" data-element_type=\"widget\" data-e-type=\"widget\" data-widget_type=\"spacer.default\">\n\t\t\t\t<div class=\"elementor-widget-container\">\n\t\t\t\t\t\t\t<div class=\"elementor-spacer\">\n\t\t\t<div class=\"elementor-spacer-inner\"><\/div>\n\t\t<\/div>\n\t\t\t\t\t\t<\/div>\n\t\t\t\t<\/div>\n\t\t\t\t<div class=\"elementor-element elementor-element-f277359 elementor-widget elementor-widget-spacer\" data-id=\"f277359\" data-element_type=\"widget\" data-e-type=\"widget\" data-widget_type=\"spacer.default\">\n\t\t\t\t<div class=\"elementor-widget-container\">\n\t\t\t\t\t\t\t<div class=\"elementor-spacer\">\n\t\t\t<div class=\"elementor-spacer-inner\"><\/div>\n\t\t<\/div>\n\t\t\t\t\t\t<\/div>\n\t\t\t\t<\/div>\n\t\t\t\t<div class=\"elementor-element elementor-element-f5c02cd elementor-widget elementor-widget-spacer\" data-id=\"f5c02cd\" data-element_type=\"widget\" data-e-type=\"widget\" data-widget_type=\"spacer.default\">\n\t\t\t\t<div class=\"elementor-widget-container\">\n\t\t\t\t\t\t\t<div class=\"elementor-spacer\">\n\t\t\t<div class=\"elementor-spacer-inner\"><\/div>\n\t\t<\/div>\n\t\t\t\t\t\t<\/div>\n\t\t\t\t<\/div>\n\t\t\t\t<div class=\"elementor-element elementor-element-a545bd4 elementor-widget elementor-widget-heading\" data-id=\"a545bd4\" data-element_type=\"widget\" data-e-type=\"widget\" data-widget_type=\"heading.default\">\n\t\t\t\t<div class=\"elementor-widget-container\">\n\t\t\t\t\t<h2 class=\"elementor-heading-title elementor-size-default\">MUDr. Jana \u0160oukalov\u00e1<\/h2>\t\t\t\t<\/div>\n\t\t\t\t<\/div>\n\t\t\t\t<div class=\"elementor-element elementor-element-648bc66 elementor-widget-divider--view-line elementor-widget elementor-widget-divider\" data-id=\"648bc66\" data-element_type=\"widget\" data-e-type=\"widget\" data-widget_type=\"divider.default\">\n\t\t\t\t<div class=\"elementor-widget-container\">\n\t\t\t\t\t\t\t<div class=\"elementor-divider\">\n\t\t\t<span class=\"elementor-divider-separator\">\n\t\t\t\t\t\t<\/span>\n\t\t<\/div>\n\t\t\t\t\t\t<\/div>\n\t\t\t\t<\/div>\n\t\t\t\t<div class=\"elementor-element elementor-element-0e260f9 elementor-widget elementor-widget-spacer\" data-id=\"0e260f9\" data-element_type=\"widget\" data-e-type=\"widget\" data-widget_type=\"spacer.default\">\n\t\t\t\t<div class=\"elementor-widget-container\">\n\t\t\t\t\t\t\t<div class=\"elementor-spacer\">\n\t\t\t<div class=\"elementor-spacer-inner\"><\/div>\n\t\t<\/div>\n\t\t\t\t\t\t<\/div>\n\t\t\t\t<\/div>\n\t\t\t\t<div class=\"elementor-element elementor-element-7964fe2 elementor-widget elementor-widget-text-editor\" data-id=\"7964fe2\" data-element_type=\"widget\" data-e-type=\"widget\" data-widget_type=\"text-editor.default\">\n\t\t\t\t<div class=\"elementor-widget-container\">\n\t\t\t\t\t\t\t\t\t<h2 style=\"text-align: center;\"><strong>MUDr. Jana \u0160oukalov\u00e1<\/strong>\u00a0\u2013 l\u00e9ka\u0159ka \u2013 klinick\u00e1 genetika<\/h2>\t\t\t\t\t\t\t\t<\/div>\n\t\t\t\t<\/div>\n\t\t\t\t\t<\/div>\n\t\t\t\t<\/div>\n\t\t<div class=\"elementor-element elementor-element-d11ccf6 e-flex e-con-boxed e-con e-parent\" data-id=\"d11ccf6\" data-element_type=\"container\" data-e-type=\"container\">\n\t\t\t\t\t<div class=\"e-con-inner\">\n\t\t\t\t<div class=\"elementor-element elementor-element-cd5253b elementor-widget__width-initial elementor-widget elementor-widget-image\" data-id=\"cd5253b\" data-element_type=\"widget\" data-e-type=\"widget\" data-widget_type=\"image.default\">\n\t\t\t\t<div class=\"elementor-widget-container\">\n\t\t\t\t\t\t\t\t\t\t\t\t\t\t\t<img fetchpriority=\"high\" decoding=\"async\" width=\"1024\" height=\"1024\" src=\"https:\/\/www.znojmo-prenatal.cz\/wp-content\/uploads\/2024\/11\/1-1024x1024.png\" class=\"attachment-large size-large wp-image-1868\" alt=\"\" srcset=\"https:\/\/www.znojmo-prenatal.cz\/wp-content\/uploads\/2024\/11\/1-1024x1024.png 1024w, https:\/\/www.znojmo-prenatal.cz\/wp-content\/uploads\/2024\/11\/1-300x300.png 300w, https:\/\/www.znojmo-prenatal.cz\/wp-content\/uploads\/2024\/11\/1-150x150.png 150w, https:\/\/www.znojmo-prenatal.cz\/wp-content\/uploads\/2024\/11\/1-768x768.png 768w, https:\/\/www.znojmo-prenatal.cz\/wp-content\/uploads\/2024\/11\/1.png 1080w\" sizes=\"(max-width: 1024px) 100vw, 1024px\" \/>\t\t\t\t\t\t\t\t\t\t\t\t\t\t\t<\/div>\n\t\t\t\t<\/div>\n\t\t\t\t\t<\/div>\n\t\t\t\t<\/div>\n\t\t<div class=\"elementor-element elementor-element-7351724 e-grid e-con-boxed e-con e-parent\" data-id=\"7351724\" data-element_type=\"container\" data-e-type=\"container\">\n\t\t\t\t\t<div class=\"e-con-inner\">\n\t\t\t\t<div class=\"elementor-element elementor-element-630354e elementor-widget elementor-widget-text-editor\" data-id=\"630354e\" data-element_type=\"widget\" data-e-type=\"widget\" data-widget_type=\"text-editor.default\">\n\t\t\t\t<div class=\"elementor-widget-container\">\n\t\t\t\t\t\t\t\t\t<h3 style=\"text-align: center;\"><strong><em>Vzd\u011bl\u00e1n\u00ed:<\/em><\/strong><\/h3>\n<ul>\n<li><span style=\"color: #000000;\">1987 \u2013 1993&nbsp;&nbsp;&nbsp;&nbsp; L\u00e9ka\u0159sk\u00e1 fakulta MU v&nbsp;Brn\u011b<\/span><\/li>\n<li><span style=\"color: #000000;\">1996 &#8211; Atestace I.stupn\u011b v&nbsp;oboru Pediatrie<\/span><\/li>\n<li><span style=\"color: #000000;\">2006 &#8211; Specializovan\u00e1 zp\u016fsobilost v&nbsp;oboru L\u00e9ka\u0159sk\u00e1 genetika<\/span><\/li>\n<li><span style=\"color: #000000;\">2012 Licence pro v\u00fdkon funkce vedouc\u00edho l\u00e9ka\u0159e a prim\u00e1\u0159e ve zdravotnick\u00e9m za\u0159\u00edzen\u00ed pro obor L\u00e9ka\u0159sk\u00e1 genetika<\/span><\/li>\n<li><span style=\"color: #000000;\">Dr\u017eitelka Diplomu celo\u017eivotn\u00edho vzd\u011bl\u00e1v\u00e1n\u00ed<\/span><\/li>\n<\/ul>\t\t\t\t\t\t\t\t<\/div>\n\t\t\t\t<\/div>\n\t\t\t\t<div class=\"elementor-element elementor-element-695bb73 elementor-widget elementor-widget-text-editor\" data-id=\"695bb73\" data-element_type=\"widget\" data-e-type=\"widget\" data-widget_type=\"text-editor.default\">\n\t\t\t\t<div class=\"elementor-widget-container\">\n\t\t\t\t\t\t\t\t\t<h3 style=\"text-align: center;\"><strong><em>Odborn\u00e1 praxe:<\/em><\/strong><\/h3><ul><li><span style=\"color: #000000;\">1993 \u2013 1997\u00a0\u00a0\u00a0\u00a0 I. d\u011btsk\u00e1 klinika FN u Svat\u00e9 Anny v\u00a0Brn\u011b<\/span><\/li><li><span style=\"color: #000000;\">1997 \u2013 2002\u00a0\u00a0\u00a0\u00a0 I. d\u011btsk\u00e1 intern\u00ed klinka FN Brno<\/span><\/li><li><span style=\"color: #000000;\">2002 \u2013 dosud\u00a0\u00a0 Odd\u011blen\u00ed l\u00e9ka\u0159sk\u00e9 genetiky FN Brno \u2013 l\u00e9ka\u0159, od r. 2012 z\u00e1stupce prim\u00e1\u0159e<\/span><\/li><li><span style=\"color: #000000;\">Od 4\/ 2018\u00a0\u00a0\u00a0\u00a0\u00a0\u00a0\u00a0Centrum prenat\u00e1ln\u00ed diagnostiky s.r.o. Brno \u2013 l\u00e9ka\u0159- klinick\u00fd genetik<\/span><\/li><li><span style=\"color: #000000;\">2024 &#8211; dosud prim\u00e1\u0159ka odd\u011blen\u00ed L\u00e9ka\u0159sk\u00e9 Genetiky FN Brno<\/span><\/li><\/ul>\t\t\t\t\t\t\t\t<\/div>\n\t\t\t\t<\/div>\n\t\t\t\t<div class=\"elementor-element elementor-element-119b85d elementor-widget elementor-widget-text-editor\" data-id=\"119b85d\" data-element_type=\"widget\" data-e-type=\"widget\" data-widget_type=\"text-editor.default\">\n\t\t\t\t<div class=\"elementor-widget-container\">\n\t\t\t\t\t\t\t\t\t<h3 style=\"text-align: center;\"><strong><em>Pedagogick\u00e1 a v\u011bdeck\u00e1 \u010dinnost<\/em><\/strong><\/h3><ul><li><span style=\"color: #000000;\">2005- dosud\u00a0\u00a0\u00a0\u00a0\u00a0LF MU v\u00a0Brn\u011b, Biologick\u00fd \u00fastav- odborn\u00fd asistent<\/span><\/li><li><span style=\"color: #000000;\">2012- dosud\u00a0\u00a0\u00a0\u00a0\u00a0\u010dlen SOR pro obor L\u00e9ka\u0159sk\u00e1 genetika, garant SV l\u00e9ka\u0159\u016f pro obor LG na LF MU<\/span><\/li><li><span style=\"color: #000000;\">Spolu\u00fa\u010dast na n\u011bkolika v\u00fdzkumn\u00fdch projektech a grantech na LF MU<\/span><\/li><\/ul>\t\t\t\t\t\t\t\t<\/div>\n\t\t\t\t<\/div>\n\t\t\t\t\t<\/div>\n\t\t\t\t<\/div>\n\t\t<div class=\"elementor-element elementor-element-b4cbb19 e-flex e-con-boxed e-con e-parent\" data-id=\"b4cbb19\" data-element_type=\"container\" data-e-type=\"container\">\n\t\t\t\t\t<div class=\"e-con-inner\">\n\t\t\t\t<div class=\"elementor-element elementor-element-59251ba elementor-widget elementor-widget-text-editor\" data-id=\"59251ba\" data-element_type=\"widget\" data-e-type=\"widget\" data-widget_type=\"text-editor.default\">\n\t\t\t\t<div class=\"elementor-widget-container\">\n\t\t\t\t\t\t\t\t\t<h3 style=\"text-align: center;\"><strong><em>\u010clenstv\u00ed v\u00a0odborn\u00fdch spole\u010dnostech:<\/em><\/strong><\/h3><ul><li><span style=\"color: #000000;\">\u010cesk\u00e1 l\u00e9ka\u0159sk\u00e1 spole\u010dnost Jana Evangelisty Purkyn\u011b<\/span><\/li><li><span style=\"color: #000000;\">Spole\u010dnost l\u00e9ka\u0159sk\u00e9 genetiky a genomiky<\/span><\/li><\/ul>\t\t\t\t\t\t\t\t<\/div>\n\t\t\t\t<\/div>\n\t\t\t\t\t<\/div>\n\t\t\t\t<\/div>\n\t\t\t\t<\/div>\n\t\t","protected":false},"excerpt":{"rendered":"<p>MUDr. Jana \u0160oukalov\u00e1 MUDr. Jana \u0160oukalov\u00e1\u00a0\u2013 l\u00e9ka\u0159ka \u2013 klinick\u00e1 genetika Vzd\u011bl\u00e1n\u00ed: 1987 \u2013 1993&nbsp;&nbsp;&nbsp;&nbsp; L\u00e9ka\u0159sk\u00e1 fakulta MU v&nbsp;Brn\u011b 1996 &#8211; [&hellip;]<\/p>\n","protected":false},"author":4,"featured_media":0,"parent":0,"menu_order":0,"comment_status":"closed","ping_status":"closed","template":"","meta":{"site-sidebar-layout":"no-sidebar","site-content-layout":"","ast-site-content-layout":"full-width-container","site-content-style":"default","site-sidebar-style":"default","ast-global-header-display":"","ast-banner-title-visibility":"","ast-main-header-display":"","ast-hfb-above-header-display":"","ast-hfb-below-header-display":"","ast-hfb-mobile-header-display":"","site-post-title":"disabled","ast-breadcrumbs-content":"","ast-featured-img":"disabled","footer-sml-layout":"","theme-transparent-header-meta":"","adv-header-id-meta":"","stick-header-meta":"","header-above-stick-meta":"","header-main-stick-meta":"","header-below-stick-meta":"","astra-migrate-meta-layouts":"default","ast-page-background-enabled":"default","ast-page-background-meta":{"desktop":{"background-color":"var(--ast-global-color-4)","background-image":"","background-repeat":"repeat","background-position":"center center","background-size":"auto","background-attachment":"scroll","background-type":"","background-media":"","overlay-type":"","overlay-color":"","overlay-opacity":"","overlay-gradient":""},"tablet":{"background-color":"","background-image":"","background-repeat":"repeat","background-position":"center center","background-size":"auto","background-attachment":"scroll","background-type":"","background-media":"","overlay-type":"","overlay-color":"","overlay-opacity":"","overlay-gradient":""},"mobile":{"background-color":"","background-image":"","background-repeat":"repeat","background-position":"center center","background-size":"auto","background-attachment":"scroll","background-type":"","background-media":"","overlay-type":"","overlay-color":"","overlay-opacity":"","overlay-gradient":""}},"ast-content-background-meta":{"desktop":{"background-color":"var(--ast-global-color-5)","background-image":"","background-repeat":"repeat","background-position":"center center","background-size":"auto","background-attachment":"scroll","background-type":"","background-media":"","overlay-type":"","overlay-color":"","overlay-opacity":"","overlay-gradient":""},"tablet":{"background-color":"var(--ast-global-color-5)","background-image":"","background-repeat":"repeat","background-position":"center center","background-size":"auto","background-attachment":"scroll","background-type":"","background-media":"","overlay-type":"","overlay-color":"","overlay-opacity":"","overlay-gradient":""},"mobile":{"background-color":"var(--ast-global-color-5)","background-image":"","background-repeat":"repeat","background-position":"center center","background-size":"auto","background-attachment":"scroll","background-type":"","background-media":"","overlay-type":"","overlay-color":"","overlay-opacity":"","overlay-gradient":""}},"footnotes":""},"class_list":["post-1230","page","type-page","status-publish","hentry"],"_links":{"self":[{"href":"https:\/\/www.znojmo-prenatal.cz\/index.php\/wp-json\/wp\/v2\/pages\/1230","targetHints":{"allow":["GET"]}}],"collection":[{"href":"https:\/\/www.znojmo-prenatal.cz\/index.php\/wp-json\/wp\/v2\/pages"}],"about":[{"href":"https:\/\/www.znojmo-prenatal.cz\/index.php\/wp-json\/wp\/v2\/types\/page"}],"author":[{"embeddable":true,"href":"https:\/\/www.znojmo-prenatal.cz\/index.php\/wp-json\/wp\/v2\/users\/4"}],"replies":[{"embeddable":true,"href":"https:\/\/www.znojmo-prenatal.cz\/index.php\/wp-json\/wp\/v2\/comments?post=1230"}],"version-history":[{"count":13,"href":"https:\/\/www.znojmo-prenatal.cz\/index.php\/wp-json\/wp\/v2\/pages\/1230\/revisions"}],"predecessor-version":[{"id":2199,"href":"https:\/\/www.znojmo-prenatal.cz\/index.php\/wp-json\/wp\/v2\/pages\/1230\/revisions\/2199"}],"wp:attachment":[{"href":"https:\/\/www.znojmo-prenatal.cz\/index.php\/wp-json\/wp\/v2\/media?parent=1230"}],"curies":[{"name":"wp","href":"https:\/\/api.w.org\/{rel}","templated":true}]}}