{"id":1194,"date":"2024-10-17T09:58:07","date_gmt":"2024-10-17T09:58:07","guid":{"rendered":"https:\/\/www.tepedesign.cz\/?page_id=1194"},"modified":"2026-01-21T19:49:12","modified_gmt":"2026-01-21T19:49:12","slug":"pavkova","status":"publish","type":"page","link":"https:\/\/www.znojmo-prenatal.cz\/index.php\/pavkova\/","title":{"rendered":"pavkova"},"content":{"rendered":"\t\t<div data-elementor-type=\"wp-page\" data-elementor-id=\"1194\" class=\"elementor elementor-1194\">\n\t\t\t\t<div class=\"elementor-element elementor-element-efa5b69 e-flex e-con-boxed e-con e-parent\" data-id=\"efa5b69\" data-element_type=\"container\" data-e-type=\"container\">\n\t\t\t\t\t<div class=\"e-con-inner\">\n\t\t\t\t<div class=\"elementor-element elementor-element-dc5acff elementor-widget elementor-widget-spacer\" data-id=\"dc5acff\" data-element_type=\"widget\" data-e-type=\"widget\" data-widget_type=\"spacer.default\">\n\t\t\t\t<div class=\"elementor-widget-container\">\n\t\t\t\t\t\t\t<div class=\"elementor-spacer\">\n\t\t\t<div class=\"elementor-spacer-inner\"><\/div>\n\t\t<\/div>\n\t\t\t\t\t\t<\/div>\n\t\t\t\t<\/div>\n\t\t\t\t<div class=\"elementor-element elementor-element-b754090 elementor-widget elementor-widget-spacer\" data-id=\"b754090\" data-element_type=\"widget\" data-e-type=\"widget\" data-widget_type=\"spacer.default\">\n\t\t\t\t<div class=\"elementor-widget-container\">\n\t\t\t\t\t\t\t<div class=\"elementor-spacer\">\n\t\t\t<div class=\"elementor-spacer-inner\"><\/div>\n\t\t<\/div>\n\t\t\t\t\t\t<\/div>\n\t\t\t\t<\/div>\n\t\t\t\t<div class=\"elementor-element elementor-element-8ee1b9c elementor-widget elementor-widget-spacer\" data-id=\"8ee1b9c\" data-element_type=\"widget\" data-e-type=\"widget\" data-widget_type=\"spacer.default\">\n\t\t\t\t<div class=\"elementor-widget-container\">\n\t\t\t\t\t\t\t<div class=\"elementor-spacer\">\n\t\t\t<div class=\"elementor-spacer-inner\"><\/div>\n\t\t<\/div>\n\t\t\t\t\t\t<\/div>\n\t\t\t\t<\/div>\n\t\t\t\t<div class=\"elementor-element elementor-element-6ae8bf7 elementor-widget-divider--view-line elementor-widget elementor-widget-divider\" data-id=\"6ae8bf7\" data-element_type=\"widget\" data-e-type=\"widget\" data-widget_type=\"divider.default\">\n\t\t\t\t<div class=\"elementor-widget-container\">\n\t\t\t\t\t\t\t<div class=\"elementor-divider\">\n\t\t\t<span class=\"elementor-divider-separator\">\n\t\t\t\t\t\t<\/span>\n\t\t<\/div>\n\t\t\t\t\t\t<\/div>\n\t\t\t\t<\/div>\n\t\t\t\t<div class=\"elementor-element elementor-element-59b136c elementor-widget elementor-widget-heading\" data-id=\"59b136c\" data-element_type=\"widget\" data-e-type=\"widget\" data-widget_type=\"heading.default\">\n\t\t\t\t<div class=\"elementor-widget-container\">\n\t\t\t\t\t<h2 class=\"elementor-heading-title elementor-size-default\">MUDr. \u0160\u00e1rka Pavkov\u00e1 Ph.D.<br><\/h2>\t\t\t\t<\/div>\n\t\t\t\t<\/div>\n\t\t\t\t<div class=\"elementor-element elementor-element-f9b5059 elementor-widget elementor-widget-spacer\" data-id=\"f9b5059\" data-element_type=\"widget\" data-e-type=\"widget\" data-widget_type=\"spacer.default\">\n\t\t\t\t<div class=\"elementor-widget-container\">\n\t\t\t\t\t\t\t<div class=\"elementor-spacer\">\n\t\t\t<div class=\"elementor-spacer-inner\"><\/div>\n\t\t<\/div>\n\t\t\t\t\t\t<\/div>\n\t\t\t\t<\/div>\n\t\t\t\t<div class=\"elementor-element elementor-element-c5e91c6 elementor-widget elementor-widget-text-editor\" data-id=\"c5e91c6\" data-element_type=\"widget\" data-e-type=\"widget\" data-widget_type=\"text-editor.default\">\n\t\t\t\t<div class=\"elementor-widget-container\">\n\t\t\t\t\t\t\t\t\t<h2 style=\"text-align: center;\">MUDr. \u0160\u00e1rka Pavkov\u00e1 Ph.D. \u2013 vedouc\u00ed l\u00e9ka\u0159ka \u2013\u00a0<a href=\"https:\/\/www.znojmo-prenatal.cz\/index.php\/centrum-prenatalni-diagnostiky-znojmo\/\">Centrum prenat\u00e1ln\u00ed diagnostiky Znojmo<\/a>\u00a0a\u00a0<a href=\"https:\/\/www.znojmo-prenatal.cz\/index.php\/centrum-gynekologicke-pece\/\">Centrum gynekologick\u00e9 p\u00e9\u010de<\/a><\/h2>\t\t\t\t\t\t\t\t<\/div>\n\t\t\t\t<\/div>\n\t\t\t\t\t<\/div>\n\t\t\t\t<\/div>\n\t\t<div class=\"elementor-element elementor-element-45b3891 e-flex e-con-boxed e-con e-parent\" data-id=\"45b3891\" data-element_type=\"container\" data-e-type=\"container\">\n\t\t\t\t\t<div class=\"e-con-inner\">\n\t\t\t\t<div class=\"elementor-element elementor-element-e2efc3a elementor-widget__width-initial elementor-widget elementor-widget-image\" data-id=\"e2efc3a\" data-element_type=\"widget\" data-e-type=\"widget\" data-widget_type=\"image.default\">\n\t\t\t\t<div class=\"elementor-widget-container\">\n\t\t\t\t\t\t\t\t\t\t\t\t\t\t\t<img fetchpriority=\"high\" decoding=\"async\" width=\"768\" height=\"1024\" src=\"https:\/\/www.znojmo-prenatal.cz\/wp-content\/uploads\/2024\/12\/pavkova-1-768x1024.jpg\" class=\"attachment-large size-large wp-image-2171\" alt=\"\" srcset=\"https:\/\/www.znojmo-prenatal.cz\/wp-content\/uploads\/2024\/12\/pavkova-1-768x1024.jpg 768w, https:\/\/www.znojmo-prenatal.cz\/wp-content\/uploads\/2024\/12\/pavkova-1-225x300.jpg 225w, https:\/\/www.znojmo-prenatal.cz\/wp-content\/uploads\/2024\/12\/pavkova-1-1152x1536.jpg 1152w, https:\/\/www.znojmo-prenatal.cz\/wp-content\/uploads\/2024\/12\/pavkova-1-1536x2048.jpg 1536w, https:\/\/www.znojmo-prenatal.cz\/wp-content\/uploads\/2024\/12\/pavkova-1-scaled.jpg 1920w\" sizes=\"(max-width: 768px) 100vw, 768px\" \/>\t\t\t\t\t\t\t\t\t\t\t\t\t\t\t<\/div>\n\t\t\t\t<\/div>\n\t\t\t\t<div class=\"elementor-element elementor-element-ceab21f elementor-widget elementor-widget-spacer\" data-id=\"ceab21f\" data-element_type=\"widget\" data-e-type=\"widget\" data-widget_type=\"spacer.default\">\n\t\t\t\t<div class=\"elementor-widget-container\">\n\t\t\t\t\t\t\t<div class=\"elementor-spacer\">\n\t\t\t<div class=\"elementor-spacer-inner\"><\/div>\n\t\t<\/div>\n\t\t\t\t\t\t<\/div>\n\t\t\t\t<\/div>\n\t\t\t\t\t<\/div>\n\t\t\t\t<\/div>\n\t\t<div class=\"elementor-element elementor-element-7daa855 e-grid e-con-full e-con e-parent\" data-id=\"7daa855\" data-element_type=\"container\" data-e-type=\"container\">\n\t\t\t\t<div class=\"elementor-element elementor-element-9e4d795 elementor-widget elementor-widget-text-editor\" data-id=\"9e4d795\" data-element_type=\"widget\" data-e-type=\"widget\" data-widget_type=\"text-editor.default\">\n\t\t\t\t<div class=\"elementor-widget-container\">\n\t\t\t\t\t\t\t\t\t<h3 style=\"text-align: center;\"><strong>Vzd\u011bl\u00e1n\u00ed:<\/strong><\/h3><ul><li><span style=\"color: #000000;\">1994 \u2013 2000 L\u00e9ka\u0159sk\u00e1 fakulta MU v Brn\u011b<\/span><\/li><li><span style=\"color: #000000;\">2003 \u2013 Atestace I. stupn\u011b v oboru Gynekologie a porodnictv\u00ed<\/span><\/li><li><span style=\"color: #000000;\">2006 \u2013 Licence \u010cLK pro v\u00fdkon soukrom\u00e9 praxe, funkci odborn\u00e9ho z\u00e1stupce a pro poskytov\u00e1n\u00ed poradensk\u00fdch slu\u017eeb v oboru gynekologie \u2013porodnictv\u00ed<\/span><\/li><li><span style=\"color: #000000;\">2007 \u2013 Specializovan\u00e1 zp\u016fsobilost v oboru Gynekologie a porodnictv\u00ed<\/span><\/li><li><span style=\"color: #000000;\">Dr\u017eitel Diplomu celo\u017eivotn\u00edho vzd\u011bl\u00e1v\u00e1n\u00ed<\/span><\/li><li><span style=\"color: #000000;\">Dr\u017eitel Superkonzili\u00e1rn\u00edho certifik\u00e1tu pro ultrazvukov\u00e9 vy\u0161et\u0159en\u00ed v pr\u016fb\u011bhu prenat\u00e1ln\u00ed p\u00e9\u010de<\/span><\/li><\/ul>\t\t\t\t\t\t\t\t<\/div>\n\t\t\t\t<\/div>\n\t\t\t\t<div class=\"elementor-element elementor-element-e210c2b elementor-widget elementor-widget-text-editor\" data-id=\"e210c2b\" data-element_type=\"widget\" data-e-type=\"widget\" data-widget_type=\"text-editor.default\">\n\t\t\t\t<div class=\"elementor-widget-container\">\n\t\t\t\t\t\t\t\t\t<h3 style=\"text-align: center;\">Odborn\u00e1 praxe:<\/h3><ul><li><span style=\"color: #000000;\">1997 \u2013 2000 Gyn.-por. klinika FN Brno, Obiln\u00ed trh \u2013 Studentsk\u00e1 v\u011bdeck\u00e1 odborn\u00e1 \u010dinnost<\/span><\/li><li><span style=\"color: #000000;\">2000 \u2013 2008 Gyn-por. odd. Nemocnice Znojmo, \u2013 od r. 2006 vedouc\u00ed l\u00e9ka\u0159 Ultrazvukov\u00e9 Ambulance<\/span><\/li><li><span style=\"color: #000000;\">2008 \u2013 2017 Ambulance ultrazvukov\u00e9 a prenat\u00e1ln\u00ed diagnostiky Nemocnice Znojmo \u2013 vedouc\u00ed l\u00e9ka\u0159<\/span><\/li><li><span style=\"color: #000000;\">2004 \u2013 2022 Gynekologick\u00e1 ambulance G-Meda s.r.o. Znojmo \u2013 l\u00e9ka\u0159<\/span><\/li><li><span style=\"color: #000000;\">2008 \u2013 dosud Centrum prenat\u00e1ln\u00ed diagnostiky s.r.o. Brno \u2013 l\u00e9ka\u0159<\/span><\/li><\/ul>\t\t\t\t\t\t\t\t<\/div>\n\t\t\t\t<\/div>\n\t\t\t\t<div class=\"elementor-element elementor-element-cf0f55f elementor-widget elementor-widget-text-editor\" data-id=\"cf0f55f\" data-element_type=\"widget\" data-e-type=\"widget\" data-widget_type=\"text-editor.default\">\n\t\t\t\t<div class=\"elementor-widget-container\">\n\t\t\t\t\t\t\t\t\t<h3 style=\"text-align: center;\">\u010clenstv\u00ed v odborn\u00fdch spole\u010dnostech:<\/h3><ul><li><span style=\"color: #000000;\">\u010cesk\u00e1 gynekologicko-porodnick\u00e1 spole\u010dnost \u010cLS JEP<\/span><\/li><li><span style=\"color: #000000;\">Sekce ultrazvukov\u00e9 diagnostiky \u010cesk\u00e9 gynekologick\u00e9 a porodnick\u00e9 spole\u010dnosti<\/span><\/li><li><span style=\"color: #000000;\">Sekce pro l\u00e9\u010dbu endometri\u00f3zy \u010cesk\u00e9 gynekologick\u00e9 a porodnick\u00e9 spole\u010dnosti<\/span><\/li><li><span style=\"color: #000000;\">ISUOG \u2013 International Society for Ultrasound in Obstetrics and Gynecology (Mezin\u00e1rodn\u00ed spole\u010dnost pro ultrazvuk v porodnictv\u00ed a gynekologii)<\/span><\/li><li><span style=\"color: #000000;\">\u010cesk\u00e1 spole\u010dnost pro ultrazvuk v porodnictv\u00ed a gynekologii \u010cLS JEP (CSUPG)<\/span><\/li><\/ul>\t\t\t\t\t\t\t\t<\/div>\n\t\t\t\t<\/div>\n\t\t\t\t<\/div>\n\t\t<div class=\"elementor-element elementor-element-3fee9ca e-flex e-con-boxed e-con e-parent\" data-id=\"3fee9ca\" data-element_type=\"container\" data-e-type=\"container\">\n\t\t\t\t\t<div class=\"e-con-inner\">\n\t\t<div class=\"elementor-element elementor-element-e853991 e-con-full e-flex e-con e-child\" data-id=\"e853991\" data-element_type=\"container\" data-e-type=\"container\">\n\t\t\t\t<div class=\"elementor-element elementor-element-8472ce5 elementor-widget elementor-widget-text-editor\" data-id=\"8472ce5\" data-element_type=\"widget\" data-e-type=\"widget\" data-widget_type=\"text-editor.default\">\n\t\t\t\t<div class=\"elementor-widget-container\">\n\t\t\t\t\t\t\t\t\t<h3 style=\"text-align: center;\">Certifikace:<\/h3><ul><li><span style=\"color: #000000;\">2002 \u2013 Specializa\u010dn\u00ed kurz \u2013 Ultrazvukov\u00e1 diagnostika v gynekologii d\u011bt\u00ed a dosp\u00edvaj\u00edc\u00edch<\/span><\/li><li><span style=\"color: #000000;\">2005 \u2013 Certificate of Competence in the 11-13 weeks scan (The Fetal Medicine Foundation London \u2013 FMF) (mezin\u00e1rodn\u00ed certifik\u00e1t pro kombinovan\u00fd ultrazvukov\u00fd screening prvn\u00edho trimestru, Fetal Medicine Foundation)<\/span><\/li><li><span style=\"color: #000000;\">2005 \u2013 Certificate of Competence NT scan (FMF) \u2013 (mezin\u00e1rodn\u00ed certifik\u00e1t pro m\u011b\u0159en\u00ed \u0161\u00edjov\u00e9ho projasn\u011bn\u00ed)<\/span><\/li><li><span style=\"color: #000000;\">2008 \u2013 Certificate of Competence \u2013 Nasal bone (FMF) \u2013 (mezin\u00e1rodn\u00ed certifik\u00e1t m\u011b\u0159en\u00ed nosn\u00ed kosti v prvn\u00edm trimestru)<\/span><\/li><li><span style=\"color: #000000;\">2009 \u2013 Certificate of Competence \u2013 Uterine Doppler (PET) (FMF) \u2013 (mezin\u00e1rodn\u00ed certifik\u00e1t pro m\u011b\u0159en\u00ed pr\u016ftok\u016f d\u011blo\u017en\u00edmi tepnami)<\/span><\/li><li><span style=\"color: #000000;\">2009 \u2013 Certificate of Competence Cervical assessment (FMF) \u2013 (mezin\u00e1rodn\u00ed certifik\u00e1t m\u011b\u0159en\u00ed d\u00e9lky d\u011blo\u017en\u00edho hrdla)<\/span><\/li><li><span style=\"color: #000000;\">2009 \u2013 Certificate of Competence Doppler ultrasound (FMF) \u2013 (mezin\u00e1rodn\u00ed certifik\u00e1t m\u011b\u0159en\u00ed pr\u016ftok\u016f c\u00e9vami plodu a d\u011blohy)<\/span><\/li><li><span style=\"color: #000000;\">2009 \u2013 Specializa\u010dn\u00ed kurz ISUOG \u2013 Fet\u00e1ln\u00ed echokardiografie, Praktick\u00e1 aplikace dopplerometrie b\u011bhem t\u011bhotenstv\u00ed<\/span><\/li><li><span style=\"color: #000000;\">2011 \u2013 Certificate of Competence \u2013 Ductus venosus (FMF) \u2013 (mezin\u00e1rodn\u00ed certifik\u00e1t m\u011b\u0159en\u00ed pr\u016ftoku ve ven\u00f3zn\u00edm duktu)<\/span><\/li><li><span style=\"color: #000000;\">2011 \u2013 Certificate of Competence -Tricuspid flow (FMF) \u2013 (mezin\u00e1rodn\u00ed certifik\u00e1t m\u011b\u0159en\u00ed pr\u016ftoku p\u0159es trojc\u00edpou chlope\u0148 srde\u010dn\u00ed)<\/span><\/li><li><span style=\"color: #000000;\">2011 \u2013 Certificate of Competence \u2013 Facial angle (FMF) \u2013 (mezin\u00e1rodn\u00ed certifik\u00e1t m\u011b\u0159en\u00ed obli\u010dejov\u00e9ho \u00fahlu v prvn\u00edm trimestru)<\/span><\/li><li><span style=\"color: #000000;\">2011 \u2013 Specializa\u010dn\u00ed kurz FMF \u201eBasic fetal echocardiography\u201c \u2013 (Z\u00e1kladn\u00ed screeningov\u00e9 vy\u0161et\u0159en\u00ed srdce plodu)<\/span><\/li><li><span style=\"color: #000000;\">2011 \u2013 Specializa\u010dn\u00ed kurz FMF \u201cAntenatal Surveillance\u201c \u2013 (Prenat\u00e1ln\u00ed sledov\u00e1n\u00ed)<\/span><\/li><li><span style=\"color: #000000;\">2012 \u2013 Specializa\u010dn\u00ed certifika\u010dn\u00ed kurz \u2013 Dopplerovsk\u00e9 hodnocen\u00ed pr\u016ftoku ve fet\u00e1ln\u00edch a placent\u00e1rn\u00edch c\u00e9v\u00e1ch, Prenat\u00e1ln\u00ed p\u00e9\u010de o v\u00edce\u010detn\u00e1 t\u011bhotenstv\u00ed<\/span><\/li><li><span style=\"color: #000000;\">2012 \u2013 Certifikace: Superkonzili\u00e1rn\u00ed ultrazvukov\u00e9 vy\u0161et\u0159en\u00ed v pr\u016fb\u011bhu prenat\u00e1ln\u00ed p\u00e9\u010de<\/span><\/li><li><span style=\"color: #000000;\">2017 \u2013 Kurz \u201eMultiple pregnancy\u201c, FMF, (V\u00edce\u010detn\u00e9 t\u011bhotenstv\u00ed), Lond\u00fdn<\/span><\/li><li><span style=\"color: #000000;\">2017 \u2013 Specializa\u010dn\u00ed kurz FMF \u201eFetal cardiac defects\u201c \u2013 (Srde\u010dn\u00ed vady plodu)<\/span><\/li><\/ul>\t\t\t\t\t\t\t\t<\/div>\n\t\t\t\t<\/div>\n\t\t\t\t<\/div>\n\t\t<div class=\"elementor-element elementor-element-fe88665 e-con-full e-flex e-con e-child\" data-id=\"fe88665\" data-element_type=\"container\" data-e-type=\"container\">\n\t\t\t\t<div class=\"elementor-element elementor-element-c8b27cf elementor-widget elementor-widget-text-editor\" data-id=\"c8b27cf\" data-element_type=\"widget\" data-e-type=\"widget\" data-widget_type=\"text-editor.default\">\n\t\t\t\t<div class=\"elementor-widget-container\">\n\t\t\t\t\t\t\t\t\t<div id=\"content\"><div id=\"content-core\"><div id=\"main\"><div id=\"main-core\"><article id=\"post-1136\" class=\"post-1136 page type-page status-publish hentry\"><h3><span style=\"color: #000000;\">\u00da\u010dast na mezin\u00e1rodn\u00edch kongresech s ultrazvukovou t\u00e9matikou:<\/span><\/h3><\/article><\/div><\/div><\/div><\/div><footer><div id=\"footer\"><div id=\"footer-core\" class=\"option5\"><div id=\"footer-col1\" class=\"widget-area one_fifth\"><span style=\"color: #000000;\">\u00a02008 -XXI European congress of Perinatal Medicine, Istanbul, Turkey<\/span><br \/><span style=\"color: #000000;\">\u2022 2010 \u2013 20th World Congress in Ultrasound in Obstetric and Gynecology,<\/span><br \/><span style=\"color: #000000;\">ISUOG, Prague (20. Mezin\u00e1rodn\u00ed ultrazvukov\u00fd kongres v gynekologii a<\/span><br \/><span style=\"color: #000000;\">porodnictv\u00ed), Praha<\/span><br \/><span style=\"color: #000000;\">\u2022 2012 \u2013 22th World Congress in Ultrasound in Obstetric and Gynecology,<\/span><br \/><span style=\"color: #000000;\">ISUOG, Copenhagen, Denmark (22. Mezin\u00e1rodn\u00ed ultrazvukov\u00fd kongres v<\/span><br \/><span style=\"color: #000000;\">gynekologii a porodnictv\u00ed), Koda\u0148, D\u00e1nsko<\/span><br \/><span style=\"color: #000000;\">\u2022 2014 \u2013 24th World Congress in Ultrasound in Obstetric and Gynecology,<\/span><br \/><span style=\"color: #000000;\">ISUOG, Barcelona, Spain (22. Mezin\u00e1rodn\u00ed ultrazvukov\u00fd kongres v gynekologii a<\/span><br \/><span style=\"color: #000000;\">porodnictv\u00ed), Barcelona, \u0160pan\u011blsko<\/span><br \/><span style=\"color: #000000;\">\u2022 2016 \u2013 15th World Congres in Fetal Medicine, FMF, Mallorca, Spain<\/span><br \/><span style=\"color: #000000;\">(15.Mezin\u00e1rodn\u00ed kongres Fet\u00e1ln\u00ed medic\u00edny), Mallorka, \u0160pan\u011blsko<\/span><br \/><span style=\"color: #000000;\">\u2022 2017 \u2013 16th World Congres in Fetal Medicine, FMF, Ljubljana, Slovenija<\/span><br \/><span style=\"color: #000000;\">(16.Mezin\u00e1rodn\u00ed kongres Fet\u00e1ln\u00ed medic\u00edny), Ljubla\u0148, Slovinsko<\/span><\/div><div class=\"widget-area one_fifth\"><span style=\"color: #000000;\">\u00a02022 \u2013 19th World Congres in Fetal Medicine, FMF, Crete, Greece<\/span><br \/><span style=\"color: #000000;\">(19. Mezin\u00e1rodn\u00ed kongres Fet\u00e1ln\u00ed medic\u00edny), Kr\u00e9ta, \u0158ecko<\/span><br \/><span style=\"color: #000000;\">\u00a02024 \u2013 21th World Congres in Fetal Medicine, FMF, Lisabon, Portugal<\/span><br \/><span style=\"color: #000000;\">(21.Mezin\u00e1rodn\u00ed kongres Fet\u00e1ln\u00ed medic\u00edny), Lisabon, Portugalsko<\/span><\/div><\/div><\/div><\/footer>\t\t\t\t\t\t\t\t<\/div>\n\t\t\t\t<\/div>\n\t\t\t\t<\/div>\n\t\t\t\t\t<\/div>\n\t\t\t\t<\/div>\n\t\t\t\t<\/div>\n\t\t","protected":false},"excerpt":{"rendered":"<p>MUDr. \u0160\u00e1rka Pavkov\u00e1 Ph.D. MUDr. \u0160\u00e1rka Pavkov\u00e1 Ph.D. \u2013 vedouc\u00ed l\u00e9ka\u0159ka \u2013\u00a0Centrum prenat\u00e1ln\u00ed diagnostiky Znojmo\u00a0a\u00a0Centrum gynekologick\u00e9 p\u00e9\u010de Vzd\u011bl\u00e1n\u00ed: 1994 \u2013 [&hellip;]<\/p>\n","protected":false},"author":4,"featured_media":0,"parent":0,"menu_order":0,"comment_status":"closed","ping_status":"closed","template":"","meta":{"site-sidebar-layout":"no-sidebar","site-content-layout":"","ast-site-content-layout":"full-width-container","site-content-style":"default","site-sidebar-style":"default","ast-global-header-display":"","ast-banner-title-visibility":"","ast-main-header-display":"","ast-hfb-above-header-display":"","ast-hfb-below-header-display":"","ast-hfb-mobile-header-display":"","site-post-title":"disabled","ast-breadcrumbs-content":"","ast-featured-img":"disabled","footer-sml-layout":"","theme-transparent-header-meta":"","adv-header-id-meta":"","stick-header-meta":"","header-above-stick-meta":"","header-main-stick-meta":"","header-below-stick-meta":"","astra-migrate-meta-layouts":"default","ast-page-background-enabled":"default","ast-page-background-meta":{"desktop":{"background-color":"var(--ast-global-color-4)","background-image":"","background-repeat":"repeat","background-position":"center center","background-size":"auto","background-attachment":"scroll","background-type":"","background-media":"","overlay-type":"","overlay-color":"","overlay-opacity":"","overlay-gradient":""},"tablet":{"background-color":"","background-image":"","background-repeat":"repeat","background-position":"center center","background-size":"auto","background-attachment":"scroll","background-type":"","background-media":"","overlay-type":"","overlay-color":"","overlay-opacity":"","overlay-gradient":""},"mobile":{"background-color":"","background-image":"","background-repeat":"repeat","background-position":"center center","background-size":"auto","background-attachment":"scroll","background-type":"","background-media":"","overlay-type":"","overlay-color":"","overlay-opacity":"","overlay-gradient":""}},"ast-content-background-meta":{"desktop":{"background-color":"var(--ast-global-color-5)","background-image":"","background-repeat":"repeat","background-position":"center center","background-size":"auto","background-attachment":"scroll","background-type":"","background-media":"","overlay-type":"","overlay-color":"","overlay-opacity":"","overlay-gradient":""},"tablet":{"background-color":"var(--ast-global-color-5)","background-image":"","background-repeat":"repeat","background-position":"center center","background-size":"auto","background-attachment":"scroll","background-type":"","background-media":"","overlay-type":"","overlay-color":"","overlay-opacity":"","overlay-gradient":""},"mobile":{"background-color":"var(--ast-global-color-5)","background-image":"","background-repeat":"repeat","background-position":"center center","background-size":"auto","background-attachment":"scroll","background-type":"","background-media":"","overlay-type":"","overlay-color":"","overlay-opacity":"","overlay-gradient":""}},"footnotes":""},"class_list":["post-1194","page","type-page","status-publish","hentry"],"_links":{"self":[{"href":"https:\/\/www.znojmo-prenatal.cz\/index.php\/wp-json\/wp\/v2\/pages\/1194","targetHints":{"allow":["GET"]}}],"collection":[{"href":"https:\/\/www.znojmo-prenatal.cz\/index.php\/wp-json\/wp\/v2\/pages"}],"about":[{"href":"https:\/\/www.znojmo-prenatal.cz\/index.php\/wp-json\/wp\/v2\/types\/page"}],"author":[{"embeddable":true,"href":"https:\/\/www.znojmo-prenatal.cz\/index.php\/wp-json\/wp\/v2\/users\/4"}],"replies":[{"embeddable":true,"href":"https:\/\/www.znojmo-prenatal.cz\/index.php\/wp-json\/wp\/v2\/comments?post=1194"}],"version-history":[{"count":28,"href":"https:\/\/www.znojmo-prenatal.cz\/index.php\/wp-json\/wp\/v2\/pages\/1194\/revisions"}],"predecessor-version":[{"id":2952,"href":"https:\/\/www.znojmo-prenatal.cz\/index.php\/wp-json\/wp\/v2\/pages\/1194\/revisions\/2952"}],"wp:attachment":[{"href":"https:\/\/www.znojmo-prenatal.cz\/index.php\/wp-json\/wp\/v2\/media?parent=1194"}],"curies":[{"name":"wp","href":"https:\/\/api.w.org\/{rel}","templated":true}]}}