{"id":1081,"date":"2024-10-15T15:52:10","date_gmt":"2024-10-15T15:52:10","guid":{"rendered":"https:\/\/www.tepedesign.cz\/?page_id=1081"},"modified":"2026-03-10T18:04:47","modified_gmt":"2026-03-10T18:04:47","slug":"kontakty-uzv","status":"publish","type":"page","link":"https:\/\/www.znojmo-prenatal.cz\/index.php\/kontakty-uzv\/","title":{"rendered":"kontakty-uzv"},"content":{"rendered":"\t\t<div data-elementor-type=\"wp-page\" data-elementor-id=\"1081\" class=\"elementor elementor-1081\">\n\t\t\t\t<div class=\"elementor-element elementor-element-b6aad7b e-flex e-con-boxed e-con e-parent\" data-id=\"b6aad7b\" data-element_type=\"container\" data-e-type=\"container\">\n\t\t\t\t\t<div class=\"e-con-inner\">\n\t\t\t\t<div class=\"elementor-element elementor-element-21dbb0e elementor-widget elementor-widget-spacer\" data-id=\"21dbb0e\" data-element_type=\"widget\" data-e-type=\"widget\" data-widget_type=\"spacer.default\">\n\t\t\t\t<div class=\"elementor-widget-container\">\n\t\t\t\t\t\t\t<div class=\"elementor-spacer\">\n\t\t\t<div class=\"elementor-spacer-inner\"><\/div>\n\t\t<\/div>\n\t\t\t\t\t\t<\/div>\n\t\t\t\t<\/div>\n\t\t\t\t<div class=\"elementor-element elementor-element-6f2aaff elementor-widget elementor-widget-spacer\" data-id=\"6f2aaff\" data-element_type=\"widget\" data-e-type=\"widget\" data-widget_type=\"spacer.default\">\n\t\t\t\t<div class=\"elementor-widget-container\">\n\t\t\t\t\t\t\t<div class=\"elementor-spacer\">\n\t\t\t<div class=\"elementor-spacer-inner\"><\/div>\n\t\t<\/div>\n\t\t\t\t\t\t<\/div>\n\t\t\t\t<\/div>\n\t\t\t\t<div class=\"elementor-element elementor-element-5c5d1c2 elementor-widget elementor-widget-spacer\" data-id=\"5c5d1c2\" data-element_type=\"widget\" data-e-type=\"widget\" data-widget_type=\"spacer.default\">\n\t\t\t\t<div class=\"elementor-widget-container\">\n\t\t\t\t\t\t\t<div class=\"elementor-spacer\">\n\t\t\t<div class=\"elementor-spacer-inner\"><\/div>\n\t\t<\/div>\n\t\t\t\t\t\t<\/div>\n\t\t\t\t<\/div>\n\t\t\t\t<div class=\"elementor-element elementor-element-4adb70f elementor-widget elementor-widget-heading\" data-id=\"4adb70f\" data-element_type=\"widget\" data-e-type=\"widget\" data-widget_type=\"heading.default\">\n\t\t\t\t<div class=\"elementor-widget-container\">\n\t\t\t\t\t<h2 class=\"elementor-heading-title elementor-size-default\">Kontakty<\/h2>\t\t\t\t<\/div>\n\t\t\t\t<\/div>\n\t\t\t\t<div class=\"elementor-element elementor-element-47d996a elementor-widget-divider--view-line elementor-widget elementor-widget-divider\" data-id=\"47d996a\" data-element_type=\"widget\" data-e-type=\"widget\" data-widget_type=\"divider.default\">\n\t\t\t\t<div class=\"elementor-widget-container\">\n\t\t\t\t\t\t\t<div class=\"elementor-divider\">\n\t\t\t<span class=\"elementor-divider-separator\">\n\t\t\t\t\t\t<\/span>\n\t\t<\/div>\n\t\t\t\t\t\t<\/div>\n\t\t\t\t<\/div>\n\t\t\t\t<div class=\"elementor-element elementor-element-fc3489e elementor-widget elementor-widget-spacer\" data-id=\"fc3489e\" data-element_type=\"widget\" data-e-type=\"widget\" data-widget_type=\"spacer.default\">\n\t\t\t\t<div class=\"elementor-widget-container\">\n\t\t\t\t\t\t\t<div class=\"elementor-spacer\">\n\t\t\t<div class=\"elementor-spacer-inner\"><\/div>\n\t\t<\/div>\n\t\t\t\t\t\t<\/div>\n\t\t\t\t<\/div>\n\t\t\t\t\t<\/div>\n\t\t\t\t<\/div>\n\t\t<div class=\"elementor-element elementor-element-5d0fa59 e-con-full e-flex e-con e-child\" data-id=\"5d0fa59\" data-element_type=\"container\" data-e-type=\"container\">\n\t\t\t\t<div class=\"elementor-element elementor-element-c5d1ce1 elementor-widget elementor-widget-text-editor\" data-id=\"c5d1ce1\" data-element_type=\"widget\" data-e-type=\"widget\" data-widget_type=\"text-editor.default\">\n\t\t\t\t<div class=\"elementor-widget-container\">\n\t\t\t\t\t\t\t\t\t<h2><strong>Centrum gynekologick\u00e9 p\u00e9\u010de Znojmo<\/strong>\u00a0<strong>s.r.o<\/strong><\/h2><h2><strong>Centrum prenat\u00e1ln\u00ed diagnostiky s.r.o.<\/strong><\/h2><h3><strong><img decoding=\"async\" src=\"data:image\/png;base64,iVBORw0KGgoAAAANSUhEUgAAABgAAAAYCAYAAADgdz34AAAACXBIWXMAAAsTAAALEwEAmpwYAAAA6UlEQVR4nOWUPQrCQBCFv0sYbNVO7FVQT6GVhXfR3EGiBxAsBQuvIKLewVbxtxEhEWGFEMa4m01A8INXzex7E4YJ\/AMO4AIb4Ka0BgaqZkUHuADBB71qbRtzP8b8LT9JiPNl8iCiM5AzCXAFkyPgKZ2Eet8kYCuYF0L1ohDyWrw218jjodDjCQvXJjqdJ\/SMha\/UZiU8LobqJWGIpe2ST8BIyXrJFc0bCEK3UMaQhUHAnARUDS65TkKmGgETLMgDhxjzveqxohcT0CUl5oL5jBRxgF3IfGf699ShBtyBB9AgI1pAMyvz3+QJEhun0b2+5ZgAAAAASUVORK5CYII=\" \/> <\/strong>Jana Palacha 11 &#8211; 669\u00a0 02 Znojmo<\/h3><h4><strong><img decoding=\"async\" class=\"\" src=\"data:image\/png;base64,iVBORw0KGgoAAAANSUhEUgAAAB4AAAAeCAYAAAA7MK6iAAAACXBIWXMAAAsTAAALEwEAmpwYAAABIElEQVR4nO3VwSoFURwH4A+h2FAUz3ElS0l5CgsWNrJjKxs2XoDuAygegFhZiMJKdq4dC5KUhY2uTo263c4dZM50F\/dXv83M1NfMnPM\/dNIGWcQdrjBaFrqFekOrZaBzTWjoJyqp4ZMIHHqGrpTwWws4dD4l\/JIDP2AwFXyRA4dOpoLXctBb9KaCx\/HeAp6ROBsRNAyS5BnEfRP8hOEy8Al8NOGn6C8DX4l88r3Ug+Q7uxF8WwnpwUEE38nuNSZstSkMFIX34TCCH2Eoe2YaN9n1Ryyhu6iVfhzBn3Gdc7BUinrz\/R9GauxIrWLkv3hP9n\/rf+ylgrIc2ed5rSl4yNR+CS8oOGHRreccLKGbEmYMqzjP5vprtt1mU6KdtG++AA\/oqGgeE678AAAAAElFTkSuQmCC\" width=\"25\" height=\"25\" \/> +420 722 984 959<\/strong><\/h4><h4><strong><a href=\"mailto:info@znojmo-prenatal.cz\"><img decoding=\"async\" src=\"data:image\/png;base64,iVBORw0KGgoAAAANSUhEUgAAABgAAAAYCAYAAADgdz34AAAACXBIWXMAAAsTAAALEwEAmpwYAAAA5ElEQVR4nO3TvUpDQRAF4M+gVYhgpyAIlha29hZpJNr4DBZaWOYhUplHsEwbfQCrtCkDFsHCUlTQRsWEwAgL3vyZBEXugWWZnZlzmJkdcvwl9OZ8vqExR\/IrQ3CA7gzE9zgeRr4WdxE1vE9B\/IE6VoOjlCXwgBMshb2L1gTkbewlPBXcZQl8JdxgJ94KIfqcQfyKKpYjdhvXo4acJr\/hIto1wAYuE38TW+FbwTlexv2irPJvUU5iDnGU2PvoTPpNR\/W5ic0kdj0q+pxmD8YN8wlnOMXjTxZt4ZvcywX8+xbl+B30AZBfEM6vEs7wAAAAAElFTkSuQmCC\" \/> <\/a><\/strong><strong>info@znojmo-prenatal.cz\u00a0<\/strong><\/h4>\t\t\t\t\t\t\t\t<\/div>\n\t\t\t\t<\/div>\n\t\t\t\t<\/div>\n\t\t\t\t<\/div>\n\t\t","protected":false},"excerpt":{"rendered":"<p>Kontakty Centrum gynekologick\u00e9 p\u00e9\u010de Znojmo\u00a0s.r.o Centrum prenat\u00e1ln\u00ed diagnostiky s.r.o. Jana Palacha 11 &#8211; 669\u00a0 02 Znojmo +420 722 984 959 [&hellip;]<\/p>\n","protected":false},"author":4,"featured_media":0,"parent":0,"menu_order":0,"comment_status":"closed","ping_status":"closed","template":"","meta":{"site-sidebar-layout":"no-sidebar","site-content-layout":"","ast-site-content-layout":"full-width-container","site-content-style":"default","site-sidebar-style":"default","ast-global-header-display":"","ast-banner-title-visibility":"","ast-main-header-display":"","ast-hfb-above-header-display":"","ast-hfb-below-header-display":"","ast-hfb-mobile-header-display":"","site-post-title":"disabled","ast-breadcrumbs-content":"","ast-featured-img":"disabled","footer-sml-layout":"","theme-transparent-header-meta":"","adv-header-id-meta":"","stick-header-meta":"","header-above-stick-meta":"","header-main-stick-meta":"","header-below-stick-meta":"","astra-migrate-meta-layouts":"default","ast-page-background-enabled":"default","ast-page-background-meta":{"desktop":{"background-color":"var(--ast-global-color-4)","background-image":"","background-repeat":"repeat","background-position":"center center","background-size":"auto","background-attachment":"scroll","background-type":"","background-media":"","overlay-type":"","overlay-color":"","overlay-opacity":"","overlay-gradient":""},"tablet":{"background-color":"","background-image":"","background-repeat":"repeat","background-position":"center center","background-size":"auto","background-attachment":"scroll","background-type":"","background-media":"","overlay-type":"","overlay-color":"","overlay-opacity":"","overlay-gradient":""},"mobile":{"background-color":"","background-image":"","background-repeat":"repeat","background-position":"center center","background-size":"auto","background-attachment":"scroll","background-type":"","background-media":"","overlay-type":"","overlay-color":"","overlay-opacity":"","overlay-gradient":""}},"ast-content-background-meta":{"desktop":{"background-color":"var(--ast-global-color-5)","background-image":"","background-repeat":"repeat","background-position":"center center","background-size":"auto","background-attachment":"scroll","background-type":"","background-media":"","overlay-type":"","overlay-color":"","overlay-opacity":"","overlay-gradient":""},"tablet":{"background-color":"var(--ast-global-color-5)","background-image":"","background-repeat":"repeat","background-position":"center center","background-size":"auto","background-attachment":"scroll","background-type":"","background-media":"","overlay-type":"","overlay-color":"","overlay-opacity":"","overlay-gradient":""},"mobile":{"background-color":"var(--ast-global-color-5)","background-image":"","background-repeat":"repeat","background-position":"center center","background-size":"auto","background-attachment":"scroll","background-type":"","background-media":"","overlay-type":"","overlay-color":"","overlay-opacity":"","overlay-gradient":""}},"footnotes":""},"class_list":["post-1081","page","type-page","status-publish","hentry"],"_links":{"self":[{"href":"https:\/\/www.znojmo-prenatal.cz\/index.php\/wp-json\/wp\/v2\/pages\/1081","targetHints":{"allow":["GET"]}}],"collection":[{"href":"https:\/\/www.znojmo-prenatal.cz\/index.php\/wp-json\/wp\/v2\/pages"}],"about":[{"href":"https:\/\/www.znojmo-prenatal.cz\/index.php\/wp-json\/wp\/v2\/types\/page"}],"author":[{"embeddable":true,"href":"https:\/\/www.znojmo-prenatal.cz\/index.php\/wp-json\/wp\/v2\/users\/4"}],"replies":[{"embeddable":true,"href":"https:\/\/www.znojmo-prenatal.cz\/index.php\/wp-json\/wp\/v2\/comments?post=1081"}],"version-history":[{"count":11,"href":"https:\/\/www.znojmo-prenatal.cz\/index.php\/wp-json\/wp\/v2\/pages\/1081\/revisions"}],"predecessor-version":[{"id":3264,"href":"https:\/\/www.znojmo-prenatal.cz\/index.php\/wp-json\/wp\/v2\/pages\/1081\/revisions\/3264"}],"wp:attachment":[{"href":"https:\/\/www.znojmo-prenatal.cz\/index.php\/wp-json\/wp\/v2\/media?parent=1081"}],"curies":[{"name":"wp","href":"https:\/\/api.w.org\/{rel}","templated":true}]}}